{"id":7101,"date":"2022-01-18T10:43:56","date_gmt":"2022-01-18T10:43:56","guid":{"rendered":"http:\/\/lipro.razvija.se\/product\/pribor\/"},"modified":"2022-10-17T10:27:40","modified_gmt":"2022-10-17T10:27:40","slug":"accessoires","status":"publish","type":"product","link":"https:\/\/lipro.pro\/fr\/product\/accessoires\/","title":{"rendered":"Accessoires"},"content":{"rendered":"<p>Les convoyeurs peuvent \u00eatre command\u00e9s ou \u00e9quip\u00e9s ult\u00e9rieurement de divers accessoires, tels que: base, axes de support suppl\u00e9mentaires, c\u00f4t\u00e9s r\u00e9glables, verrous d\u2019extr\u00e9mit\u00e9, porte-capteurs, bacs de formes sp\u00e9ciales, guides de pi\u00e8ces &#8230;<\/p>\n","protected":false},"excerpt":{"rendered":"<p>Les convoyeurs peuvent \u00eatre command\u00e9s ou \u00e9quip\u00e9s ult\u00e9rieurement de divers accessoires, tels que: base, axes de support suppl\u00e9mentaires, c\u00f4t\u00e9s r\u00e9glables, verrous d\u2019extr\u00e9mit\u00e9, porte-capteurs, bacs de formes sp\u00e9ciales, guides de pi\u00e8ces &#8230;<\/p>\n","protected":false},"featured_media":9513,"parent":0,"template":"","product_category":[111],"class_list":["post-7101","product","type-product","status-publish","has-post-thumbnail","hentry","product_category-transporteurs"],"acf":[],"_links":{"self":[{"href":"https:\/\/lipro.pro\/fr\/wp-json\/wp\/v2\/product\/7101","targetHints":{"allow":["GET"]}}],"collection":[{"href":"https:\/\/lipro.pro\/fr\/wp-json\/wp\/v2\/product"}],"about":[{"href":"https:\/\/lipro.pro\/fr\/wp-json\/wp\/v2\/types\/product"}],"wp:featuredmedia":[{"embeddable":true,"href":"https:\/\/lipro.pro\/fr\/wp-json\/wp\/v2\/media\/9513"}],"wp:attachment":[{"href":"https:\/\/lipro.pro\/fr\/wp-json\/wp\/v2\/media?parent=7101"}],"wp:term":[{"taxonomy":"product_category","embeddable":true,"href":"https:\/\/lipro.pro\/fr\/wp-json\/wp\/v2\/product_category?post=7101"}],"curies":[{"name":"wp","href":"https:\/\/api.w.org\/{rel}","templated":true}]}}