{"id":7095,"date":"2022-01-18T10:42:28","date_gmt":"2022-01-18T10:42:28","guid":{"rendered":"http:\/\/lipro.razvija.se\/product\/tbs\/"},"modified":"2024-10-10T10:18:32","modified_gmt":"2024-10-10T10:18:32","slug":"tbs","status":"publish","type":"product","link":"https:\/\/lipro.pro\/fr\/product\/tbs\/","title":{"rendered":"TBS"},"content":{"rendered":"<p>Les convoyeurs de la famille TBS sont des convoyeurs sp\u00e9ciaux que nous d\u00e9veloppons en collaboration avec le client en fonction des besoins sp\u00e9cifiques (forme bris\u00e9e du convoyeur, forme sp\u00e9ciale de la cargaison, itin\u00e9raire de transport sp\u00e9cifique, etc.).<\/p>\n","protected":false},"excerpt":{"rendered":"<p>Les convoyeurs de la famille TBS sont des convoyeurs sp\u00e9ciaux que nous d\u00e9veloppons en collaboration avec le client en fonction des besoins sp\u00e9cifiques (forme bris\u00e9e du convoyeur, forme sp\u00e9ciale de la cargaison, itin\u00e9raire de transport sp\u00e9cifique, etc.).<\/p>\n","protected":false},"featured_media":9710,"parent":0,"template":"","product_category":[111],"class_list":["post-7095","product","type-product","status-publish","has-post-thumbnail","hentry","product_category-transporteurs"],"acf":[],"_links":{"self":[{"href":"https:\/\/lipro.pro\/fr\/wp-json\/wp\/v2\/product\/7095","targetHints":{"allow":["GET"]}}],"collection":[{"href":"https:\/\/lipro.pro\/fr\/wp-json\/wp\/v2\/product"}],"about":[{"href":"https:\/\/lipro.pro\/fr\/wp-json\/wp\/v2\/types\/product"}],"wp:featuredmedia":[{"embeddable":true,"href":"https:\/\/lipro.pro\/fr\/wp-json\/wp\/v2\/media\/9710"}],"wp:attachment":[{"href":"https:\/\/lipro.pro\/fr\/wp-json\/wp\/v2\/media?parent=7095"}],"wp:term":[{"taxonomy":"product_category","embeddable":true,"href":"https:\/\/lipro.pro\/fr\/wp-json\/wp\/v2\/product_category?post=7095"}],"curies":[{"name":"wp","href":"https:\/\/api.w.org\/{rel}","templated":true}]}}