{"id":7011,"date":"2022-01-18T13:43:27","date_gmt":"2022-01-18T13:43:27","guid":{"rendered":"http:\/\/lipro.razvija.se\/product\/valjcne-proge\/"},"modified":"2022-08-30T14:20:43","modified_gmt":"2022-08-30T14:20:43","slug":"lignes-a-rouleaux","status":"publish","type":"product","link":"https:\/\/lipro.pro\/fr\/product\/lignes-a-rouleaux\/","title":{"rendered":"Lignes \u00e0 rouleaux"},"content":{"rendered":"<p>Fabriqu\u00e9 \u00e0 partir de profil\u00e9s AL ou Tuyaux AL.<\/p>\n<p>C&rsquo;est un syst\u00e8me qui peut \u00eatre utilis\u00e9 pour assembler des racks FIFO et peut \u00eatre utilis\u00e9 dans un syst\u00e8me kanban.<\/p>\n","protected":false},"excerpt":{"rendered":"<p>Fabriqu\u00e9 \u00e0 partir de profil\u00e9s AL ou Tuyaux AL.<\/p>\n<p>C&rsquo;est un syst\u00e8me qui peut \u00eatre utilis\u00e9 pour assembler des racks FIFO et peut \u00eatre utilis\u00e9 dans un syst\u00e8me kanban.<\/p>\n","protected":false},"featured_media":4901,"parent":0,"template":"","product_category":[104],"class_list":["post-7011","product","type-product","status-publish","has-post-thumbnail","hentry","product_category-systemes-modulaires"],"acf":[],"_links":{"self":[{"href":"https:\/\/lipro.pro\/fr\/wp-json\/wp\/v2\/product\/7011","targetHints":{"allow":["GET"]}}],"collection":[{"href":"https:\/\/lipro.pro\/fr\/wp-json\/wp\/v2\/product"}],"about":[{"href":"https:\/\/lipro.pro\/fr\/wp-json\/wp\/v2\/types\/product"}],"wp:featuredmedia":[{"embeddable":true,"href":"https:\/\/lipro.pro\/fr\/wp-json\/wp\/v2\/media\/4901"}],"wp:attachment":[{"href":"https:\/\/lipro.pro\/fr\/wp-json\/wp\/v2\/media?parent=7011"}],"wp:term":[{"taxonomy":"product_category","embeddable":true,"href":"https:\/\/lipro.pro\/fr\/wp-json\/wp\/v2\/product_category?post=7011"}],"curies":[{"name":"wp","href":"https:\/\/api.w.org\/{rel}","templated":true}]}}