{"id":6999,"date":"2022-01-18T13:41:54","date_gmt":"2022-01-18T13:41:54","guid":{"rendered":"http:\/\/lipro.razvija.se\/product\/zascite\/"},"modified":"2022-10-19T06:00:59","modified_gmt":"2022-10-19T06:00:59","slug":"protections","status":"publish","type":"product","link":"https:\/\/lipro.pro\/fr\/product\/protections\/","title":{"rendered":"Protections"},"content":{"rendered":"<p>Fabriqu\u00e9s \u00e0 partir de profil\u00e9s AL, elles sont la meilleure solution pour s\u00e9curiser un processus de travail sp\u00e9cifique.<\/p>\n<p>Nous utilisons g\u00e9n\u00e9ralement des treillis galvanis\u00e9s ou peints comme remplissage, mais d&rsquo;autres remplissages sont \u00e9galement disponibles sur demande.<\/p>\n","protected":false},"excerpt":{"rendered":"<p>Fabriqu\u00e9s \u00e0 partir de profil\u00e9s AL, elles sont la meilleure solution pour s\u00e9curiser un processus de travail sp\u00e9cifique.<\/p>\n<p>Nous utilisons g\u00e9n\u00e9ralement des treillis galvanis\u00e9s ou peints comme remplissage, mais d&rsquo;autres remplissages sont \u00e9galement disponibles sur demande.<\/p>\n","protected":false},"featured_media":9432,"parent":0,"template":"","product_category":[104],"class_list":["post-6999","product","type-product","status-publish","has-post-thumbnail","hentry","product_category-systemes-modulaires"],"acf":[],"_links":{"self":[{"href":"https:\/\/lipro.pro\/fr\/wp-json\/wp\/v2\/product\/6999","targetHints":{"allow":["GET"]}}],"collection":[{"href":"https:\/\/lipro.pro\/fr\/wp-json\/wp\/v2\/product"}],"about":[{"href":"https:\/\/lipro.pro\/fr\/wp-json\/wp\/v2\/types\/product"}],"wp:featuredmedia":[{"embeddable":true,"href":"https:\/\/lipro.pro\/fr\/wp-json\/wp\/v2\/media\/9432"}],"wp:attachment":[{"href":"https:\/\/lipro.pro\/fr\/wp-json\/wp\/v2\/media?parent=6999"}],"wp:term":[{"taxonomy":"product_category","embeddable":true,"href":"https:\/\/lipro.pro\/fr\/wp-json\/wp\/v2\/product_category?post=6999"}],"curies":[{"name":"wp","href":"https:\/\/api.w.org\/{rel}","templated":true}]}}