{"id":6987,"date":"2022-01-18T13:39:44","date_gmt":"2022-01-18T13:39:44","guid":{"rendered":"http:\/\/lipro.razvija.se\/product\/konstrukcije\/"},"modified":"2022-08-30T14:19:33","modified_gmt":"2022-08-30T14:19:33","slug":"constructions","status":"publish","type":"product","link":"https:\/\/lipro.pro\/fr\/product\/constructions\/","title":{"rendered":"Constructions"},"content":{"rendered":"<p>Les constructions diff\u00e8rent par le but, l&rsquo;ex\u00e9cution et le choix des profils eux-m\u00eames, car certains profils diff\u00e9rents peuvent \u00eatre assembl\u00e9s en compositions simples ou plus complexes.<\/p>\n","protected":false},"excerpt":{"rendered":"<p>Les constructions diff\u00e8rent par le but, l&rsquo;ex\u00e9cution et le choix des profils eux-m\u00eames, car certains profils diff\u00e9rents peuvent \u00eatre assembl\u00e9s en compositions simples ou plus complexes.<\/p>\n","protected":false},"featured_media":4989,"parent":0,"template":"","product_category":[104],"class_list":["post-6987","product","type-product","status-publish","has-post-thumbnail","hentry","product_category-systemes-modulaires"],"acf":[],"_links":{"self":[{"href":"https:\/\/lipro.pro\/fr\/wp-json\/wp\/v2\/product\/6987","targetHints":{"allow":["GET"]}}],"collection":[{"href":"https:\/\/lipro.pro\/fr\/wp-json\/wp\/v2\/product"}],"about":[{"href":"https:\/\/lipro.pro\/fr\/wp-json\/wp\/v2\/types\/product"}],"wp:featuredmedia":[{"embeddable":true,"href":"https:\/\/lipro.pro\/fr\/wp-json\/wp\/v2\/media\/4989"}],"wp:attachment":[{"href":"https:\/\/lipro.pro\/fr\/wp-json\/wp\/v2\/media?parent=6987"}],"wp:term":[{"taxonomy":"product_category","embeddable":true,"href":"https:\/\/lipro.pro\/fr\/wp-json\/wp\/v2\/product_category?post=6987"}],"curies":[{"name":"wp","href":"https:\/\/api.w.org\/{rel}","templated":true}]}}