{"id":6981,"date":"2022-01-18T13:38:20","date_gmt":"2022-01-18T13:38:20","guid":{"rendered":"http:\/\/lipro.razvija.se\/product\/delovna-mesta\/"},"modified":"2022-10-19T05:55:47","modified_gmt":"2022-10-19T05:55:47","slug":"postes-de-travail","status":"publish","type":"product","link":"https:\/\/lipro.pro\/fr\/product\/postes-de-travail\/","title":{"rendered":"Postes de travail"},"content":{"rendered":"<p>Les postes de travail sont adapt\u00e9s aux exigences du client.<\/p>\n<p>Habituellement, les postes de travail sont \u00e9quip\u00e9s d&rsquo;un comptoir, d&rsquo;une lumi\u00e8re et d&rsquo;un interrupteur.<\/p>\n<p>On peut en plus ajouter des \u00e9tag\u00e8res, des tiroirs et divers garnissages&#8230;<\/p>\n","protected":false},"excerpt":{"rendered":"<p>Les postes de travail sont adapt\u00e9s aux exigences du client.<\/p>\n<p>Habituellement, les postes de travail sont \u00e9quip\u00e9s d&rsquo;un comptoir, d&rsquo;une lumi\u00e8re et d&rsquo;un interrupteur.<\/p>\n<p>On peut en plus ajouter des \u00e9tag\u00e8res, des tiroirs et divers garnissages&#8230;<\/p>\n","protected":false},"featured_media":9400,"parent":0,"template":"","product_category":[104],"class_list":["post-6981","product","type-product","status-publish","has-post-thumbnail","hentry","product_category-systemes-modulaires"],"acf":[],"_links":{"self":[{"href":"https:\/\/lipro.pro\/fr\/wp-json\/wp\/v2\/product\/6981","targetHints":{"allow":["GET"]}}],"collection":[{"href":"https:\/\/lipro.pro\/fr\/wp-json\/wp\/v2\/product"}],"about":[{"href":"https:\/\/lipro.pro\/fr\/wp-json\/wp\/v2\/types\/product"}],"wp:featuredmedia":[{"embeddable":true,"href":"https:\/\/lipro.pro\/fr\/wp-json\/wp\/v2\/media\/9400"}],"wp:attachment":[{"href":"https:\/\/lipro.pro\/fr\/wp-json\/wp\/v2\/media?parent=6981"}],"wp:term":[{"taxonomy":"product_category","embeddable":true,"href":"https:\/\/lipro.pro\/fr\/wp-json\/wp\/v2\/product_category?post=6981"}],"curies":[{"name":"wp","href":"https:\/\/api.w.org\/{rel}","templated":true}]}}