{"id":6931,"date":"2022-05-18T07:01:55","date_gmt":"2022-05-18T07:01:55","guid":{"rendered":"http:\/\/lipro.razvija.se\/product\/psc-90\/"},"modified":"2025-03-25T12:48:47","modified_gmt":"2025-03-25T12:48:47","slug":"psc-90","status":"publish","type":"product","link":"https:\/\/lipro.pro\/fr\/product\/psc-90\/","title":{"rendered":"PSC\u201390"},"content":{"rendered":"<p>Le syst\u00e8me de palettes PSC-90 convient au transport de charges plus lourdes et plus volumineuses.<\/p>\n<p>Gr\u00e2ce \u00e0 la cha\u00eene d&rsquo;accumulation avec des rouleaux \u00e0 rotation libre, il est possible d&rsquo;atteindre des poids d&rsquo;accumulation et de transfert jusqu&rsquo;\u00e0 1500 kg ou 2 kg\/cm avec un module d&rsquo;entra\u00eenement.<\/p>\n<p><em>*Pour des conceptions sp\u00e9ciales, consulter notre service technique.<\/em><\/p>\n","protected":false},"excerpt":{"rendered":"<p>Le syst\u00e8me de palettes PSC-90 convient au transport de charges plus lourdes et plus volumineuses.<\/p>\n<p>Gr\u00e2ce \u00e0 la cha\u00eene d&rsquo;accumulation avec des rouleaux \u00e0 rotation libre, il est possible d&rsquo;atteindre des poids d&rsquo;accumulation et de transfert jusqu&rsquo;\u00e0 1500 kg ou 2 kg\/cm avec un module d&rsquo;entra\u00eenement.<\/p>\n<p>*Pour des conceptions sp\u00e9ciales, consulter notre service technique.<\/p>\n","protected":false},"featured_media":9026,"parent":0,"template":"","product_category":[97],"class_list":["post-6931","product","type-product","status-publish","has-post-thumbnail","hentry","product_category-systemes-de-transport"],"acf":[],"_links":{"self":[{"href":"https:\/\/lipro.pro\/fr\/wp-json\/wp\/v2\/product\/6931","targetHints":{"allow":["GET"]}}],"collection":[{"href":"https:\/\/lipro.pro\/fr\/wp-json\/wp\/v2\/product"}],"about":[{"href":"https:\/\/lipro.pro\/fr\/wp-json\/wp\/v2\/types\/product"}],"wp:featuredmedia":[{"embeddable":true,"href":"https:\/\/lipro.pro\/fr\/wp-json\/wp\/v2\/media\/9026"}],"wp:attachment":[{"href":"https:\/\/lipro.pro\/fr\/wp-json\/wp\/v2\/media?parent=6931"}],"wp:term":[{"taxonomy":"product_category","embeddable":true,"href":"https:\/\/lipro.pro\/fr\/wp-json\/wp\/v2\/product_category?post=6931"}],"curies":[{"name":"wp","href":"https:\/\/api.w.org\/{rel}","templated":true}]}}