{"id":10175,"date":"2022-10-05T07:06:07","date_gmt":"2022-10-05T07:06:07","guid":{"rendered":"https:\/\/lipro.pro\/product\/nosilna-ogrodja-in-distancniki\/"},"modified":"2024-11-19T10:38:38","modified_gmt":"2024-11-19T10:38:38","slug":"supports-de-montage-et-entretoises","status":"publish","type":"product","link":"https:\/\/lipro.pro\/fr\/product\/supports-de-montage-et-entretoises\/","title":{"rendered":"Supports de montage et entretoises"},"content":{"rendered":"<p><span lang=\"FR\">Les supports de montage sont con\u00e7us pour porter les voies de transport \u00e0 une certaine hauteur.\u00a0Les supports de montage sont plac\u00e9s uniform\u00e9ment sur toute la longueur de la voie de transport (g\u00e9n\u00e9ralement, une paire toutes les 2.000\u00a0mm).<\/span><\/p>\n<p><span lang=\"FR\">Les entretoises s\u2019utilisent pour relier les voies de transport, d\u00e9finissant ainsi la largeur totale du syst\u00e8me de palettes.<\/span><\/p>\n<p><span lang=\"FR\">*Pour des conceptions sp\u00e9ciales, consulter notre service technique.<\/span><\/p>\n","protected":false},"excerpt":{"rendered":"<p>Les supports de montage sont con\u00e7us pour porter les voies de transport \u00e0 une certaine hauteur.\u00a0Les supports de montage sont plac\u00e9s uniform\u00e9ment sur toute la longueur de la voie de transport (g\u00e9n\u00e9ralement, une paire toutes les 2.000\u00a0mm).<\/p>\n<p>Les entretoises s\u2019utilisent pour relier les voies de transport, d\u00e9finissant ainsi la largeur totale du syst\u00e8me de palettes.<\/p>\n<p>*Pour des conceptions sp\u00e9ciales, consulter notre service technique.<\/p>\n","protected":false},"featured_media":9059,"parent":0,"template":"","product_category":[97],"class_list":["post-10175","product","type-product","status-publish","has-post-thumbnail","hentry","product_category-systemes-de-transport"],"acf":[],"_links":{"self":[{"href":"https:\/\/lipro.pro\/fr\/wp-json\/wp\/v2\/product\/10175","targetHints":{"allow":["GET"]}}],"collection":[{"href":"https:\/\/lipro.pro\/fr\/wp-json\/wp\/v2\/product"}],"about":[{"href":"https:\/\/lipro.pro\/fr\/wp-json\/wp\/v2\/types\/product"}],"wp:featuredmedia":[{"embeddable":true,"href":"https:\/\/lipro.pro\/fr\/wp-json\/wp\/v2\/media\/9059"}],"wp:attachment":[{"href":"https:\/\/lipro.pro\/fr\/wp-json\/wp\/v2\/media?parent=10175"}],"wp:term":[{"taxonomy":"product_category","embeddable":true,"href":"https:\/\/lipro.pro\/fr\/wp-json\/wp\/v2\/product_category?post=10175"}],"curies":[{"name":"wp","href":"https:\/\/api.w.org\/{rel}","templated":true}]}}