{"id":10172,"date":"2022-10-05T06:57:43","date_gmt":"2022-10-05T06:57:43","guid":{"rendered":"https:\/\/lipro.pro\/product\/paleta\/"},"modified":"2024-11-28T07:59:01","modified_gmt":"2024-11-28T07:59:01","slug":"palette","status":"publish","type":"product","link":"https:\/\/lipro.pro\/fr\/product\/palette\/","title":{"rendered":"Palette"},"content":{"rendered":"<p><span lang=\"FR\">La palette s\u2019utilise pour transporter le morceau le long du syst\u00e8me de palettes en utilisant une courroie, une cha\u00eene ou une voie \u00e0 rouleaux.<\/span><\/p>\n<p><span lang=\"FR\">La palette dispose de paliers lisses int\u00e9gr\u00e9s permettant un centrage pr\u00e9cis sur les stations de centrage (+\/\u2013 0,1\u00a0mm).<\/span><\/p>\n<p><span lang=\"FR\">*Pour des conceptions sp\u00e9ciales, consulter notre service technique.<\/span><\/p>\n","protected":false},"excerpt":{"rendered":"<p>La palette s\u2019utilise pour transporter le morceau le long du syst\u00e8me de palettes en utilisant une courroie, une cha\u00eene ou une voie \u00e0 rouleaux.<\/p>\n<p>La palette dispose de paliers lisses int\u00e9gr\u00e9s permettant un centrage pr\u00e9cis sur les stations de centrage (+\/\u2013 0,1\u00a0mm).<\/p>\n<p>*Pour des conceptions sp\u00e9ciales, consulter notre service technique.<\/p>\n","protected":false},"featured_media":9051,"parent":0,"template":"","product_category":[97],"class_list":["post-10172","product","type-product","status-publish","has-post-thumbnail","hentry","product_category-systemes-de-transport"],"acf":[],"_links":{"self":[{"href":"https:\/\/lipro.pro\/fr\/wp-json\/wp\/v2\/product\/10172","targetHints":{"allow":["GET"]}}],"collection":[{"href":"https:\/\/lipro.pro\/fr\/wp-json\/wp\/v2\/product"}],"about":[{"href":"https:\/\/lipro.pro\/fr\/wp-json\/wp\/v2\/types\/product"}],"wp:featuredmedia":[{"embeddable":true,"href":"https:\/\/lipro.pro\/fr\/wp-json\/wp\/v2\/media\/9051"}],"wp:attachment":[{"href":"https:\/\/lipro.pro\/fr\/wp-json\/wp\/v2\/media?parent=10172"}],"wp:term":[{"taxonomy":"product_category","embeddable":true,"href":"https:\/\/lipro.pro\/fr\/wp-json\/wp\/v2\/product_category?post=10172"}],"curies":[{"name":"wp","href":"https:\/\/api.w.org\/{rel}","templated":true}]}}