{"id":10161,"date":"2022-10-05T06:45:59","date_gmt":"2022-10-05T06:45:59","guid":{"rendered":"https:\/\/lipro.pro\/product\/upravljalni-elementi\/"},"modified":"2023-03-15T12:46:12","modified_gmt":"2023-03-15T12:46:12","slug":"elements-de-gestion","status":"publish","type":"product","link":"https:\/\/lipro.pro\/fr\/product\/elements-de-gestion\/","title":{"rendered":"\u00c9l\u00e9ments de gestion"},"content":{"rendered":"<p><span lang=\"FR\">Les \u00e9l\u00e9ments de gestion s\u2019utilisent pour arr\u00eater, s\u00e9parer et localiser la palette sur le syst\u00e8me de palettes.<\/span><\/p>\n","protected":false},"excerpt":{"rendered":"<p>Les \u00e9l\u00e9ments de gestion s\u2019utilisent pour arr\u00eater, s\u00e9parer et localiser la palette sur le syst\u00e8me de palettes.<\/p>\n","protected":false},"featured_media":9010,"parent":0,"template":"","product_category":[97],"class_list":["post-10161","product","type-product","status-publish","has-post-thumbnail","hentry","product_category-systemes-de-transport"],"acf":[],"_links":{"self":[{"href":"https:\/\/lipro.pro\/fr\/wp-json\/wp\/v2\/product\/10161","targetHints":{"allow":["GET"]}}],"collection":[{"href":"https:\/\/lipro.pro\/fr\/wp-json\/wp\/v2\/product"}],"about":[{"href":"https:\/\/lipro.pro\/fr\/wp-json\/wp\/v2\/types\/product"}],"wp:featuredmedia":[{"embeddable":true,"href":"https:\/\/lipro.pro\/fr\/wp-json\/wp\/v2\/media\/9010"}],"wp:attachment":[{"href":"https:\/\/lipro.pro\/fr\/wp-json\/wp\/v2\/media?parent=10161"}],"wp:term":[{"taxonomy":"product_category","embeddable":true,"href":"https:\/\/lipro.pro\/fr\/wp-json\/wp\/v2\/product_category?post=10161"}],"curies":[{"name":"wp","href":"https:\/\/api.w.org\/{rel}","templated":true}]}}