{"id":10152,"date":"2022-10-05T06:13:03","date_gmt":"2022-10-05T06:13:03","guid":{"rendered":"https:\/\/lipro.pro\/product\/dvigala\/"},"modified":"2024-11-26T11:38:50","modified_gmt":"2024-11-26T11:38:50","slug":"monte-charges","status":"publish","type":"product","link":"https:\/\/lipro.pro\/fr\/product\/monte-charges\/","title":{"rendered":"Monte-charges"},"content":{"rendered":"<p><span lang=\"FR\">Les monte-charges sont utilis\u00e9s lorsque l\u2019on souhaite d\u00e9placer verticalement la palette d\u2019une voie de transport \u00e0 l\u2019autre. Il existe trois types de monte-charges\u00a0: le monte-charge pneumatique 17DP, le monte-charge \u00e9lectrique 17DE et le monte-charge \u00e0 mandrin 17DV.<\/span><\/p>\n<p><span lang=\"FR\">Tous les monte-charges peuvent \u00eatre utilis\u00e9s pour les mod\u00e8les PSC-90, PSB-60, PSB-90 et PSR-50\/60.<\/span><\/p>\n<p><span lang=\"FR\">*Pour des conceptions sp\u00e9ciales, consulter notre service technique.<\/span><\/p>\n","protected":false},"excerpt":{"rendered":"<p>Les monte-charges sont utilis\u00e9s lorsque l\u2019on souhaite d\u00e9placer verticalement la palette d\u2019une voie de transport \u00e0 l\u2019autre. Il existe trois types de monte-charges\u00a0: le monte-charge pneumatique 17DP, le monte-charge \u00e9lectrique 17DE et le monte-charge \u00e0 mandrin 17DV.<\/p>\n<p>Tous les monte-charges peuvent \u00eatre utilis\u00e9s pour les mod\u00e8les PSC90, PSB90 et PSR50\/60.<\/p>\n<p>*Pour des conceptions sp\u00e9ciales, consulter notre service technique.<\/p>\n","protected":false},"featured_media":9115,"parent":0,"template":"","product_category":[97],"class_list":["post-10152","product","type-product","status-publish","has-post-thumbnail","hentry","product_category-systemes-de-transport"],"acf":[],"_links":{"self":[{"href":"https:\/\/lipro.pro\/fr\/wp-json\/wp\/v2\/product\/10152","targetHints":{"allow":["GET"]}}],"collection":[{"href":"https:\/\/lipro.pro\/fr\/wp-json\/wp\/v2\/product"}],"about":[{"href":"https:\/\/lipro.pro\/fr\/wp-json\/wp\/v2\/types\/product"}],"wp:featuredmedia":[{"embeddable":true,"href":"https:\/\/lipro.pro\/fr\/wp-json\/wp\/v2\/media\/9115"}],"wp:attachment":[{"href":"https:\/\/lipro.pro\/fr\/wp-json\/wp\/v2\/media?parent=10152"}],"wp:term":[{"taxonomy":"product_category","embeddable":true,"href":"https:\/\/lipro.pro\/fr\/wp-json\/wp\/v2\/product_category?post=10152"}],"curies":[{"name":"wp","href":"https:\/\/api.w.org\/{rel}","templated":true}]}}