{"id":10149,"date":"2022-10-04T13:31:42","date_gmt":"2022-10-04T13:31:42","guid":{"rendered":"https:\/\/lipro.pro\/product\/precni-moduli\/"},"modified":"2023-06-07T11:35:02","modified_gmt":"2023-06-07T11:35:02","slug":"modules-transversaux","status":"publish","type":"product","link":"https:\/\/lipro.pro\/fr\/product\/modules-transversaux\/","title":{"rendered":"Modules transversaux"},"content":{"rendered":"<p><span lang=\"FR\">Les modules transversaux sont utilis\u00e9s lorsque l\u2019on souhaite d\u00e9placer la palette horizontalement de 90\u00a0\u00ba d\u2019une voie \u00e0 l\u2019autre. Tous les modules transversaux contiennent un cylindre pneumatique pour levage vertical, ainsi qu\u2019un moteur \u00e9lectrique qui entra\u00eene la cha\u00eene ou la courroie.<\/span><\/p>\n<p><span lang=\"FR\">Tous les modules transversaux peuvent \u00eatre utilis\u00e9s sur les mod\u00e8les PSC90 et PSB90.<\/span><\/p>\n<p><span lang=\"FR\">*Pour la conception PSR-50\/60 et pour des conceptions sp\u00e9ciales, consulter notre service technique.<\/span><\/p>\n","protected":false},"excerpt":{"rendered":"<p>Les modules transversaux sont utilis\u00e9s lorsque l\u2019on souhaite d\u00e9placer la palette horizontalement de 90\u00a0\u00ba d\u2019une voie \u00e0 l\u2019autre. Tous les modules transversaux contiennent un cylindre pneumatique pour levage vertical, ainsi qu\u2019un moteur \u00e9lectrique qui entra\u00eene la cha\u00eene ou la courroie.<\/p>\n<p>Tous les modules transversaux peuvent \u00eatre utilis\u00e9s sur les mod\u00e8les PSC90 et PSB90.<\/p>\n<p>*Pour la conception PSR-50\/60 et pour des conceptions sp\u00e9ciales, consulter notre service technique.<\/p>\n","protected":false},"featured_media":8873,"parent":0,"template":"","product_category":[97],"class_list":["post-10149","product","type-product","status-publish","has-post-thumbnail","hentry","product_category-systemes-de-transport"],"acf":[],"_links":{"self":[{"href":"https:\/\/lipro.pro\/fr\/wp-json\/wp\/v2\/product\/10149","targetHints":{"allow":["GET"]}}],"collection":[{"href":"https:\/\/lipro.pro\/fr\/wp-json\/wp\/v2\/product"}],"about":[{"href":"https:\/\/lipro.pro\/fr\/wp-json\/wp\/v2\/types\/product"}],"wp:featuredmedia":[{"embeddable":true,"href":"https:\/\/lipro.pro\/fr\/wp-json\/wp\/v2\/media\/8873"}],"wp:attachment":[{"href":"https:\/\/lipro.pro\/fr\/wp-json\/wp\/v2\/media?parent=10149"}],"wp:term":[{"taxonomy":"product_category","embeddable":true,"href":"https:\/\/lipro.pro\/fr\/wp-json\/wp\/v2\/product_category?post=10149"}],"curies":[{"name":"wp","href":"https:\/\/api.w.org\/{rel}","templated":true}]}}