{"id":10120,"date":"2022-05-18T09:35:14","date_gmt":"2022-05-18T09:35:14","guid":{"rendered":"https:\/\/lipro.pro\/product\/psr-50-60\/"},"modified":"2026-01-20T08:55:47","modified_gmt":"2026-01-20T08:55:47","slug":"psr-50-60","status":"publish","type":"product","link":"https:\/\/lipro.pro\/fr\/product\/psr-50-60\/","title":{"rendered":"PSR-50\/60"},"content":{"rendered":"<p>Des lignes \u00e0 rouleaux de diff\u00e9rentes conceptions sont utilis\u00e9es dans l&rsquo;industrie pour le transport de mat\u00e9riaux en vrac et palettis\u00e9s ainsi que pour l&#8217;emballage de divers mat\u00e9riaux et dimensions.<\/p>\n<p>Des lignes \u00e0 rouleaux d&rsquo;un diam\u00e8tre de 50 ou 60 mm peuvent \u00eatre utilis\u00e9es.<\/p>\n<p>La charge admissible des lignes \u00e0 rouleaux est jusqu&rsquo;\u00e0 500 kg\/m.<\/p>\n<p><em>*Pour les versions sp\u00e9ciales de lignes \u00e0 rouleaux, telles que les courbes, etc., veuillez contacter notre service professionnel.<\/em><\/p>\n","protected":false},"excerpt":{"rendered":"<p>Des lignes \u00e0 rouleaux de diff\u00e9rentes conceptions sont utilis\u00e9es dans l&rsquo;industrie pour le transport de mat\u00e9riaux en vrac et palettis\u00e9s ainsi que pour l&#8217;emballage de divers mat\u00e9riaux et dimensions.<\/p>\n<p>Des lignes \u00e0 rouleaux d&rsquo;un diam\u00e8tre de 50 ou 60 mm peuvent \u00eatre utilis\u00e9es.<\/p>\n<p>La charge admissible des lignes \u00e0 rouleaux est jusqu&rsquo;\u00e0 500 kg\/m.<\/p>\n<p>*Pour les versions sp\u00e9ciales de lignes \u00e0 rouleaux, telles que les courbes, etc., veuillez contacter notre service professionnel.<\/p>\n","protected":false},"featured_media":5788,"parent":0,"template":"","product_category":[97],"class_list":["post-10120","product","type-product","status-publish","has-post-thumbnail","hentry","product_category-systemes-de-transport"],"acf":[],"_links":{"self":[{"href":"https:\/\/lipro.pro\/fr\/wp-json\/wp\/v2\/product\/10120","targetHints":{"allow":["GET"]}}],"collection":[{"href":"https:\/\/lipro.pro\/fr\/wp-json\/wp\/v2\/product"}],"about":[{"href":"https:\/\/lipro.pro\/fr\/wp-json\/wp\/v2\/types\/product"}],"wp:featuredmedia":[{"embeddable":true,"href":"https:\/\/lipro.pro\/fr\/wp-json\/wp\/v2\/media\/5788"}],"wp:attachment":[{"href":"https:\/\/lipro.pro\/fr\/wp-json\/wp\/v2\/media?parent=10120"}],"wp:term":[{"taxonomy":"product_category","embeddable":true,"href":"https:\/\/lipro.pro\/fr\/wp-json\/wp\/v2\/product_category?post=10120"}],"curies":[{"name":"wp","href":"https:\/\/api.w.org\/{rel}","templated":true}]}}