{"id":10118,"date":"2022-05-18T07:23:31","date_gmt":"2022-05-18T07:23:31","guid":{"rendered":"https:\/\/lipro.pro\/product\/psb-90\/"},"modified":"2024-11-08T11:26:32","modified_gmt":"2024-11-08T11:26:32","slug":"psb-90","status":"publish","type":"product","link":"https:\/\/lipro.pro\/fr\/product\/psb-90\/","title":{"rendered":"PSB-90"},"content":{"rendered":"<p>Le syst\u00e8me de palettes PSB-90 est souvent utilis\u00e9 dans des environnements secs et propres o\u00f9 des normes ISO plus \u00e9lev\u00e9es de \u00ab\u00a0salle blanche\u00a0\u00bb sont requises.<\/p>\n<p>Le PSB-90 convient aux charges plus petites et plus l\u00e9g\u00e8res et supporte jusqu&rsquo;\u00e0 350 kg ou 1 kg\/cm avec un module d&rsquo;entra\u00eenement.<\/p>\n","protected":false},"excerpt":{"rendered":"<p>Le syst\u00e8me de palettes PSB-90 est souvent utilis\u00e9 dans des environnements secs et propres o\u00f9 des normes ISO plus \u00e9lev\u00e9es de \u00ab\u00a0salle blanche\u00a0\u00bb sont requises.<\/p>\n<p>Le PSB-90 convient aux charges plus petites et plus l\u00e9g\u00e8res et supporte jusqu&rsquo;\u00e0 350 kg ou 1 kg\/cm avec un module d&rsquo;entra\u00eenement.<\/p>\n","protected":false},"featured_media":9391,"parent":0,"template":"","product_category":[97],"class_list":["post-10118","product","type-product","status-publish","has-post-thumbnail","hentry","product_category-systemes-de-transport"],"acf":[],"_links":{"self":[{"href":"https:\/\/lipro.pro\/fr\/wp-json\/wp\/v2\/product\/10118","targetHints":{"allow":["GET"]}}],"collection":[{"href":"https:\/\/lipro.pro\/fr\/wp-json\/wp\/v2\/product"}],"about":[{"href":"https:\/\/lipro.pro\/fr\/wp-json\/wp\/v2\/types\/product"}],"wp:featuredmedia":[{"embeddable":true,"href":"https:\/\/lipro.pro\/fr\/wp-json\/wp\/v2\/media\/9391"}],"wp:attachment":[{"href":"https:\/\/lipro.pro\/fr\/wp-json\/wp\/v2\/media?parent=10118"}],"wp:term":[{"taxonomy":"product_category","embeddable":true,"href":"https:\/\/lipro.pro\/fr\/wp-json\/wp\/v2\/product_category?post=10118"}],"curies":[{"name":"wp","href":"https:\/\/api.w.org\/{rel}","templated":true}]}}