{"id":7702,"date":"2022-08-29T09:42:39","date_gmt":"2022-08-29T09:42:39","guid":{"rendered":"http:\/\/lipro.razvija.se\/?page_id=7702"},"modified":"2024-01-19T10:26:53","modified_gmt":"2024-01-19T10:26:53","slug":"service-client","status":"publish","type":"page","link":"https:\/\/lipro.pro\/fr\/service-client\/","title":{"rendered":"Service client"},"content":{"rendered":"<p><section class=\"kc-elm kc-css-834146 kc_row\"><div class=\" container\"><div class=\"row\"><\/div><\/div><\/section><section class=\"kc-elm kc-css-657110 kc_row\"><div class=\" container  contact-grid-custom\"><div class=\"row\"><div class=\"kc-elm kc-css-586371 col-lg-3 column col-12\"><div class=\"kc-col-container\">\n<div class=\"kc-elm kc-css-550030 kc-title-wrap \">\n\n\t<h4 class=\"kc_title\">Direction de l\u2019entreprise<\/h4>\n<\/div>\n<div class=\"kc-elm kc-css-868809 kc_text_block\"><\/p>\n<p>e: <a class=\"font-weight-normal\" href=\"mailto:info@lipro.si\"><b>info@lipro.si<\/b><\/a><\/p>\n<p>\n<\/div><\/div><\/div><div class=\"kc-elm kc-css-519970 col-lg-5 column col-12\"><div class=\"kc-col-container\"><div class=\"div-wrapper kc-elm kc-css-58721 \"><div class=\"kc-elm kc-css-169888 row\"><div class=\"kc-elm kc-css-753749 col-12 col-lg-6 column_inner\"><div class=\"kc_wrapper kc-col-inner-container\"><div class=\"kc-elm kc-css-539964 kc_shortcode kc_single_image\">\n\n        <img decoding=\"async\" src=\"https:\/\/lipro.pro\/wp-content\/uploads\/2022\/05\/Gregor-2.jpg\" class=\"\" alt=\"\" title=\"\">    <\/div>\n<\/div><\/div><div class=\"kc-elm kc-css-475406 col-12 col-lg-6 column_inner\"><div class=\"kc_wrapper kc-col-inner-container\"><div class=\"kc-elm kc-css-952795 kc_text_block\"><\/p>\n<p><strong>Gregor Pribac<\/strong><br \/>Directeur<\/p>\n<p>m: <a class=\"font-weight-normal\" href=\"tel:0038641294041\">00386 41 294 041<\/a><\/p>\n<p>\n<\/div><\/div><\/div><\/div><\/div><div class=\"div-wrapper kc-elm kc-css-977814 \"><div class=\"kc-elm kc-css-396231 row\"><div class=\"kc-elm kc-css-416258 col-12 col-lg-6 column_inner\"><div class=\"kc_wrapper kc-col-inner-container\"><div class=\"kc-elm kc-css-427649 kc_shortcode kc_single_image\">\n\n        <img decoding=\"async\" src=\"https:\/\/lipro.pro\/wp-content\/uploads\/2022\/05\/Albert-SI_-e1652788074169.jpg\" class=\"\" alt=\"\" title=\"\">    <\/div>\n<\/div><\/div><div class=\"kc-elm kc-css-10463 col-12 col-lg-6 column_inner\"><div class=\"kc_wrapper kc-col-inner-container\"><div class=\"kc-elm kc-css-37943 kc_text_block\"><\/p>\n<p><strong>Albert Pribac<\/strong><br \/>Conseiller<\/p>\n<p>\n<\/div><\/div><\/div><\/div><\/div><\/div><\/div><div class=\"kc-elm kc-css-160809 col-lg-5 column col-12\"><div class=\"kc-col-container\"><div class=\"div-wrapper kc-elm kc-css-298382 \"><div class=\"kc-elm kc-css-494953 row\"><div class=\"kc-elm kc-css-189476 col-12 col-lg-6 column_inner\"><div class=\"kc_wrapper kc-col-inner-container\"><div class=\"kc-elm kc-css-250646 kc_shortcode kc_single_image\">\n\n        <img decoding=\"async\" src=\"https:\/\/lipro.pro\/wp-content\/uploads\/2022\/05\/Gasper-1.jpg\" class=\"\" alt=\"\" title=\"\">    <\/div>\n<\/div><\/div><div class=\"kc-elm kc-css-896872 col-12 col-lg-6 column_inner\"><div class=\"kc_wrapper kc-col-inner-container\"><div class=\"kc-elm kc-css-490238 kc_text_block\"><\/p>\n<p><strong>Ga\u0161per Pribac<\/strong><br \/>Directeur technique<\/p>\n<p>m: <a class=\"font-weight-normal\" href=\"tel:0038641 209 102\">00386 41 209 102<\/a><\/p>\n<p>\n<\/div><\/div><\/div><\/div><\/div><div class=\"div-wrapper kc-elm kc-css-56293 \"><div class=\"kc-elm kc-css-222870 row\"><div class=\"kc-elm kc-css-121154 col-12 col-lg-6 column_inner\"><div class=\"kc_wrapper kc-col-inner-container\"><div class=\"kc-elm kc-css-388447 kc_shortcode kc_single_image\">\n\n        <img decoding=\"async\" src=\"https:\/\/lipro.pro\/wp-content\/uploads\/2022\/05\/Barbara-SI_-e1652788806266.jpg\" class=\"\" alt=\"\" title=\"\">    <\/div>\n<\/div><\/div><div class=\"kc-elm kc-css-874467 col-12 col-lg-6 column_inner\"><div class=\"kc_wrapper kc-col-inner-container\"><div class=\"kc-elm kc-css-905745 kc_text_block\"><\/p>\n<p><strong>Barbara Pribac<\/strong><br \/>D\u00e9l\u00e9gu\u00e9 &#8211; chef op\u00e9rationnel<\/p>\n<p>\n<\/div><\/div><\/div><\/div><\/div><\/div><\/div><\/div><\/div><\/section><section class=\"kc-elm kc-css-849805 kc_row\"><div class=\" container  contact-grid-custom\"><div class=\"row\"><div class=\"kc-elm kc-css-461480 col-lg-3 column col-12\"><div class=\"kc-col-container\">\n<div class=\"kc-elm kc-css-409328 kc-title-wrap \">\n\n\t<h4 class=\"kc_title\">Ventes<\/h4>\n<\/div>\n<div class=\"kc-elm kc-css-660521 kc_text_block\"><\/p>\n<p>e: <a class=\"font-weight-normal\" href=\"mailto:sales@lipro.si\"><b>sales@lipro.si<\/b><\/a><\/p>\n<p>\n<\/div><\/div><\/div><div class=\"kc-elm kc-css-104313 col-lg-5 column col-12\"><div class=\"kc-col-container\"><div class=\"div-wrapper kc-elm kc-css-420117 \"><div class=\"kc-elm kc-css-624829 row\"><div class=\"kc-elm kc-css-919474 col-12 col-lg-6 column_inner\"><div class=\"kc_wrapper kc-col-inner-container\"><div class=\"kc-elm kc-css-963338 kc_shortcode kc_single_image\">\n\n        <img decoding=\"async\" src=\"https:\/\/lipro.pro\/wp-content\/uploads\/2022\/05\/Bojan-1.jpg\" class=\"\" alt=\"\" title=\"\">    <\/div>\n<\/div><\/div><div class=\"kc-elm kc-css-733091 col-12 col-lg-6 column_inner\"><div class=\"kc_wrapper kc-col-inner-container\"><div class=\"kc-elm kc-css-315540 kc_text_block\"><\/p>\n<p><strong>Bojan Puklavec<\/strong><br \/>Ventes<\/p>\n<p>m: <a class=\"font-weight-normal\" href=\"tel:0038641 310 944\">00386 41 310 944<\/a><\/p>\n<p>\n<\/div><\/div><\/div><\/div><\/div><div class=\"div-wrapper kc-elm kc-css-6722 \"><div class=\"kc-elm kc-css-406233 row\"><div class=\"kc-elm kc-css-41318 col-12 col-lg-6 column_inner\"><div class=\"kc_wrapper kc-col-inner-container\"><div class=\"kc-elm kc-css-366958 kc_shortcode kc_single_image\">\n\n        <img decoding=\"async\" src=\"https:\/\/lipro.pro\/wp-content\/uploads\/2022\/05\/Armin-2.jpg\" class=\"\" alt=\"\" title=\"\">    <\/div>\n<\/div><\/div><div class=\"kc-elm kc-css-960821 col-12 col-lg-6 column_inner\"><div class=\"kc_wrapper kc-col-inner-container\"><div class=\"kc-elm kc-css-505781 kc_text_block\"><\/p>\n<p><strong>Armin Ma\u0161i\u0107<\/strong><br \/>Ventes<\/p>\n<p>m: <a class=\"font-weight-normal\" href=\"tel:0038631 782 085\">00386 31 782 085<\/a><\/p>\n<p>\n<\/div><\/div><\/div><\/div><\/div><div class=\"div-wrapper kc-elm kc-css-192026 \"><div class=\"kc-elm kc-css-493071 row\"><div class=\"kc-elm kc-css-523033 col-12 col-lg-6 column_inner\"><div class=\"kc_wrapper kc-col-inner-container\"><div class=\"kc-elm kc-css-996030 kc_shortcode kc_single_image\">\n\n        <img decoding=\"async\" src=\"https:\/\/lipro.pro\/wp-content\/uploads\/2022\/05\/Rok-1.jpg\" class=\"\" alt=\"\" title=\"\">    <\/div>\n<\/div><\/div><div class=\"kc-elm kc-css-389390 col-12 col-lg-6 column_inner\"><div class=\"kc_wrapper kc-col-inner-container\"><div class=\"kc-elm kc-css-323154 kc_text_block\"><\/p>\n<p><strong>Rok Jelov\u010dan<\/strong><br \/>Ventes<\/p>\n<p>m: <a class=\"font-weight-normal\" href=\"tel:0038651 335 401\">00386 51 335 401<\/a><\/p>\n<p>\n<\/div><\/div><\/div><\/div><\/div><\/div><\/div><div class=\"kc-elm kc-css-816737 col-lg-5 column col-12\"><div class=\"kc-col-container\"><div class=\"div-wrapper kc-elm kc-css-959431 \"><div class=\"kc-elm kc-css-226917 row\"><div class=\"kc-elm kc-css-900490 col-12 col-lg-6 column_inner\"><div class=\"kc_wrapper kc-col-inner-container\"><div class=\"kc-elm kc-css-89436 kc_shortcode kc_single_image\">\n\n        <img decoding=\"async\" src=\"https:\/\/lipro.pro\/wp-content\/uploads\/2022\/05\/Zoran-1.jpg\" class=\"\" alt=\"\" title=\"\">    <\/div>\n<\/div><\/div><div class=\"kc-elm kc-css-844765 col-12 col-lg-6 column_inner\"><div class=\"kc_wrapper kc-col-inner-container\"><div class=\"kc-elm kc-css-844921 kc_text_block\"><\/p>\n<p><strong>Zoran Belac<br \/><\/strong>Ventes<\/p>\n<p>m: <a class=\"font-weight-normal\" href=\"tel:0038631 771 980\">00386 31 771 980<\/a><\/p>\n<p>\n<\/div><\/div><\/div><\/div><\/div><div class=\"div-wrapper kc-elm kc-css-906823 \"><div class=\"kc-elm kc-css-439506 row\"><div class=\"kc-elm kc-css-342082 col-12 col-lg-6 column_inner\"><div class=\"kc_wrapper kc-col-inner-container\"><div class=\"kc-elm kc-css-38010 kc_shortcode kc_single_image\">\n\n        <img decoding=\"async\" src=\"https:\/\/lipro.pro\/wp-content\/uploads\/2022\/05\/Jan-1.jpg\" class=\"\" alt=\"\" title=\"\">    <\/div>\n<\/div><\/div><div class=\"kc-elm kc-css-425001 col-12 col-lg-6 column_inner\"><div class=\"kc_wrapper kc-col-inner-container\"><div class=\"kc-elm kc-css-718927 kc_text_block\"><\/p>\n<p><strong>Jan Strle<\/strong><br \/>Ventes<\/p>\n<p>m: <a class=\"font-weight-normal\" href=\"tel:0038651 634 807\">00386 51 634 807<\/a><\/p>\n<p>\n<\/div><\/div><\/div><\/div><\/div><\/div><\/div><\/div><\/div><\/section><section class=\"kc-elm kc-css-932478 kc_row\"><div class=\" container  contact-grid-custom\"><div class=\"row\"><div class=\"kc-elm kc-css-598435 col-lg-3 column col-12\"><div class=\"kc-col-container\">\n<div class=\"kc-elm kc-css-555536 kc-title-wrap \">\n\n\t<h4 class=\"kc_title\">Acquisitions<\/h4>\n<\/div>\n<div class=\"kc-elm kc-css-17228 kc_text_block\"><\/p>\n<p>e: <a href=\"mailto:purchase@lipro.si\" target=\"_blank\" rel=\"noopener\"><b>purchase@lipro.si<\/b><\/a><\/p>\n<p>\n<\/div><\/div><\/div><div class=\"kc-elm kc-css-528827 col-lg-5 column col-12\"><div class=\"kc-col-container\"><div class=\"div-wrapper kc-elm kc-css-57211 \"><div class=\"kc-elm kc-css-842405 row\"><div class=\"kc-elm kc-css-183305 col-12 col-lg-6 column_inner\"><div class=\"kc_wrapper kc-col-inner-container\"><div class=\"kc-elm kc-css-205112 kc_shortcode kc_single_image\">\n\n        <img decoding=\"async\" src=\"https:\/\/lipro.pro\/wp-content\/uploads\/2022\/05\/Dejan-1.jpg\" class=\"\" alt=\"\" title=\"\">    <\/div>\n<\/div><\/div><div class=\"kc-elm kc-css-802515 col-12 col-lg-6 column_inner\"><div class=\"kc_wrapper kc-col-inner-container\"><div class=\"kc-elm kc-css-51642 kc_text_block\"><\/p>\n<p><strong>Dejan Krmac<br \/><\/strong>Acquisitions<\/p>\n<p>m: <a class=\"font-weight-normal\" href=\"tel:+38641 599 418\">00386 41 599 418<\/a><\/p>\n<p>\n<\/div><\/div><\/div><\/div><\/div><\/div><\/div><div class=\"kc-elm kc-css-19382 col-lg-5 column col-12\"><div class=\"kc-col-container\"><\/div><\/div><\/div><\/div><\/section><section class=\"kc-elm kc-css-430404 kc_row\"><div class=\" container  contact-grid-custom\"><div class=\"row\"><div class=\"kc-elm kc-css-98908 col-lg-3 column col-12\"><div class=\"kc-col-container\">\n<div class=\"kc-elm kc-css-854194 kc-title-wrap \">\n\n\t<h4 class=\"kc_title\">D\u00e9veloppement<\/h4>\n<\/div>\n<div class=\"kc-elm kc-css-363156 kc_text_block\"><\/p>\n<p>e: <a href=\"mailto:development@lipro.si\" target=\"_blank\" rel=\"noopener\"><b>development@lipro.si<\/b><\/a><\/p>\n<p>\n<\/div><\/div><\/div><div class=\"kc-elm kc-css-810467 col-lg-5 column col-12\"><div class=\"kc-col-container\"><div class=\"div-wrapper kc-elm kc-css-261054 \"><div class=\"kc-elm kc-css-477684 row\"><div class=\"kc-elm kc-css-33564 col-12 col-lg-6 column_inner\"><div class=\"kc_wrapper kc-col-inner-container\"><div class=\"kc-elm kc-css-710972 kc_shortcode kc_single_image\">\n\n        <img decoding=\"async\" src=\"https:\/\/lipro.pro\/wp-content\/uploads\/2022\/05\/Filip-1.jpg\" class=\"\" alt=\"\" title=\"\">    <\/div>\n<\/div><\/div><div class=\"kc-elm kc-css-253965 col-12 col-lg-6 column_inner\"><div class=\"kc_wrapper kc-col-inner-container\"><div class=\"kc-elm kc-css-550147 kc_text_block\"><\/p>\n<p><strong>Filip Kova\u010di\u010d<\/strong><br \/>Directeur du d\u00e9veloppement<\/p>\n<p>m: <a class=\"font-weight-normal\" href=\"tel:0038631 771 898\">00386 31 771 898<\/a><\/p>\n<p>\n<\/div><\/div><\/div><\/div><\/div><\/div><\/div><div class=\"kc-elm kc-css-615348 col-lg-5 column col-12\"><div class=\"kc-col-container\"><\/div><\/div><\/div><\/div><\/section><section class=\"kc-elm kc-css-846316 kc_row\"><div class=\" container  contact-grid-custom\"><div class=\"row\"><div class=\"kc-elm kc-css-798999 col-lg-3 column col-12\"><div class=\"kc-col-container\">\n<div class=\"kc-elm kc-css-657295 kc-title-wrap \">\n\n\t<h4 class=\"kc_title\">Entrep\u00f4t<\/h4>\n<\/div>\n<div class=\"kc-elm kc-css-27367 kc_text_block\"><\/p>\n<p>e:<b> <a href=\"mailto:info@lipro.si\" target=\"_blank\" rel=\"noopener\">info@lipro.si<\/a><\/b><\/p>\n<p>\n<\/div><\/div><\/div><div class=\"kc-elm kc-css-395084 col-lg-5 column col-12\"><div class=\"kc-col-container\"><div class=\"div-wrapper kc-elm kc-css-259086 \"><div class=\"kc-elm kc-css-59235 row\"><div class=\"kc-elm kc-css-333371 col-12 col-lg-6 column_inner\"><div class=\"kc_wrapper kc-col-inner-container\"><div class=\"kc-elm kc-css-761353 kc_shortcode kc_single_image\">\n\n        <img decoding=\"async\" src=\"https:\/\/lipro.pro\/wp-content\/uploads\/2022\/05\/Patrik-1.jpg\" class=\"\" alt=\"\" title=\"\">    <\/div>\n<\/div><\/div><div class=\"kc-elm kc-css-498184 col-12 col-lg-6 column_inner\"><div class=\"kc_wrapper kc-col-inner-container\"><div class=\"kc-elm kc-css-820205 kc_text_block\"><\/p>\n<p><strong>Patrik Suki\u010d <br \/><\/strong>Directeur de l\u2019entrep\u00f4t<\/p>\n<p>\n<\/div><\/div><\/div><\/div><\/div><\/div><\/div><div class=\"kc-elm kc-css-453485 col-lg-5 column col-12\"><div class=\"kc-col-container\"><\/div><\/div><\/div><\/div><\/section><section class=\"kc-elm kc-css-895472 kc_row\"><div class=\" container  contact-grid-custom\"><div class=\"row\"><div class=\"kc-elm kc-css-417514 col-lg-3 column col-12\"><div class=\"kc-col-container\">\n<div class=\"kc-elm kc-css-102314 kc-title-wrap \">\n\n\t<h4 class=\"kc_title\">Production<\/h4>\n<\/div>\n<div class=\"kc-elm kc-css-28222 kc_text_block\"><\/p>\n<p>e: <a href=\"mailto:info@lipro.si\" target=\"_blank\" rel=\"noopener\"><b>info@lipro.si<\/b><\/a><\/p>\n<p>\n<\/div><\/div><\/div><div class=\"kc-elm kc-css-719522 col-lg-5 column col-12\"><div class=\"kc-col-container\"><div class=\"div-wrapper kc-elm kc-css-270801 \"><div class=\"kc-elm kc-css-868829 row\"><div class=\"kc-elm kc-css-366335 col-12 col-lg-6 column_inner\"><div class=\"kc_wrapper kc-col-inner-container\"><div class=\"kc-elm kc-css-151721 kc_shortcode kc_single_image\">\n\n        <img decoding=\"async\" src=\"https:\/\/lipro.pro\/wp-content\/uploads\/2022\/05\/Marko-1.jpg\" class=\"\" alt=\"\" title=\"\">    <\/div>\n<\/div><\/div><div class=\"kc-elm kc-css-161855 col-12 col-lg-6 column_inner\"><div class=\"kc_wrapper kc-col-inner-container\"><div class=\"kc-elm kc-css-393528 kc_text_block\"><\/p>\n<p><strong>Marko \u0160kropeta <br \/><\/strong>Directeur de la production<\/p>\n<\/p>\n<p>\n<\/div><\/div><\/div><\/div><\/div><\/div><\/div><div class=\"kc-elm kc-css-635909 col-lg-5 column col-12\"><div class=\"kc-col-container\"><\/div><\/div><\/div><\/div><\/section><\/p>\n","protected":false},"excerpt":{"rendered":"<p>Une \u00e9quipe d\u2019employ\u00e9s d\u00e9vou\u00e9s fournissant des solutions sur mesure en mati\u00e8re d\u2019automatisation de la production pour les clients des march\u00e9s slov\u00e8ne et europ\u00e9en.<\/p>\n","protected":false},"author":5,"featured_media":4057,"parent":0,"menu_order":0,"comment_status":"closed","ping_status":"closed","template":"page-templates\/fullwidthpage-main.php","meta":{"_acf_changed":false,"footnotes":""},"class_list":["post-7702","page","type-page","status-publish","has-post-thumbnail","hentry"],"acf":[],"_links":{"self":[{"href":"https:\/\/lipro.pro\/fr\/wp-json\/wp\/v2\/pages\/7702","targetHints":{"allow":["GET"]}}],"collection":[{"href":"https:\/\/lipro.pro\/fr\/wp-json\/wp\/v2\/pages"}],"about":[{"href":"https:\/\/lipro.pro\/fr\/wp-json\/wp\/v2\/types\/page"}],"author":[{"embeddable":true,"href":"https:\/\/lipro.pro\/fr\/wp-json\/wp\/v2\/users\/5"}],"replies":[{"embeddable":true,"href":"https:\/\/lipro.pro\/fr\/wp-json\/wp\/v2\/comments?post=7702"}],"version-history":[{"count":0,"href":"https:\/\/lipro.pro\/fr\/wp-json\/wp\/v2\/pages\/7702\/revisions"}],"wp:featuredmedia":[{"embeddable":true,"href":"https:\/\/lipro.pro\/fr\/wp-json\/wp\/v2\/media\/4057"}],"wp:attachment":[{"href":"https:\/\/lipro.pro\/fr\/wp-json\/wp\/v2\/media?parent=7702"}],"curies":[{"name":"wp","href":"https:\/\/api.w.org\/{rel}","templated":true}]}}