{"id":7700,"date":"2022-08-29T09:41:56","date_gmt":"2022-08-29T09:41:56","guid":{"rendered":"http:\/\/lipro.razvija.se\/?page_id=7700"},"modified":"2024-01-19T10:31:10","modified_gmt":"2024-01-19T10:31:10","slug":"a-propos-de-lentreprise","status":"publish","type":"page","link":"https:\/\/lipro.pro\/fr\/a-propos-de-lentreprise\/","title":{"rendered":"\u00c0 propos de l&rsquo;entreprise"},"content":{"rendered":"<p><section id=\"fluid-100\" class=\"kc-elm kc-css-941727 kc_row\"><div class=\" container-fluid\"><div class=\"row\"><div class=\"kc-elm kc-css-479546 column col-md-5\"><div class=\"kc-col-container\"><div class=\"kc-elm kc-css-307390 kc_text_block pb-2\"><\/p>\n<p>Les changements sur le march\u00e9, les tendances mondiales et le d\u00e9sir de transf\u00e9rer la direction et la gestion de l\u2019entreprise \u00e0 une g\u00e9n\u00e9ration plus jeune nous ont incit\u00e9 \u00e0 commencer \u00e0 \u00e9laborer une nouvelle strat\u00e9gie pour Lipra d.o.o. d\u2019ici 2024. La strat\u00e9gie fournira des orientations appropri\u00e9es pour notre d\u00e9veloppement futur en r\u00e9ponse aux d\u00e9fis actuels de l&#039;\u00e9poque et aux changements qui se produisent dans notre environnement commercial.<\/p>\n<p>\n<\/div><div class=\"kc-elm kc-css-189613 kc_text_block\"><\/p>\n<p>Malgr\u00e9 les changements dans l&#039;environnement, nous restons attach\u00e9s \u00e0 notre mission d&#039;am\u00e9liorer et de simplifier les syst\u00e8mes de transport et de fournir des solutions professionnelles adapt\u00e9es au client avec des coll\u00e8gues d\u00e9vou\u00e9s.\u00a0 Nous continuerons \u00e9galement \u00e0 nous efforcer de cr\u00e9er en permanence de la valeur pour les employ\u00e9s, les partenaires commerciaux et l&#039;environnement local. Nous encouragerons le travail d&#039;\u00e9quipe et une communication interne ouverte. Il est d\u2019une importance capitale de diffuser la culture de coop\u00e9ration, de respect et de responsabilit\u00e9 parmi tous les coll\u00e8gues de Lipro d.o.o.<\/p>\n<p>L\u2019environnement interne et les capacit\u00e9s de d\u00e9veloppement actuelles indiquent que Lipro d.o.o. est capable de cro\u00eetre dans la p\u00e9riode future, consolidant et maintenant ainsi sa position sur le march\u00e9. Selon la direction, une situation financi\u00e8re stable, des employ\u00e9s d\u00e9vou\u00e9s, des \u00e9quipements modernes, une orientation vers le d\u00e9veloppement et l\u2019innovation et la ma\u00eetrise des processus d\u2019affaires sont des sources d\u2019avantage concurrentiel sur lesquelles Lipro d.o.o. peut b\u00e2tir son avenir. Le plan strat\u00e9gique montre de mani\u00e8re professionnelle et r\u00e9aliste la voie de d\u00e9veloppement future de Lipra d.o.o. vers le meilleur choix pour les entreprises qui souhaitent des solutions innovantes, de haute qualit\u00e9 et respectueuses de l&#039;environnement dans l&#039;automatisation de la production, tant dans l&#039;UE qu&#039;au-del\u00e0.<\/p>\n<p>\n<\/div><\/div><\/div><\/div><\/div><\/section><section id=\"fluid-100\" class=\"kc-elm kc-css-649386 kc_row\"><div class=\" container-fluid\"><div class=\"row\"><div class=\"kc-elm kc-css-478385 column col-md-5\"><div class=\"kc-col-container\">\n<div class=\"kc-elm kc-css-117294 kc-title-wrap \">\n\n\t<h3 class=\"kc_title pb-2\">Pogled v prihodnost \u2013 zaveza vodstva<\/h3>\n<\/div>\n<div class=\"kc-elm kc-css-806909 kc_text_block pb-2\"><\/p>\n<p>Spremenjena razmere na trgu, globalni trendi in \u017eelja po prenosu vodenja in upravljanja podjetja na mlaj\u0161o generacijo, so nas spodbudili, da smo za\u010deli pripravljati novo strategijo Lipra d.o.o. do leta 2024. Strategija bo podala ustrezne usmeritve za na\u0161 nadaljnji razvoj kot odgovor na aktualne izzive \u010dasa in spremembe, ki se dogajajo v na\u0161em poslovnem okolju.<\/p>\n<p>Kljub spremembam v okolju <strong>ostajamo zavezani na\u0161emu poslanstvu, <\/strong>da izbolj\u0161ujemo in poenostavljamo\u00a0 transportne sisteme ter z zavzetimi sodelavci zagotavljamo profesionalne re\u0161itve po meri naro\u010dnika.\u00a0 Prav tako si bomo \u0161e naprej prizadevali za trajno <strong>ustvarjanje vrednosti za zaposlene, poslovne partnerje in lokalno okolje<\/strong>. Spodbujali bomo timsko delo in odprto interno komunikacijo. Klju\u010dnega pomena je, da z zgledom \u0161irimo kulturo sodelovanja, spo\u0161tovanja in prevzemanja odgovornosti med vsemi sodelavkami in sodelavci v Lipro d.o.o.\u00a0<\/p>\n<p>Notranje okolje in trenutne razvojne zmo\u017enosti ka\u017eejo na to, da je Lipro d.o.o. v prihodnjem obdobju sposoben rasti, ter s tem utrditi in ohraniti svoj polo\u017eaj na trgu. Stabilen finan\u010dni polo\u017eaj, zavzeti sodelavci, sodobna oprema, razvojna usmerjenost in inovativnost ter obvladovanje poslovnih procesov, so po mnenju vodstva viri konkuren\u010dne prednosti, na katerih lahko Lipro d.o.o. gradi svojo prihodnost. Strate\u0161ki na\u010drt strokovno utemeljeno in realno prikazuje prihodnjo razvojno pot Lipra d.o.o. do najbolj\u0161e izbire izbira za podjetja, ki \u017eelijo inovativne, kakovostne in okolju prijazne re\u0161itve v avtomatizaciji proizvodnje tako v EU kot tudi \u0161ir\u0161e.<\/p>\n<p>\n<\/div><\/div><\/div><\/div><\/div><\/section><section data-kc-equalheight=\"true\" data-kc-equalheight-align=\"middle\" data-kc-fullwidth=\"content\" class=\"kc-elm kc-css-454531 kc_row company-right\"><div class=\" container-fluid\"><div class=\"row\"><div class=\"kc-elm kc-css-437031 col-lg-6 column d-flex justify-content-end order-2 order-md-1\"><div class=\"left-box mt-3 mt-md-0 kc-col-container\">\n<div class=\"kc-elm kc-css-51844 kc-title-wrap \">\n\n\t<h2 class=\"kc_title\">Vision et mission<\/h2>\n<\/div>\n<div class=\"kc-elm kc-css-506326 kc_text_block\"><\/p>\n<p>Une vision<\/p>\n<p>Nous deviendrons le meilleur choix pour les entreprises qui recherchent des solutions innovantes, de haute qualit\u00e9 et respectueuses de l&#039;environnement dans l&#039;automatisation de la production. Nous y parviendrons gr\u00e2ce \u00e0 la num\u00e9risation des processus commerciaux, \u00e0 l&#039;orientation durable de nos op\u00e9rations et \u00e0 l&#039;int\u00e9gration des partenariats.<\/p>\n<p>\n<\/div><div class=\"kc-elm kc-css-762564 kc_text_block\"><\/p>\n<p>Mission<\/p>\n<p>Nous am\u00e9liorons et simplifions les syst\u00e8mes de transport et les constructions flexibles dans l&#039;automatisation. Nos coll\u00e8gues engag\u00e9s fournissent des solutions professionnelles adapt\u00e9es aux besoins du client.<\/p>\n<p>\n<\/div><\/div><\/div><div class=\"kc-elm kc-css-382859 col-lg-6 column order-1 order-md-2 p-0\"><div class=\"kc-col-container\"><div class=\"kc-elm kc-css-943712 kc_shortcode kc_single_image\">\n\n        <img decoding=\"async\" src=\"https:\/\/lipro.pro\/wp-content\/uploads\/2022\/01\/cpn.png\" class=\"\" alt=\"\" title=\"\">    <\/div>\n<\/div><\/div><\/div><\/div><\/section><section data-kc-equalheight=\"true\" data-kc-equalheight-align=\"middle\" data-kc-fullwidth=\"content\" class=\"kc-elm kc-css-186865 kc_row company-right\"><div class=\" container-fluid\"><div class=\"row\"><div class=\"kc-elm kc-css-465691 col-lg-6 column d-flex justify-content-end order-2 order-md-1 mobile-blue\"><div class=\"left-box mt-3 mt-md-0 kc-col-container\">\n<div class=\"kc-elm kc-css-258951 kc-title-wrap \">\n\n\t<h2 class=\"kc_title\">Local going Global<\/h2>\n<\/div>\n<div class=\"kc-elm kc-css-275067 kc_text_block\"><\/p>\n<p>Napisati katerim nakupom in kupcem je namenjana eTrgovina in da kupci, ki \u017eelijo kupiti npr. 5 matic, to opravijo v eTrgovini in ne na korpo sajtu<\/p>\n<p>\n<\/div><div class=\"kc-elm kc-css-653955 kc_text_block\"><\/p>\n<p>Lipro d.o.o.<br \/>Dekani 20 A, 6271 Dekani, Slovenija<\/p>\n<p>t: <a class=\"font-weight-normal\" href=\"tel:00386 05 625 13 43\">00386 05 625 13 43<\/a><br \/>e: <a class=\"font-weight-normal\" href=\"mailto:info@lipro.si\">info@lipro.si<\/a><\/p>\n<p>ID DDV: SI4714948<br \/>M\u0160: 1318047<\/p>\n<p>\n<\/div><\/div><\/div><div class=\"kc-elm kc-css-645685 col-lg-6 column order-1 order-md-2 p-0\"><div class=\"kc-col-container\"><div class=\"kc-elm kc-css-780831 kc_shortcode kc_single_image blue-left\">\n\n        <img decoding=\"async\" src=\"https:\/\/lipro.pro\/wp-content\/uploads\/2022\/01\/Mask-Group-14.png\" class=\"\" alt=\"\" title=\"\">    <\/div>\n<\/div><\/div><\/div><\/div><\/section><section data-kc-equalheight=\"true\" data-kc-equalheight-align=\"middle\" data-kc-fullwidth=\"content\" class=\"kc-elm kc-css-69465 kc_row company-right\"><div class=\" container-fluid\"><div class=\"row\"><div class=\"kc-elm kc-css-767428 col-lg-6 column d-flex justify-content-end order-2 order-md-1 mobile-blue\"><div class=\"left-box mt-3 mt-md-0 kc-col-container\"><div class=\"kc-elm kc-css-256567 kc_text_block\"><\/p>\n<p>Lipro d.o.o.<br \/>Dekani 20 A, 6271 Dekani, Slov\u00e9nie<\/p>\n<p>t: 00386 05 625 13 43<br \/>e: <a class=\"font-weight-normal\" href=\"mailto:info@lipro.si\"><b>info@lipro.si<\/b><\/a><\/p>\n<p>Num\u00e9ro d\u2019identification TVA: SI4714948<br \/>Num\u00e9ro d\u2019enregistrement: 1318047<\/p>\n<p>\n<\/div><\/div><\/div><div class=\"kc-elm kc-css-364422 col-lg-6 column order-1 order-md-2 p-0\"><div class=\"kc-col-container\"><div class=\"kc-elm kc-css-532524 kc_shortcode kc_single_image blue-left\">\n\n        <img decoding=\"async\" src=\"https:\/\/lipro.pro\/wp-content\/uploads\/2022\/01\/Mask-Group-14.png\" class=\"\" alt=\"\" title=\"\">    <\/div>\n<\/div><\/div><\/div><\/div><\/section><section class=\"kc-elm kc-css-158644 kc_row\"><div class=\" container\"><div class=\"row\"><\/div><\/div><\/section><section id=\"bg-right\" class=\"kc-elm kc-css-54883 kc_row\"><div class=\" container  buttons-section\"><div class=\"row\"><div class=\"kc-elm kc-css-494587 column col-12 col-md-8\"><div class=\"kc-col-container\">\n<div class=\"kc-elm kc-css-838345 kc-title-wrap \">\n\n\t<h2 class=\"kc_title\">Pensez-vous que nous sommes le bon partenaire pour vous ?<\/h2>\n<\/div>\n<div class=\"kc-elm kc-css-427889 kc_text_block\"><\/p>\n<p>Le succ\u00e8s de notre soci\u00e9t\u00e9 d\u00e9pend aussi de la qualit\u00e9 de nos fournisseurs. C&#039;est pourquoi nous visons \u00e0 garantir des produits de qualit\u00e9, depuis les mati\u00e8res premi\u00e8res jusqu&#039;aux consommateurs finals.<\/p>\n<p>\n<\/div><div class=\"div-wrapper kc-elm kc-css-429420 button-wrapper\">\n<div class=\"kc-elm kc-css-485220\">\n\t<a class=\"kc_button yellow-underline text-light\" href=\"https:\/\/lipro.pro\/fr\/demande\/?type=travaillez-avec-nous-en-tant-que-fournisseur#contact\" target=\"_self\" title=\"Demande\" onclick=\"\">\n\t\tDevenir notre fournisseur\t<\/a>\n<\/div>\n<\/div><\/div><\/div><\/div><\/div><\/section><section id=\"history\" class=\"kc-elm kc-css-504692 kc_row\"><div class=\" container\"><div class=\"row\"><div class=\"kc-elm kc-css-804270 column col-md-7\"><div class=\"kc-col-container\">\n<div class=\"kc-elm kc-css-763029 kc-title-wrap \">\n\n\t<h2 class=\"kc_title\">\u00c9v\u00e9nements importants historiques<\/h2>\n<\/div>\n<div class=\"kc-elm kc-css-693903 kc_text_block\"><\/p>\n<p>La soci\u00e9t\u00e9 Lipro a \u00e9t\u00e9 fond\u00e9e en\u00a01988 lorsque Barbara et Albert Pribac ont commenc\u00e9 leurs activit\u00e9s dans l&#039;atelier familial \u00e0 Koper. En raison de l&#039;expansion de ces activit\u00e9s, la soci\u00e9t\u00e9 d\u00e9m\u00e9nage vite dans des locaux lou\u00e9s \u00e0 Koper disposant de plus d\u2019espace.<\/p>\n<p>\n<\/div>\n<div class=\"kc-elm kc-css-932551\">\n\t<a class=\"kc_button yellow-underline\" href=\"https:\/\/lipro.pro\/fr\/a-propos-de-lentreprise\/evenements-importants-historiques\/\" target=\"_self\" title=\"\u00c9v\u00e9nements importants historiques\" onclick=\"\">\n\t\tLire la suite\t<\/a>\n<\/div>\n<div class=\"kc-elm kc-css-569312 kc_text_block year\"><\/p>\n<p>1998<\/p>\n<p>\n<\/div><\/div><\/div><\/div><\/div><\/section><section id=\"bg-right\" class=\"kc-elm kc-css-724275 kc_row\"><div class=\" container\"><div class=\"row\"><div class=\"kc-elm kc-css-773478 column col-12 col-md-8\"><div class=\"kc-col-container\">\n<div class=\"kc-elm kc-css-198149 kc-title-wrap \">\n\n\t<h2 class=\"kc_title\">Inscription dans la base de donn\u00e9es des demandeurs d'emploi<\/h2>\n<\/div>\n<div class=\"kc-elm kc-css-900364 kc_text_block\"><\/p>\n<p>S&#039;il n&#039;y a pas de postes vacants actuellement ou si vous pensez que les postes vacants ne correspondent pas \u00e0 votre profil, vous pouvez toujours vous pr\u00e9senter \u00e0 nous dans une candidature ouverte.<\/p>\n<p>Nous vous enregistrerons dans notre base de donn\u00e9es et vous contacterons lorsque nous aurons besoin de nouveaux employ\u00e9s.<\/p>\n<p>\n<\/div>\n<div class=\"kc-elm kc-css-195946\">\n\t<a class=\"kc_button yellow-underline text-light font-weight-bold\" href=\"https:\/\/lipro.pro\/fr\/demande\/?type=inscription-dans-la-base-de-donn\u00e9es-des-demandeurs-d:apos:emploi#contact\" target=\"_self\" title=\"Demande\" onclick=\"\">\n\t\tD\u00e9posez votre candidature et CV\t<\/a>\n<\/div>\n<\/div><\/div><\/div><\/div><\/section><\/p>\n","protected":false},"excerpt":{"rendered":"<p>Un regard vers l\u2019avenir &#8211; engagement de la direction<\/p>\n","protected":false},"author":5,"featured_media":4057,"parent":0,"menu_order":0,"comment_status":"closed","ping_status":"closed","template":"page-templates\/fullwidthpage-main.php","meta":{"_acf_changed":false,"footnotes":""},"class_list":["post-7700","page","type-page","status-publish","has-post-thumbnail","hentry"],"acf":[],"_links":{"self":[{"href":"https:\/\/lipro.pro\/fr\/wp-json\/wp\/v2\/pages\/7700","targetHints":{"allow":["GET"]}}],"collection":[{"href":"https:\/\/lipro.pro\/fr\/wp-json\/wp\/v2\/pages"}],"about":[{"href":"https:\/\/lipro.pro\/fr\/wp-json\/wp\/v2\/types\/page"}],"author":[{"embeddable":true,"href":"https:\/\/lipro.pro\/fr\/wp-json\/wp\/v2\/users\/5"}],"replies":[{"embeddable":true,"href":"https:\/\/lipro.pro\/fr\/wp-json\/wp\/v2\/comments?post=7700"}],"version-history":[{"count":0,"href":"https:\/\/lipro.pro\/fr\/wp-json\/wp\/v2\/pages\/7700\/revisions"}],"wp:featuredmedia":[{"embeddable":true,"href":"https:\/\/lipro.pro\/fr\/wp-json\/wp\/v2\/media\/4057"}],"wp:attachment":[{"href":"https:\/\/lipro.pro\/fr\/wp-json\/wp\/v2\/media?parent=7700"}],"curies":[{"name":"wp","href":"https:\/\/api.w.org\/{rel}","templated":true}]}}