{"id":7690,"date":"2022-08-29T09:38:50","date_gmt":"2022-08-29T09:38:50","guid":{"rendered":"http:\/\/lipro.razvija.se\/?page_id=7690"},"modified":"2024-03-19T11:13:42","modified_gmt":"2024-03-19T11:13:42","slug":"qualite","status":"publish","type":"page","link":"https:\/\/lipro.pro\/fr\/qualite\/","title":{"rendered":"Qualit\u00e9"},"content":{"rendered":"<p><section class=\"kc-elm kc-css-981969 kc_row\"><div class=\" container\"><div class=\"row\"><div class=\"kc-elm kc-css-704637 col-lg-12 column col-12\"><div class=\"kc-col-container\">\n<div class=\"kc-elm kc-css-976091 kc-title-wrap \">\n\n\t<h2 class=\"kc_title\">Qualit\u00e9<\/h2>\n<\/div>\n<div class=\"kc-elm kc-css-911025 row\"><div class=\"kc-elm kc-css-353713 col-12 col-lg-8 column_inner\"><div class=\"kc_wrapper kc-col-inner-container\"><div class=\"kc-elm kc-css-810505 kc_text_block\"><\/p>\n<p>La satisfaction du client est notre plus grand objectif, c&#039;est pourquoi nous assurons et am\u00e9liorons la qualit\u00e9 avec diverses approches et applications.<\/p>\n<p>La connexion de tous les domaines, de l&#039;op\u00e9rationnel au technique, est cruciale pour la meilleure qualit\u00e9 du produit. Nos fournisseurs attentionn\u00e9s et nos employ\u00e9s d\u00e9vou\u00e9s s&#039;assurent que nos produits repr\u00e9sentent la norme de qualit\u00e9 la plus \u00e9lev\u00e9e.<\/p>\n<p>L&#039;engagement envers la qualit\u00e9 des produits et des services est tr\u00e8s important chez Lipro, c&#039;est pourquoi nous avons obtenu et maintenons la norme ISO 9001!<\/p>\n<p>\n<\/div><\/div><\/div><div class=\"kc-elm kc-css-374876 col-12 col-lg-4 column_inner\"><div class=\"kc_wrapper kc-col-inner-container\"><div class=\"kc-elm kc-css-763585 kc_shortcode kc_single_image\">\n\n        <a rel=\"prettyPhoto\" class=\"kc-pretty-photo\" href=\"https:\/\/lipro.pro\/wp-content\/uploads\/2023\/07\/ISO-9001-ANG-pdf.jpg\" title=\"\" target=\"\">\n        <img decoding=\"async\" src=\"https:\/\/lipro.pro\/wp-content\/uploads\/2023\/07\/ISO-9001-ANG-pdf.jpg\" class=\"\" alt=\"\" title=\"\">    <\/a>\n    <\/div>\n<\/div><\/div><\/div><\/div><\/div><\/div><\/div><\/section><section class=\"kc-elm kc-css-483128 kc_row\"><div class=\" container\"><div class=\"row\"><div class=\"kc-elm kc-css-901831 col-lg-12 column col-12\"><div class=\"kc-col-container\">\n<div class=\"kc-elm kc-css-485064 kc-title-wrap \">\n\n\t<h2 class=\"kc_title\">Environnement<\/h2>\n<\/div>\n<div class=\"kc-elm kc-css-806214 row\"><div class=\"kc-elm kc-css-652406 col-12 col-lg-8 column_inner\"><div class=\"kc_wrapper kc-col-inner-container\"><div class=\"kc-elm kc-css-788899 kc_text_block\"><\/p>\n<p>Chez Lipro, nous accordons une grande importance \u00e0 la protection de l&#039;environnement, nous visons donc \u00e0 r\u00e9duire l&#039;impact sur l&#039;environnement avec de nouveaux processus de production de nos produits.<\/p>\n<p>Nous nous effor\u00e7ons chaque jour d&#039;apporter des am\u00e9liorations continues dans le domaine de la protection de l&#039;environnement, car Lipro repr\u00e9sente une partie de la soci\u00e9t\u00e9 qui souhaite offrir aux g\u00e9n\u00e9rations futures un environnement propre et sain.<\/p>\n<p>En raison de nos principes de protection de l&#039;environnement, nous avons obtenu la norme ISO 14001 !<\/p>\n<p>\n<\/div><\/div><\/div><div class=\"kc-elm kc-css-707440 col-12 col-lg-4 column_inner\"><div class=\"kc_wrapper kc-col-inner-container\"><div class=\"kc-elm kc-css-158743 kc_shortcode kc_single_image\">\n\n        <a rel=\"prettyPhoto\" class=\"kc-pretty-photo\" href=\"https:\/\/lipro.pro\/wp-content\/uploads\/2023\/07\/ISO-14001-ANG-pdf.jpg\" title=\"\" target=\"\">\n        <img decoding=\"async\" src=\"https:\/\/lipro.pro\/wp-content\/uploads\/2023\/07\/ISO-14001-ANG-pdf.jpg\" class=\"\" alt=\"\" title=\"\">    <\/a>\n    <\/div>\n<\/div><\/div><\/div><\/div><\/div><\/div><\/div><\/section><section class=\"kc-elm kc-css-949259 kc_row\"><div class=\" container\"><div class=\"row\"><div class=\"kc-elm kc-css-845483 col-lg-12 column col-12\"><div class=\"kc-col-container\">\n<div class=\"kc-elm kc-css-901830 kc-title-wrap \">\n\n\t<h2 class=\"kc_title\">Valeurs cl\u00e9s de l\u2019entreprise Lipro<\/h2>\n<\/div>\n<div class=\"kc-elm kc-css-628900 kc_text_block\"><\/p>\n<p>\n<\/div><div class=\"kc-elm kc-css-18857 row\"><div class=\"kc-elm kc-css-170713 col-12 col-lg-12 column_inner\"><div class=\"kc_wrapper kc-col-inner-container\"><div class=\"kc-elm kc-css-741990 kc_shortcode kc_single_image\">\n\n        <img decoding=\"async\" src=\"https:\/\/lipro.pro\/wp-content\/uploads\/2024\/03\/Vrednote-FR-2.jpg\" class=\"\" alt=\"\" title=\"\">    <\/div>\n<\/div><\/div><\/div><\/div><\/div><\/div><\/div><\/section><section class=\"kc-elm kc-css-289062 kc_row\"><div class=\" container\"><div class=\"row\"><div class=\"kc-elm kc-css-285513 col-lg-8 column col-12\"><div class=\"kc-col-container\"><div class=\"kc-elm kc-css-817000 row\"><div class=\"kc-elm kc-css-201373 col-12 col-lg-12 column_inner\"><div class=\"kc_wrapper kc-col-inner-container\"><div class=\"kc-elm kc-css-25249 kc_text_block\"><\/p>\n<p>Zadovoljstvo strank je na\u0161 najve\u010dji cilj zato z razli\u010dnim prijemi ter aplikacijami zagotavljamo ter izbolj\u0161ujemo kakovost.<\/p>\n<p>Za najbolj\u0161o kakovost izdelka je klju\u010dnega pomena povezanost vseh podro\u010dji od operativnih do tehni\u010dnih. Na\u0161i skrbni dobavitelji ter predani zaposleni skrbijo ,da na\u0161i izdelki predstavljajo najvi\u0161ji standard kakovosti.<\/p>\n<p>Zavezanost kakovosti izdelkov ter storitev je v podjetju Lipro zelo pomembno zato smo tudi pridobil ter vzdr\u017eujemo standard ISO 9001!<\/p>\n<p>\n<\/div><\/div><\/div><\/div><\/div><\/div><div class=\"kc-elm kc-css-247733 col-lg-4 column col-12\"><div class=\"kc-col-container\"><div class=\"kc-elm kc-css-847139 row\"><div class=\"kc-elm kc-css-924236 col-12 col-lg-12 column_inner\"><div class=\"kc_wrapper kc-col-inner-container\"><div class=\"kc-elm kc-css-287675 kc_shortcode kc_single_image\">\n\n        <img decoding=\"async\" src=\"https:\/\/lipro.pro\/wp-content\/uploads\/2022\/02\/ISO-SLO-pdf.jpg\" class=\"\" alt=\"\" title=\"\">    <\/div>\n<\/div><\/div><\/div><\/div><\/div><\/div><\/div><\/section><\/p>\n","protected":false},"excerpt":{"rendered":"<p>Depuis 1998, l\u2019entreprise Lipro s&rsquo;efforce d&rsquo;offrir la meilleure qualit\u00e9 de produits et de services.<\/p>\n","protected":false},"author":5,"featured_media":9150,"parent":0,"menu_order":0,"comment_status":"closed","ping_status":"closed","template":"page-templates\/fullwidthpage-main.php","meta":{"_acf_changed":false,"footnotes":""},"class_list":["post-7690","page","type-page","status-publish","has-post-thumbnail","hentry"],"acf":[],"_links":{"self":[{"href":"https:\/\/lipro.pro\/fr\/wp-json\/wp\/v2\/pages\/7690","targetHints":{"allow":["GET"]}}],"collection":[{"href":"https:\/\/lipro.pro\/fr\/wp-json\/wp\/v2\/pages"}],"about":[{"href":"https:\/\/lipro.pro\/fr\/wp-json\/wp\/v2\/types\/page"}],"author":[{"embeddable":true,"href":"https:\/\/lipro.pro\/fr\/wp-json\/wp\/v2\/users\/5"}],"replies":[{"embeddable":true,"href":"https:\/\/lipro.pro\/fr\/wp-json\/wp\/v2\/comments?post=7690"}],"version-history":[{"count":0,"href":"https:\/\/lipro.pro\/fr\/wp-json\/wp\/v2\/pages\/7690\/revisions"}],"wp:featuredmedia":[{"embeddable":true,"href":"https:\/\/lipro.pro\/fr\/wp-json\/wp\/v2\/media\/9150"}],"wp:attachment":[{"href":"https:\/\/lipro.pro\/fr\/wp-json\/wp\/v2\/media?parent=7690"}],"curies":[{"name":"wp","href":"https:\/\/api.w.org\/{rel}","templated":true}]}}