{"id":6794,"date":"2022-01-06T10:44:20","date_gmt":"2022-01-06T10:44:20","guid":{"rendered":"http:\/\/lipro.razvija.se\/?page_id=6794"},"modified":"2024-01-16T13:19:00","modified_gmt":"2024-01-16T13:19:00","slug":"avtomatizacija-proizvodnih-procesov-in-transportnih-sistemov","status":"publish","type":"page","link":"https:\/\/lipro.pro\/fr\/","title":{"rendered":"Lignes de transport et structures flexibles en automatisation"},"content":{"rendered":"<p><section class=\"kc-elm kc-css-724557 kc_row\"><div class=\" container\"><div class=\"row\"><div class=\"kc-elm kc-css-54698 col-lg-12 column col-12\"><div class=\"kc-col-container\"><div class=\"kc-elm kc-css-612625 kc-raw-code\">\r\n<div class=\"parent\">\r\n    <div class=\"content-block\">\r\n        <h2>Une \u00e9quipe de coll\u00e8gues engag\u00e9s avec une excellente expertise<\/h2>\r\n        <h4 class=\"font-weight-normal mt-2 d-inline-block\">Nous proposons des solutions sur mesure pour l'automatisation de la production sur les march\u00e9s slov\u00e8ne et europ\u00e9en.<\/h4>\r\n\r\n        <div class=\"btn-group mt-3\">\r\n\r\n                        <a href=\"https:\/\/lipro.pro\/fr\/produits-et-services\/\"\r\n                class=\"btn btn-primary font-weight-bold\">Produits et services<\/a>\r\n            \r\n                        <a href=\"https:\/\/lipro.pro\/fr\/a-propos-de-lentreprise\/\"\r\n                class=\"yellow-underline text-warning font-weight-bold ml-md-3 mt-2 mt-md-0\">Informations sur la soci\u00e9t\u00e9<\/a>\r\n            \r\n        <\/div>\r\n    <\/div>\r\n    <div class=\"icon-block-1 d-flex flex-row align-items-end mt-7 mt-md-0 mb-4 mb-md-0\">\r\n        <div class=\"img-wrapper mr-3\">\r\n            <img decoding=\"async\" src=\"https:\/\/lipro.pro\/wp-content\/uploads\/2022\/01\/Group-612.svg\" alt=\"\" title=\"\">\r\n        <\/div>\r\n        <h3 class=\"font-weight-bold d-inline-block \">Flexibilit\u00e9 dans la coop\u00e9ration<\/h3>\r\n    <\/div>\r\n    <div class=\"icon-block-2 d-flex flex-row-reverse align-items-baseline ml-auto\">\r\n        <div class=\"img-wrapper ml-3\">\r\n            <img decoding=\"async\" src=\"https:\/\/lipro.pro\/wp-content\/uploads\/2022\/01\/Group-613.svg\" alt=\"\" title=\"\">\r\n        <\/div>\r\n        <h3 class=\"font-weight-bold d-inline-block text-right\">Support client sup\u00e9rieur<\/h3>\r\n    <\/div>\r\n<\/div>\r\n\r\n\r\n<\/div><\/div><\/div><\/div><\/div><\/section><section id=\"gray-intro\" class=\"kc-elm kc-css-629704 kc_row\"><div class=\" container\"><div class=\"row\"><div class=\"kc-elm kc-css-469743 column col-12 col-md-6\"><div class=\"kc-col-container\">\n<div class=\"kc-elm kc-css-195214 kc-title-wrap \">\n\n\t<h2 class=\"kc_title\">Nos produits et services<\/h2>\n<\/div>\n<div class=\"kc-elm kc-css-838929 kc_text_block\"><\/p>\n<p>Nous d\u00e9veloppons des lignes de convoyage et des structures flexibles dans l\u2019automatisation de la production.<\/p>\n<p>\n<\/div><\/div><\/div><\/div><\/div><\/section><section id=\"gm1\" class=\"kc-elm kc-css-202238 kc_row\"><div class=\" container  gray-main\"><div class=\"row\"><div class=\"kc-elm kc-css-391873 column col-lg-8 order-2 order-md-1\"><div class=\"kc-col-container\">\n<div class=\"kc-elm kc-css-964543 kc-title-wrap \">\n\n\t<h3 class=\"kc_title gray-block-separator\">Transporteurs<\/h3>\n<\/div>\n<div class=\"kc-elm kc-css-237427 kc_text_block\"><\/p>\n<p>Le convoyeur \u00e0 bande est une solution indispensable dans l&#039;automatisation.<\/p>\n<p>Nous produisons diff\u00e9rentes versions; droits, inclin\u00e9s ou combin\u00e9s.<\/p>\n<p>Avec diff\u00e9rentes courroies int\u00e9gr\u00e9es, nous offrons une large gamme d\u2019applications.<\/p>\n<p>\n<\/div>\n<div class=\"kc-elm kc-css-667826\">\n\t<a class=\"kc_button yellow-underline\" href=\"https:\/\/lipro.pro\/fr\/produits-et-services\/transporteurs\/\" target=\"_self\" title=\"Transporteurs\" onclick=\"\">\n\t\tVoir tous les transporteurs\t<\/a>\n<\/div>\n<\/div><\/div><div class=\"kc-elm kc-css-659058 column col-lg-3 order-1 order-md-2\"><div class=\"kc-col-container\"><div class=\"kc-elm kc-css-471791 kc_shortcode kc_single_image\">\n\n        <img decoding=\"async\" src=\"https:\/\/lipro.pro\/wp-content\/uploads\/2022\/01\/1.png\" class=\"\" alt=\"\" title=\"\">    <\/div>\n<\/div><\/div><\/div><\/div><\/section><section id=\"gm2\" class=\"kc-elm kc-css-978874 kc_row\"><div class=\" container  gray-main\"><div class=\"row\"><div class=\"kc-elm kc-css-226165 column col-lg-8 order-2 order-md-1\"><div class=\"kc-col-container\">\n<div class=\"kc-elm kc-css-332178 kc-title-wrap \">\n\n\t<h3 class=\"kc_title gray-block-separator\">Syst\u00e8mes de transport<\/h3>\n<\/div>\n<div class=\"kc-elm kc-css-905753 kc_text_block\"><\/p>\n<p>\u00c0 l&#039;aide de profil\u00e9s anodis\u00e9s, nous r\u00e9alisons l&#039;assemblage et la planification avec de nombreux accessoires et assemblons des constructions simples et complexes.<\/p>\n<p>Le processus de peinture et de soudage n&#039;est pas n\u00e9cessaire.<\/p>\n<p>\n<\/div>\n<div class=\"kc-elm kc-css-911058\">\n\t<a class=\"kc_button yellow-underline\" href=\"https:\/\/lipro.pro\/fr\/produits-et-services\/systemes-de-transport\/\" target=\"_self\" title=\"Syst\u00e8mes de transport\" onclick=\"\">\n\t\tVoir tous les syst\u00e8mes de transport\t<\/a>\n<\/div>\n<\/div><\/div><div class=\"kc-elm kc-css-940589 column col-lg-3 order-1 order-md-2\"><div class=\"kc-col-container\"><div class=\"kc-elm kc-css-636616 kc_shortcode kc_single_image\">\n\n        <img decoding=\"async\" src=\"https:\/\/lipro.pro\/wp-content\/uploads\/2022\/01\/2-e1643980169172.png\" class=\"\" alt=\"\" title=\"\">    <\/div>\n<\/div><\/div><\/div><\/div><\/section><section id=\"gm3\" class=\"kc-elm kc-css-203749 kc_row\"><div class=\" container  gray-main\"><div class=\"row\"><div class=\"kc-elm kc-css-98464 column col-lg-8 order-2 order-md-1\"><div class=\"kc-col-container\">\n<div class=\"kc-elm kc-css-996444 kc-title-wrap \">\n\n\t<h3 class=\"kc_title gray-block-separator\">Syst\u00e8mes modulaires<\/h3>\n<\/div>\n<div class=\"kc-elm kc-css-860373 kc_text_block\"><\/p>\n<p>Dans la production de syst\u00e8mes modulaires, les profil\u00e9s en aluminium repr\u00e9sentent aujourd&#039;hui l&#039;un des programmes les plus \u00e9conomiques et les plus flexibles.<\/p>\n<p>\n<\/div>\n<div class=\"kc-elm kc-css-998332\">\n\t<a class=\"kc_button yellow-underline\" href=\"https:\/\/lipro.pro\/fr\/produits-et-services\/systemes-modulaires\/\" target=\"_self\" title=\"Syst\u00e8mes modulaires\" onclick=\"\">\n\t\tVoir tous les syst\u00e8mes modulaires\t<\/a>\n<\/div>\n<\/div><\/div><div class=\"kc-elm kc-css-838191 column col-lg-3 order-1 order-md-2\"><div class=\"kc-col-container\"><div class=\"kc-elm kc-css-404255 kc_shortcode kc_single_image\">\n\n        <img decoding=\"async\" src=\"https:\/\/lipro.pro\/wp-content\/uploads\/2022\/01\/3.png\" class=\"\" alt=\"\" title=\"\">    <\/div>\n<\/div><\/div><\/div><\/div><\/section><section class=\"kc-elm kc-css-218867 kc_row\"><div class=\" container\"><div class=\"row\"><div class=\"kc-elm kc-css-285941 col-lg-12 column col-12\"><div class=\"kc-col-container\"><div class=\"clear\"><\/div>\n<div class=\"mod-id-648665 kc-elm kc-css-648665 kc-raw-code emigma-section-intro-outer\">\n    <div class=\"row\">\n        <div class=\"col-12 d-flex align-items-md-center align-items-baseline justify-content-start justify-content-md-between flex-column flex-md-row mb-3 mb-md-0\">\n            <div class=\"d-flex align-items-center mb-3 mb-md-0\">\n                                <h3 class=\"mb-0 light\">Derni\u00e8res nouvelles<\/h3>                            <\/div>\n                                        <div class=\"d-flex align-items-center flex-row ml-md-3 my-lg-3 ml-md-auto\">\n                    <a class=\"yellow-underline text-secondary\" href=\"https:\/\/lipro.pro\/fr\/blog\/\">Toutes les nouvelles<\/a>\n                <\/div>\n                    <\/div>\n    <\/div>\n<\/div>\n<div class=\"clear\"><\/div>\n<div class=\"kc-elm kc-css-179081 post-grid list-post layout-grid-2 category \">\t\t\t\t<article class=\"post-item post-14168 post type-post status-publish format-standard hentry category-articles-professionnels\" id=\"post-14168\">\n    <div class=\"card c-post\" href=\"https:\/\/lipro.pro\/fr\/articles-professionnels\/comparison-of-modular-systems-and-welded-structures-in-industrial-automation\/\" rel=\"article\">\n            <content class=\"card-body d-flex flex-column justify-content-end\" style=\"background-color:#123E92;\">\n        <div class=\"content-top\">   \n        <div class=\"entry-meta d-flex justify-content-between align-items-baseline\">\n            <span>06. 03. 2026<\/span>\n            <span class=\"text-right btn btn-primary font-weight-bold\"> <ul class=\"post-categories\">\n\t<li><a href=\"https:\/\/lipro.pro\/fr\/category\/articles-professionnels\/\" rel=\"category tag\">Articles professionnels<\/a><\/li><\/ul>  <\/span>\n        <\/div>\n    <\/div>\n        <div class=\"content-main mb-2 mt-auto pr-md-6\">\n            <h3 class=\"entry-title\">COMPARISON OF MODULAR SYSTEMS AND WELDED STRUCTURES IN INDUSTRIAL AUTOMATION<\/h3>\n            <div>\n                                    <a href=\"https:\/\/lipro.pro\/fr\/articles-professionnels\/comparison-of-modular-systems-and-welded-structures-in-industrial-automation\/\" class=\"btn btn-outline-info text-info\"> Lire la suite<\/a>  \n                            <\/div>\n        <\/div>\n        \n    <\/content>\n    <\/div>\n<\/article>\t\t\t\t\t\t\t\t<article class=\"post-item post-14105 post type-post status-publish format-standard has-post-thumbnail hentry category-actualites\" id=\"post-14105\">\n    <div class=\"card c-post\" href=\"https:\/\/lipro.pro\/fr\/actualites\/bonne-annee-2026\/\" rel=\"article\">\n            <content class=\"card-body d-flex flex-column justify-content-end\" style=\"background-image: linear-gradient(90deg, rgba(0,0,0,0.3) 0%, rgba(0,0,0,0.3) 100%), url(https:\/\/lipro.pro\/wp-content\/uploads\/2025\/12\/Prikazna-slika-1.jpg);\">\n        <div class=\"content-top\">   \n        <div class=\"entry-meta d-flex justify-content-between align-items-baseline\">\n            <span>18. 12. 2025<\/span>\n            <span class=\"text-right btn btn-primary font-weight-bold\"> <ul class=\"post-categories\">\n\t<li><a href=\"https:\/\/lipro.pro\/fr\/category\/actualites\/\" rel=\"category tag\">Actualit\u00e9s<\/a><\/li><\/ul>  <\/span>\n        <\/div>\n    <\/div>\n        <div class=\"content-main mb-2 mt-auto pr-md-6\">\n            <h3 class=\"entry-title\">Bonne ann\u00e9e 2026!<\/h3>\n            <div>\n                                    <a href=\"https:\/\/lipro.pro\/fr\/actualites\/bonne-annee-2026\/\" class=\"btn btn-outline-info text-info\"> Lire la suite<\/a>  \n                            <\/div>\n        <\/div>\n        \n    <\/content>\n    <\/div>\n<\/article>\t\t\t\t\t\t\t\t<article class=\"post-item post-14019 post type-post status-publish format-standard has-post-thumbnail hentry category-nouveaux-produits\" id=\"post-14019\">\n    <div class=\"card c-post\" href=\"https:\/\/lipro.pro\/fr\/nouveaux-produits\/new-type-of-roller-curve\/\" rel=\"article\">\n            <content class=\"card-body d-flex flex-column justify-content-end\" style=\"background-image: linear-gradient(90deg, rgba(0,0,0,0.3) 0%, rgba(0,0,0,0.3) 100%), url(https:\/\/lipro.pro\/wp-content\/uploads\/2025\/11\/Nov-tip-krivine-prezentacija-square-ANG.jpg);\">\n        <div class=\"content-top\">   \n        <div class=\"entry-meta d-flex justify-content-between align-items-baseline\">\n            <span>10. 11. 2025<\/span>\n            <span class=\"text-right btn btn-primary font-weight-bold\"> <ul class=\"post-categories\">\n\t<li><a href=\"https:\/\/lipro.pro\/fr\/category\/nouveaux-produits\/\" rel=\"category tag\">Nouveaux produits<\/a><\/li><\/ul>  <\/span>\n        <\/div>\n    <\/div>\n        <div class=\"content-main mb-2 mt-auto pr-md-6\">\n            <h3 class=\"entry-title\">New type of roller curve<\/h3>\n            <div>\n                                    <a href=\"https:\/\/lipro.pro\/fr\/nouveaux-produits\/new-type-of-roller-curve\/\" class=\"btn btn-outline-info text-info\"> Lire la suite<\/a>  \n                            <\/div>\n        <\/div>\n        \n    <\/content>\n    <\/div>\n<\/article>\t\t\t\t\t\t\t\t<article class=\"post-item post-13735 post type-post status-publish format-standard hentry category-actualites\" id=\"post-13735\">\n    <div class=\"card c-post\" href=\"https:\/\/lipro.pro\/fr\/actualites\/notice\/\" rel=\"article\">\n            <content class=\"card-body d-flex flex-column justify-content-end\" style=\"background-color:#123E92;\">\n        <div class=\"content-top\">   \n        <div class=\"entry-meta d-flex justify-content-between align-items-baseline\">\n            <span>09. 12. 2024<\/span>\n            <span class=\"text-right btn btn-primary font-weight-bold\"> <ul class=\"post-categories\">\n\t<li><a href=\"https:\/\/lipro.pro\/fr\/category\/actualites\/\" rel=\"category tag\">Actualit\u00e9s<\/a><\/li><\/ul>  <\/span>\n        <\/div>\n    <\/div>\n        <div class=\"content-main mb-2 mt-auto pr-md-6\">\n            <h3 class=\"entry-title\">NOTICE<\/h3>\n            <div>\n                                    <a href=\"https:\/\/lipro.pro\/fr\/actualites\/notice\/\" class=\"btn btn-outline-info text-info\"> Lire la suite<\/a>  \n                            <\/div>\n        <\/div>\n        \n    <\/content>\n    <\/div>\n<\/article>\t\t\t\t<\/div><\/div><\/div><\/div><\/div><\/section><section id=\"bg-right\" class=\"kc-elm kc-css-442079 kc_row\"><div class=\" container\"><div class=\"row\"><div class=\"kc-elm kc-css-534907 column col-md-8\"><div class=\"kc-col-container\">\n<div class=\"kc-elm kc-css-406946 kc-title-wrap \">\n\n\t<h2 class=\"kc_title\">Spletna trgovina polna prilo\u017enosti<\/h2>\n<\/div>\n<div class=\"kc-elm kc-css-1408 kc_text_block\"><\/p>\n<p>\nPotrebuje\u0161 samo profil ali nekaj vija\u010dnega materiala? Klikni na spodnjo povezavo do eTrgovine in postrezi si sam.<\/p>\n<p>\n<\/div>\n<div class=\"kc-elm kc-css-762705\">\n\t<a class=\"kc_button yellow-underline text-light\" href=\"https:\/\/lipro.shop\/\" target=\"_blank\" title=\"\" onclick=\"\" rel=\"noopener\">\n\t\tObi\u0161\u010di spletno trgovino\t<\/a>\n<\/div>\n<\/div><\/div><\/div><\/div><\/section><section id=\"bg-left\" class=\"kc-elm kc-css-212492 kc_row\"><div class=\" container  right-fp-img\"><div class=\"row\"><div class=\"kc-elm kc-css-38517 column col-12 col-md-8\"><div class=\"kc-col-container\">\n<div class=\"kc-elm kc-css-296093 kc-title-wrap \">\n\n\t<h2 class=\"kc_title\">Assistance client personnalis\u00e9e<\/h2>\n<\/div>\n<div class=\"kc-elm kc-css-613247 kc_text_block\"><\/p>\n<p>Avez-vous des questions ou des demandes sp\u00e9ciales? Contactez nos coll\u00e8gues qui se feront un plaisir de vous aider.<\/p>\n<p>\n<\/div>\n<div class=\"kc-elm kc-css-884269\">\n\t<a class=\"kc_button yellow-underline text-light\" href=\"https:\/\/lipro.pro\/fr\/service-client\/\" target=\"_self\" title=\"Service client\" onclick=\"\">\n\t\tLire la suite\t<\/a>\n<\/div>\n<\/div><\/div><\/div><\/div><\/section><\/p>\n","protected":false},"excerpt":{"rendered":"","protected":false},"author":9,"featured_media":0,"parent":0,"menu_order":0,"comment_status":"closed","ping_status":"closed","template":"","meta":{"_acf_changed":false,"footnotes":""},"class_list":["post-6794","page","type-page","status-publish","hentry"],"acf":[],"_links":{"self":[{"href":"https:\/\/lipro.pro\/fr\/wp-json\/wp\/v2\/pages\/6794","targetHints":{"allow":["GET"]}}],"collection":[{"href":"https:\/\/lipro.pro\/fr\/wp-json\/wp\/v2\/pages"}],"about":[{"href":"https:\/\/lipro.pro\/fr\/wp-json\/wp\/v2\/types\/page"}],"author":[{"embeddable":true,"href":"https:\/\/lipro.pro\/fr\/wp-json\/wp\/v2\/users\/9"}],"replies":[{"embeddable":true,"href":"https:\/\/lipro.pro\/fr\/wp-json\/wp\/v2\/comments?post=6794"}],"version-history":[{"count":0,"href":"https:\/\/lipro.pro\/fr\/wp-json\/wp\/v2\/pages\/6794\/revisions"}],"wp:attachment":[{"href":"https:\/\/lipro.pro\/fr\/wp-json\/wp\/v2\/media?parent=6794"}],"curies":[{"name":"wp","href":"https:\/\/api.w.org\/{rel}","templated":true}]}}