{"id":6554,"date":"2022-08-04T11:59:35","date_gmt":"2022-08-04T11:59:35","guid":{"rendered":"http:\/\/lipro.razvija.se\/?page_id=6554"},"modified":"2022-08-29T12:53:43","modified_gmt":"2022-08-29T12:53:43","slug":"politique-de-confidentialite-et-protection-des-donnees-personnelles","status":"publish","type":"page","link":"https:\/\/lipro.pro\/fr\/politique-de-confidentialite-et-protection-des-donnees-personnelles\/","title":{"rendered":"Politique de confidentialit\u00e9 et protection des donn\u00e9es personnelles"},"content":{"rendered":"<section class=\"kc-elm kc-css-246443 kc_row\"><div class=\" container\"><div class=\"row\"><div class=\"kc-elm kc-css-319641 column col-lg-8\"><div class=\"kc-col-container\"><div class=\"kc-elm kc-css-822385 kc_text_block\"><\/p>\n<p>Aux fins des pr\u00e9sentes mentions l\u00e9gales, le site Web est un terme qui comprend toutes les pages Web \u00e0 l&#039;adresse Web <a href=\"https:\/\/www.lipro.pro\/\">www.lipro.pro<\/a> (ci-apr\u00e8s\u00a0: le site Web). Lipro d.o.o. est le d\u00e9tenteur des droits d&#039;auteur de toutes les \u0153uvres prot\u00e9g\u00e9es par le droit d&#039;auteur qui sont incluses dans le site Web de quelque mani\u00e8re que ce soit. (ci-apr\u00e8s d\u00e9nomm\u00e9 Lipro). L&#039;utilisateur peut utiliser le contenu du site Web exclusivement pour son usage personnel, c&#039;est-\u00e0-dire non commercial. Toute autre forme d&#039;utilisation du contenu du site Web (telle que la copie, la reproduction, la distribution, etc.) \u00e0 des fins commerciales est interdite.<\/p>\n<p><strong>Limitation de l&#039;utilisation des informations et des mat\u00e9riaux<\/strong><\/p>\n<p>Les informations et les documents affich\u00e9s sur ce site Web peuvent \u00eatre t\u00e9l\u00e9charg\u00e9s \u00e0 partir du serveur pour un usage personnel et domestique par l&#039;utilisateur sans modifier les avis de droit d&#039;auteur, les autres avis de droits de propri\u00e9t\u00e9 intellectuelle ou les autres avis de droits. Le t\u00e9l\u00e9chargement et l&#039;impression d&#039;informations et de documents \u00e0 des fins de visualisation et de lecture \u00e0 des fins non commerciales sont autoris\u00e9s. Toute autre copie, distribution, republication, modification des informations et des mat\u00e9riaux sur <a href=\"https:\/\/www.lipro.pro\/\">www.lipro.pro<\/a> ou leur envoi ou distribution de toute autre mani\u00e8re sans autorisation \u00e9crite pr\u00e9alable est interdite. L&#039;utilisation de tout \u00e9l\u00e9ment de <a href=\"https:\/\/www.lipro.pro\/\">www.lipro.pro<\/a> \u00e0 d&#039;autres fins qu&#039;uniquement pour un usage personnel, non commercial et domestique est \u00e9galement interdite. Lipro n&#039;est pas responsable de la forme et du contenu des sites Web li\u00e9s de quelque mani\u00e8re que ce soit au site Web <a href=\"https:\/\/www.lipro.pro\/\">www.lipro.pro<\/a> . Lors de la visite et de l&#039;utilisation de sites Web li\u00e9s, la responsabilit\u00e9 de Lipro est exclue dans tous les cas.<\/p>\n<p><strong>Limitation de responsabilit\u00e9<\/strong><\/p>\n<p>Lipro s&#039;efforcera de maintenir les informations sur le site Web correctes et \u00e0 jour, mais ni Lipro ni aucune autre personne morale ou physique qui a particip\u00e9 \u00e0 la cr\u00e9ation du site Web ou qui participe encore aux mises \u00e0 jour du site Web ne peut \u00eatre responsable des dommages ordinaires ou manque \u00e0 gagner ou pr\u00e9judice moral pouvant survenir \u00e0 l&#039;utilisateur du fait de l&#039;utilisation du site ou de l&#039;impossibilit\u00e9 de l&#039;utiliser. Lipro mettra tout en \u0153uvre pour assurer le bon fonctionnement du site, mais ne pourra \u00eatre tenue responsable des dommages ordinaires ou manque \u00e0 gagner ou pr\u00e9judice moral pouvant survenir \u00e0 l&#039;utilisateur du fait de l&#039;interruption du fonctionnement du site. Lipro peut modifier le site Web \u00e0 tout moment sans pr\u00e9avis.<\/p>\n<p><strong>Protection des donn\u00e9es personnelles<\/strong><\/p>\n<p>Nous sommes conscients de l&#039;importance de la protection des donn\u00e9es personnelles, principalement parce que nous les utilisons pour fournir des services et des informations plus appropri\u00e9s \u00e0 nos visiteurs. Adopt\u00e9 par l&#039;Union europ\u00e9enne, le RGPD dicte des normes \u00e9lev\u00e9es sur la mani\u00e8re dont vos donn\u00e9es sont collect\u00e9es, stock\u00e9es, vous permet d&#039;y acc\u00e9der et de demander leur suppression, et bien plus encore. Conform\u00e9ment \u00e0 la l\u00e9gislation et \u00e0 notre conscience de l&#039;importance de ce domaine, nous avons pr\u00e9par\u00e9 des explications sur la s\u00e9curit\u00e9 de vos donn\u00e9es et les droits dont vous disposez en tant que propri\u00e9taire des donn\u00e9es. Avant de donner votre consentement \u00e0 la collecte ou au traitement de vos donn\u00e9es personnelles, veuillez lire attentivement cette explication.<\/p>\n<p><strong>Que sont les donn\u00e9es personnelles<\/strong><\/p>\n<p>Les donn\u00e9es personnelles sont toutes les donn\u00e9es qui se rapportent \u00e0 une personne physique sp\u00e9cifique, c&#039;est-\u00e0-dire un individu, selon la forme sous laquelle elles sont exprim\u00e9es. Il s&#039;agit de donn\u00e9es permettant de vous identifier : pr\u00e9nom, nom, adresse email, etc. L&#039;administrateur des donn\u00e9es personnelles sur le site <a href=\"https:\/\/www.lipro.pro\/\">www.lipro.pro<\/a> est Lipro.<\/p>\n<p><strong>O\u00f9 stockons-nous vos donn\u00e9es et pendant combien de temps<\/strong><\/p>\n<p>Les donn\u00e9es personnelles que vous nous transmettez num\u00e9riquement sont stock\u00e9es sur des serveurs lou\u00e9s \u00e0 cet effet par l&#039;h\u00e9bergeur, mais peuvent \u00e9galement \u00eatre stock\u00e9es par les soci\u00e9t\u00e9s dont nous utilisons les outils. Par exemple, le fournisseur de l&#039;outil de communication par courrier \u00e9lectronique stocke des informations sur les destinataires. Nous conservons les donn\u00e9es personnelles collect\u00e9es jusqu&#039;au moment o\u00f9 vous nous informez que vous n&#039;\u00eates plus d&#039;accord avec le stockage et le traitement des donn\u00e9es personnelles ou maximum aussi longtemps que n\u00e9cessaire pour atteindre l&#039;objectif pour lequel elles sont trait\u00e9es ou pour satisfaire aux exigences l\u00e9gales.<\/p>\n<p><strong>Collecte, traitement et utilisation des donn\u00e9es personnelles<\/strong><\/p>\n<p>Nous collectons, g\u00e9rons et traitons vos donn\u00e9es personnelles uniquement \u00e0 des fins l\u00e9galement d\u00e9finies ou sur la base de votre consentement expr\u00e8s. Les donn\u00e9es collect\u00e9es avec votre consentement sont principalement destin\u00e9es \u00e0 communiquer avec vous et \u00e0 am\u00e9liorer les services. Nous nous engageons \u00e0 ne pas pr\u00eater ou vendre vos donn\u00e9es personnelles \u00e0 un tiers sans pr\u00e9avis et sans votre consentement expr\u00e8s \u00e9crit.<\/p>\n<p><strong>R\u00e9vocation du consentement pour le traitement des donn\u00e9es personnelles<\/strong><\/p>\n<p>Vous avez le droit de retirer \u00e0 tout moment votre consentement au traitement des donn\u00e9es personnelles. Vous pouvez r\u00e9voquer le droit pour une finalit\u00e9 individuelle ou pour toutes les finalit\u00e9s de traitement des donn\u00e9es personnelles auxquelles vous avez consenti. Envoyez une d\u00e9claration \u00e9crite pour la r\u00e9vocation du consentement au traitement des donn\u00e9es personnelles \u00e0 l&#039;adresse suivante : Lipro, ou \u00e0 l\u2019adresse e-mail <a href=\"mailto:info@lipro.si\">info@lipro.si<\/a>. En cas de retrait du consentement \u00e0 la collecte ou au traitement des donn\u00e9es personnelles, toutes les donn\u00e9es personnelles collect\u00e9es sur lesquelles portera la demande de suppression seront supprim\u00e9es ou exempt\u00e9es de traitement automatis\u00e9. La r\u00e9vocation du consentement au traitement des donn\u00e9es personnelles n&#039;affecte pas la l\u00e9galit\u00e9 du traitement des donn\u00e9es personnelles vous concernant jusqu&#039;\u00e0 votre r\u00e9vocation et l&#039;utilisation de ces donn\u00e9es personnelles \u00e0 des fins l\u00e9galement d\u00e9finies.<\/p>\n<p><strong>Vos droits en mati\u00e8re de protection des donn\u00e9es personnelles<\/strong><\/p>\n<p><strong>Le droit \u00e0 l\u2019effacement\/oubli <br \/><\/strong>A tout moment, vous avez le droit de demander au responsable du traitement de rectifier ou de compl\u00e9ter les donn\u00e9es personnelles inexactes ou incompl\u00e8tes vous concernant. A tout moment, vous pouvez demander l&#039;acc\u00e8s aux donn\u00e9es que le responsable du traitement a collect\u00e9es \u00e0 votre sujet, ou la suppression imm\u00e9diate de vos donn\u00e9es personnelles.En cas de rectification, d&#039;ajout ou de suppression de donn\u00e9es personnelles, nous devons vous informer de la rectification, de l&#039;ajout ou suppression sans d\u00e9lai.<\/p>\n<p><strong>Le droit de limiter le traitement des donn\u00e9es personnelles<br \/><\/strong>A tout moment, vous avez le droit de nous demander de limiter le traitement de vos donn\u00e9es personnelles en cas d\u2019inexactitude, d\u2019ill\u00e9galit\u00e9, de cessation de la finalit\u00e9 du traitement ou de d\u00e9p\u00f4t d\u2019une objection.<\/p>\n<p><strong>Le droit \u00e0 la portabilit\u00e9 de vos donn\u00e9es :<\/strong> vous avez le droit de nous demander \u00e0 tout moment de vous fournir les donn\u00e9es personnelles vous concernant, que nous traitons. \u00c0 tout moment, vous avez le droit de demander que nous transf\u00e9rions les donn\u00e9es personnelles que nous traitons \u00e0 votre sujet \u00e0 un autre responsable du traitement.<\/p>\n<p><strong>Droit d\u2019opposition <br \/><\/strong>Toute utilisation de vos donn\u00e9es personnelles \u00e0 des fins de communication informative ou promotionnelle n\u00e9cessite votre consentement expr\u00e8s. Dans le cas o\u00f9 vous recevriez du contenu promotionnel informatif ou commercial bas\u00e9 sur votre consentement, vous pouvez demander par \u00e9crit \u00e0 tout moment de cesser l&#039;utilisation de vos donn\u00e9es \u00e0 cette fin.<\/p>\n<p><strong>Le droit d\u2019acc\u00e9der aux donn\u00e9es personnelles vous concernant<\/strong><br \/>Vous avez \u00e0 tout moment le droit d\u2019obtenir la confirmation du traitement des donn\u00e9es personnelles vous concernant et l\u2019acc\u00e8s aux donn\u00e9es personnelles vous concernant ainsi que les informations suivantes : finalit\u00e9 du traitement des donn\u00e9es, type de donn\u00e9es personnelles vous concernant, utilisateurs de vos donn\u00e9es personnelles, dur\u00e9e pr\u00e9vue de conservation des donn\u00e9es personnelles, source des donn\u00e9es personnelles.<\/p>\n<p><strong>\u00a0<\/strong><\/p>\n<p><strong>Menace \u00e0 la protection des donn\u00e9es personnelles<\/strong><\/p>\n<p>En cas de menace \u00e0 la protection des donn\u00e9es personnelles, nous informerons l&#039;autorit\u00e9 comp\u00e9tente sans retard injustifi\u00e9, mais au plus tard dans les 72 heures apr\u00e8s avoir pris connaissance de la menace \u00e0 la protection de vos donn\u00e9es personnelles.<\/p>\n<p><strong>Informations importantes concernant le traitement de vos donn\u00e9es personnelles<\/strong><\/p>\n<p>Nous nous engageons \u00e0 traiter toutes les donn\u00e9es collect\u00e9es uniquement dans le cadre des finalit\u00e9s de gestion \u00e9num\u00e9r\u00e9es ou traitement des donn\u00e9es \u00e0 caract\u00e8re personnel et conform\u00e9ment \u00e0 la loi sur la protection des donn\u00e9es \u00e0 caract\u00e8re personnel et \u00e0 toute autre l\u00e9gislation pertinente dans le domaine ainsi qu&#039;au r\u00e8glement (UE) 2016\/679 relatif \u00e0 la protection des personnes dans le traitement des donn\u00e9es \u00e0 caract\u00e8re personnel (RGPD).<\/p>\n<\/p>\n<p><strong>Quels cookies ce site Web utilise-t-il\u00a0?<\/strong><\/p>\n<ol>\n<li><strong> Cookies strictement n\u00e9cessaires<\/strong><\/li>\n<\/ol>\n<p>Les cookies strictement n\u00e9cessaires doivent \u00eatre activ\u00e9s \u00e0 tout moment afin que nous puissions enregistrer vos pr\u00e9f\u00e9rences en mati\u00e8re de cookies.<\/p>\n<table width=\"523\">\n<tbody>\n<tr>\n<td width=\"208\">\n<p>Titre<\/p>\n<\/td>\n<td width=\"129\">\n<p>Soumissionnaire<\/p>\n<\/td>\n<td width=\"113\">\n<p>Utilisation<\/p>\n<\/td>\n<td width=\"73\">\n<p>Dur\u00e9e<\/p>\n<\/td>\n<\/tr>\n<tr>\n<td width=\"208\">\n<p>hideCovidNotice<\/p>\n<\/td>\n<td width=\"129\">\n<p><a href=\"https:\/\/www.lipro.pro\/\">www.lipro.pro<\/a><\/p>\n<\/td>\n<td width=\"113\">\n<p>Enregistrement du param\u00e8tre d&#039;affichage de la banni\u00e8re covid.<\/p>\n<\/td>\n<td width=\"73\">\n<p>Flux de session<\/p>\n<\/td>\n<\/tr>\n<tr>\n<td width=\"208\">\n<p>wp-wpml_current_language<\/p>\n<\/td>\n<td width=\"129\">\n<p><a href=\"https:\/\/www.lipro.pro\/\">www.lipro.pro<\/a><\/p>\n<\/td>\n<td width=\"113\">\n<p>Enregistrement de la s\u00e9lection de la langue<\/p>\n<\/td>\n<td width=\"73\">\n<p>24 heures<\/p>\n<\/td>\n<\/tr>\n<tr>\n<td width=\"208\">\n<p>moove_gdpr_popup<\/p>\n<\/td>\n<td width=\"129\">\n<p><a href=\"https:\/\/www.lipro.pro\/\">www.lipro.pro<\/a><\/p>\n<\/td>\n<td width=\"113\">\n<\/td>\n<td width=\"73\">\n<p>1 \u00e8re ann\u00e9e<\/p>\n<\/td>\n<\/tr>\n<\/tbody>\n<\/table>\n<p><strong>\u00a0<\/strong><\/p>\n<p><strong>\u00a0<\/strong><\/p>\n<ol start=\"2\">\n<li><strong> Google<\/strong><\/li>\n<\/ol>\n<p>Google utilise des cookies pour enregistrer les param\u00e8tres utilisateur favoris, la s\u00e9lection de la version linguistique, nombre de r\u00e9sultats affich\u00e9s et valeurs affich\u00e9s, affichage d&#039;informations sur Google maps et bien d&#039;autres fonctionnalit\u00e9s et services de ce g\u00e9ant du web.<\/p>\n<p><a href=\"https:\/\/policies.google.com\/technologies\/cookies?hl=sl\" target=\"_blank\" rel=\"noopener\">Lire la suite<\/a><\/p>\n<p><strong>\u00a0<\/strong><\/p>\n<ol start=\"3\">\n<li><strong> Google Analytics<\/strong><\/li>\n<\/ol>\n<p>Google Analytics est un service d&#039;analyse Web. Il nous fournit des informations sur le comportement des utilisateurs sur notre site Web et nous aide ainsi \u00e0 cr\u00e9er une meilleure exp\u00e9rience utilisateur, \u00e0 afficher un contenu pertinent, etc. Lors de l&#039;analyse de ces donn\u00e9es, nous ne pouvons pas vous identifier personnellement. La dur\u00e9e de vie de ces cookies est de 2 ans maximum.<\/p>\n<p><strong>Exemple de cookies utilis\u00e9s :<\/strong><\/p>\n<table width=\"627\">\n<tbody>\n<tr>\n<td>\n<p>Titre<\/p>\n<\/td>\n<td>\n<p>Soumissionnaire<\/p>\n<\/td>\n<td>\n<p>Utilisation<\/p>\n<\/td>\n<td>\n<p>Dur\u00e9e<\/p>\n<\/td>\n<\/tr>\n<tr>\n<td>\n<p>_gat_UA-2764728-49<\/p>\n<\/td>\n<td>\n<p>Google Analytics<\/p>\n<\/td>\n<td>\n<p>Le cookie est utilis\u00e9 pour limiter le nombre de requ\u00eates. Si Google Analytics est ajout\u00e9 via Google Tag Manager, ce cookie s&#039;appelle \u00ab\u00a0_dc_gtm_\u00a0\u00bb.<\/p>\n<\/td>\n<td>\n<p>1 minute<\/p>\n<\/td>\n<\/tr>\n<tr>\n<td>\n<p>_ga<\/p>\n<\/td>\n<td>\n<p>Google Analytics<\/p>\n<\/td>\n<td>\n<p>Identification des utilisateurs.<\/p>\n<\/td>\n<td>\n<p>2 ans<\/p>\n<\/td>\n<\/tr>\n<tr>\n<td>\n<p>_gid<\/p>\n<\/td>\n<td>\n<p>Google Analytics<\/p>\n<\/td>\n<td>\n<p>Identification des utilisateurs.<\/p>\n<\/td>\n<td>\n<p>24 heures<\/p>\n<\/td>\n<\/tr>\n<tr>\n<td>\n<p>_gac_<\/p>\n<\/td>\n<td>\n<p>Google Analytics<\/p>\n<\/td>\n<td>\n<p>Il contient les donn\u00e9es de campagne par utilisateur.<\/p>\n<\/td>\n<td>\n<p>90 jours<\/p>\n<\/td>\n<\/tr>\n<\/tbody>\n<\/table>\n<p><a href=\"https:\/\/developers.google.com\/analytics\/devguides\/collection\/gajs\/cookie-usage?hl=en\" target=\"_blank\" rel=\"noopener\">Lire la suite<\/a><\/p>\n<p><strong>\u00a0<\/strong><\/p>\n<ol start=\"4\">\n<li><strong> YouTube<\/strong><\/li>\n<\/ol>\n<p>Nous utilisons le service YouTube pour lire des vid\u00e9os, et les cookies sont utilis\u00e9s pour enregistrer les donn\u00e9es de visionnage, stocker les param\u00e8tres de l&#039;utilisateur pr\u00e9f\u00e9r\u00e9, afficher les vid\u00e9os pertinentes, etc. La dur\u00e9e de vie de ces cookies est de 10 ans maximum.<\/p>\n<table width=\"614\">\n<tbody>\n<tr>\n<td>\n<p>Titre<\/p>\n<\/td>\n<td>\n<p>Soumissionnaire<\/p>\n<\/td>\n<td>\n<p>Utilisation<\/p>\n<\/td>\n<td>\n<p>Dur\u00e9e<\/p>\n<\/td>\n<\/tr>\n<tr>\n<td>\n<p>PREF<\/p>\n<\/td>\n<td>\n<p>Youtube<\/p>\n<\/td>\n<td>\n<p>Cookie pour enregistrer les param\u00e8tres.<\/p>\n<\/td>\n<td>\n<p>10 ans<\/p>\n<\/td>\n<\/tr>\n<tr>\n<td>\n<p>VISITOR_INFO1_LIVE<\/p>\n<\/td>\n<td>\n<p>Youtube<\/p>\n<\/td>\n<td>\n<p>Un cookie avec lequel YouTube mesure votre connexion Internet.<\/p>\n<\/td>\n<td>\n<p>8 mois<\/p>\n<\/td>\n<\/tr>\n<tr>\n<td>\n<p>YSC<\/p>\n<\/td>\n<td>\n<p>Youtube<\/p>\n<\/td>\n<td>\n<p>Le cookie est install\u00e9 par Youtube en mode \u00ab vid\u00e9o embarqu\u00e9e \u00bb.<\/p>\n<\/td>\n<td>\n<p>Flux de session<\/p>\n<\/td>\n<\/tr>\n<\/tbody>\n<\/table>\n<p><strong>\u00a0<\/strong><\/p>\n<p><strong>\u00a0<\/strong><\/p>\n<p><strong>Comment g\u00e9rer ou supprimer les cookies ?<\/strong><\/p>\n<p>Nous n&#039;utiliserons en aucun cas des cookies pour collecter vos informations personnellement identifiables, mais si vous le souhaitez, vous pouvez \u00e9galement modifier les param\u00e8tres d&#039;utilisation des cookies dans le navigateur de votre ordinateur ou appareil mobile. La plupart des navigateurs modernes vous permettent d&#039;accepter ou de rejeter tous les cookies, d&#039;accepter ou de rejeter uniquement certains types de cookies ou de d\u00e9finir un avertissement indiquant que le site souhaite enregistrer un cookie sur votre appareil. Vous pouvez \u00e9galement supprimer les cookies que le navigateur a d\u00e9j\u00e0 stock\u00e9s sur votre appareil. Nous vous avertissons que si les cookies sont d\u00e9sactiv\u00e9s, toutes les fonctionnalit\u00e9s du site Web risquent de ne pas fonctionner de la m\u00eame mani\u00e8re, un avertissement concernant l&#039;utilisation de cookies appara\u00eetra \u00e0 chaque visite et, \u00e0 long terme, cela aura un impact n\u00e9gatif sur votre exp\u00e9rience utilisateur. Le processus de modification des param\u00e8tres des cookies diff\u00e8re dans chaque navigateur. Vous pouvez trouver des informations \u00e0 ce sujet en utilisant la fonction \u00ab\u00a0Aide\u00a0\u00bbvisiter <a href=\"http:\/\/www.aboutcookies.org\/\" target=\"_blank\" rel=\"noopener\">www.aboutcookies.org<\/a> , qui explique clairement le processus dans tous les navigateurs modernes, ou nous contacter par <a href=\"mailto:info@lipro.si\">e-mail<\/a>. Les cookies de Google Analytics peuvent \u00e9galement \u00eatre d\u00e9sactiv\u00e9s en suivant les instructions disponibles sur <a href=\"https:\/\/tools.google.com\/dlpage\/gaoptout?hl=en\" target=\"_blank\" rel=\"noopener\">Google Analytics<\/a> Plus d&#039;informations sur les cookies sont \u00e9galement disponibles dans les <a href=\"https:\/\/www.ip-rs.si\/\" target=\"_blank\" rel=\"noopener\">directives du Commissaire \u00e0 l&#039;information.<\/a><\/p>\n<p><strong>\u00a0<\/strong><\/p>\n<p><strong>G\u00e9n\u00e9ral<\/strong><\/p>\n<p>La l\u00e9gislation slov\u00e8ne s&#039;applique \u00e0 tout litige d\u00e9coulant de l&#039;utilisation du site Web. Le tribunal de Koper est comp\u00e9tent pour r\u00e9soudre tout litige. En utilisant le site Web, l&#039;utilisateur confirme qu&#039;il a accept\u00e9 les conditions d\u00e9crites ici et qu&#039;il est d&#039;accord avec celles-ci.<\/p>\n<p>\n<\/div><\/div><\/div><\/div><\/div><\/section>\n","protected":false},"excerpt":{"rendered":"","protected":false},"author":3,"featured_media":0,"parent":0,"menu_order":0,"comment_status":"closed","ping_status":"closed","template":"","meta":{"_acf_changed":false,"footnotes":""},"class_list":["post-6554","page","type-page","status-publish","hentry"],"acf":[],"_links":{"self":[{"href":"https:\/\/lipro.pro\/fr\/wp-json\/wp\/v2\/pages\/6554","targetHints":{"allow":["GET"]}}],"collection":[{"href":"https:\/\/lipro.pro\/fr\/wp-json\/wp\/v2\/pages"}],"about":[{"href":"https:\/\/lipro.pro\/fr\/wp-json\/wp\/v2\/types\/page"}],"author":[{"embeddable":true,"href":"https:\/\/lipro.pro\/fr\/wp-json\/wp\/v2\/users\/3"}],"replies":[{"embeddable":true,"href":"https:\/\/lipro.pro\/fr\/wp-json\/wp\/v2\/comments?post=6554"}],"version-history":[{"count":0,"href":"https:\/\/lipro.pro\/fr\/wp-json\/wp\/v2\/pages\/6554\/revisions"}],"wp:attachment":[{"href":"https:\/\/lipro.pro\/fr\/wp-json\/wp\/v2\/media?parent=6554"}],"curies":[{"name":"wp","href":"https:\/\/api.w.org\/{rel}","templated":true}]}}