{"id":6479,"date":"2022-08-04T07:34:38","date_gmt":"2022-08-04T07:34:38","guid":{"rendered":"http:\/\/lipro.razvija.se\/?page_id=6479"},"modified":"2023-01-06T09:17:14","modified_gmt":"2023-01-06T09:17:14","slug":"evenements-importants-historiques","status":"publish","type":"page","link":"https:\/\/lipro.pro\/fr\/a-propos-de-lentreprise\/evenements-importants-historiques\/","title":{"rendered":"\u00c9v\u00e9nements importants historiques"},"content":{"rendered":"<p><section class=\"kc-elm kc-css-78024 kc_row\"><div class=\" container\"><div class=\"row\"><div class=\"kc-elm kc-css-189505 col-lg-12 column col-12\"><div class=\"kc-col-container\">\n<div class=\"kc-elm kc-css-469799 kc-title-wrap \">\n\n\t<h2 class=\"kc_title\">\u00c9v\u00e9nements importants historiques<\/h2>\n<\/div>\n<\/div><\/div><\/div><\/div><\/section><section id=\"history\" class=\"kc-elm kc-css-108579 kc_row\"><div class=\" container\"><div class=\"row\"><div class=\"kc-elm kc-css-976267 column col-md-7\"><div class=\"kc-col-container\"><div class=\"kc-elm kc-css-394713 kc_text_block\"><\/p>\n<p>La soci\u00e9t\u00e9 Lipro a \u00e9t\u00e9 fond\u00e9e en&nbsp;1988 lorsque Barbara et Albert Pribac ont commenc\u00e9 leurs activit\u00e9s dans l&rsquo;atelier familial \u00e0 Koper. En raison de l&rsquo;expansion de ces activit\u00e9s, la soci\u00e9t\u00e9 d\u00e9m\u00e9nage vite dans des locaux lou\u00e9s \u00e0 Koper disposant de plus d\u2019espace.<\/p>\n<p>\n<\/div><div class=\"kc-elm kc-css-465131 kc_text_block year\"><\/p>\n<p>1998-2003<\/p>\n<p>\n<\/div><\/div><\/div><\/div><\/div><\/section><section id=\"history\" class=\"kc-elm kc-css-538884 kc_row\"><div class=\" container\"><div class=\"row\"><div class=\"kc-elm kc-css-388532 column col-md-7\"><div class=\"kc-col-container\"><div class=\"kc-elm kc-css-222634 kc_text_block\"><\/p>\n<p>Les bons r\u00e9sultats du travail permettent de construire une nouvelle salle \u00e0 proximit\u00e9 imm\u00e9diate, ayant plus de capacit\u00e9 de production. La soci\u00e9t\u00e9 cr\u00e9\u00e9e et d\u00e9veloppe le premier transporteur \u00e0 cha\u00eene PSC-90. S\u2019ensuit l\u2019\u00e9dition du premier catalogue \u00ab\u00a0Syst\u00e8me modulaire\u00a0\u00bb. En\u00a02006, la soci\u00e9t\u00e9 re\u00e7oit le prix de bronze pour ce programme lors de la foire \u00ab\u00a0Terotech &#8211; Vzdr\u017eevanje\u00a0\u00bb \u00e0 Celje.<\/p>\n<p>\n<\/div><div class=\"kc-elm kc-css-515202 kc_text_block year\"><\/p>\n<p>2004-2007<\/p>\n<p>\n<\/div><\/div><\/div><\/div><\/div><\/section><section id=\"history\" class=\"kc-elm kc-css-835333 kc_row\"><div class=\" container\"><div class=\"row\"><div class=\"kc-elm kc-css-261206 column col-md-7\"><div class=\"kc-col-container\"><div class=\"kc-elm kc-css-817227 kc_text_block\"><\/p>\n<p>La soci\u00e9t\u00e9 f\u00eate ses 10\u00a0ans de r\u00e9ussite. En\u00a02009, ils publient le catalogue des transporteurs TB. La soci\u00e9t\u00e9 d\u00e9veloppe le syst\u00e8me de transport PS-Solar, la voie \u00e0 rouleaux motoris\u00e9e PSR 50\/60 et le syst\u00e8me de tuyaux modulaires qui se voit d\u00e9cerner le prix d\u2019argent lors de la 16\u00e8me \u00e9dition de la foire \u00ab\u00a0Terotech &#8211; Vzdr\u017eevanje\u00a0\u00bb \u00e0 Celje. S\u2019ensuit l\u2019\u00e9dition du catalogue de syst\u00e8mes de transport.<\/p>\n<p>\n<\/div><div class=\"kc-elm kc-css-601202 kc_text_block year\"><\/p>\n<p>2008-2013<\/p>\n<p>\n<\/div><\/div><\/div><\/div><\/div><\/section><section id=\"history\" class=\"kc-elm kc-css-713846 kc_row\"><div class=\" container\"><div class=\"row\"><div class=\"kc-elm kc-css-611457 column col-md-7\"><div class=\"kc-col-container\"><div class=\"kc-elm kc-css-487480 kc_text_block\"><\/p>\n<p>En janvier\u00a02014, la soci\u00e9t\u00e9 d\u00e9m\u00e9nage dans des nouveaux locaux \u00e0 Dekani o\u00f9 les employ\u00e9s b\u00e9n\u00e9ficient de meilleures conditions de travail. En\u00a02018, la soci\u00e9t\u00e9 investit dans des plus grands espaces de stockage afin de pouvoir proposer des services plus rapides de meilleure qualit\u00e9 pour les clients existants et nouveaux.<\/p>\n<p>\n<\/div><div class=\"kc-elm kc-css-471875 kc_text_block year\"><\/p>\n<p>2014-2018<\/p>\n<p>\n<\/div><\/div><\/div><\/div><\/div><\/section><section id=\"history\" class=\"kc-elm kc-css-855921 kc_row\"><div class=\" container\"><div class=\"row\"><div class=\"kc-elm kc-css-964514 column col-md-7\"><div class=\"kc-col-container\"><div class=\"kc-elm kc-css-976968 kc_text_block\"><\/p>\n<p>En 2019, la soci\u00e9t\u00e9 met en \u0153uvre le programme \u00ab\u00a0Transfert de l\u2019h\u00e9ritage\u00a0\u00bb, lui permettant ainsi de dessiner des plans plus clairs pour le futur. En 2020, la soci\u00e9t\u00e9 se voit d\u00e9cerner deux certificats importants\u00a0: ISO\u00a09001 et ISO\u00a014001. En 2021, elle continue avec ses investissements dans des nouveaux locaux permettant davantage de d\u00e9veloppement et d\u2019expansion.<\/p>\n<p>\n<\/div><div class=\"kc-elm kc-css-602589 kc_text_block year\"><\/p>\n<p>2019-2022<\/p>\n<p>\n<\/div><\/div><\/div><\/div><\/div><\/section><\/p>\n","protected":false},"excerpt":{"rendered":"<p>La soci\u00e9t\u00e9 Lipro a \u00e9t\u00e9 fond\u00e9e en 1988 lorsque Barbara et Albert Pribac ont commenc\u00e9 leurs activit\u00e9s dans l&rsquo;atelier familial \u00e0 Koper &#8230;<\/p>\n","protected":false},"author":3,"featured_media":6253,"parent":7700,"menu_order":0,"comment_status":"closed","ping_status":"closed","template":"page-templates\/fullwidthpage-main.php","meta":{"_acf_changed":false,"footnotes":""},"class_list":["post-6479","page","type-page","status-publish","has-post-thumbnail","hentry"],"acf":[],"_links":{"self":[{"href":"https:\/\/lipro.pro\/fr\/wp-json\/wp\/v2\/pages\/6479","targetHints":{"allow":["GET"]}}],"collection":[{"href":"https:\/\/lipro.pro\/fr\/wp-json\/wp\/v2\/pages"}],"about":[{"href":"https:\/\/lipro.pro\/fr\/wp-json\/wp\/v2\/types\/page"}],"author":[{"embeddable":true,"href":"https:\/\/lipro.pro\/fr\/wp-json\/wp\/v2\/users\/3"}],"replies":[{"embeddable":true,"href":"https:\/\/lipro.pro\/fr\/wp-json\/wp\/v2\/comments?post=6479"}],"version-history":[{"count":0,"href":"https:\/\/lipro.pro\/fr\/wp-json\/wp\/v2\/pages\/6479\/revisions"}],"up":[{"embeddable":true,"href":"https:\/\/lipro.pro\/fr\/wp-json\/wp\/v2\/pages\/7700"}],"wp:featuredmedia":[{"embeddable":true,"href":"https:\/\/lipro.pro\/fr\/wp-json\/wp\/v2\/media\/6253"}],"wp:attachment":[{"href":"https:\/\/lipro.pro\/fr\/wp-json\/wp\/v2\/media?parent=6479"}],"curies":[{"name":"wp","href":"https:\/\/api.w.org\/{rel}","templated":true}]}}