{"id":7898,"date":"2022-01-18T10:38:24","date_gmt":"2022-01-18T10:38:24","guid":{"rendered":"http:\/\/lipro.razvija.se\/product\/tb30\/"},"modified":"2024-10-10T09:08:13","modified_gmt":"2024-10-10T09:08:13","slug":"tb30","status":"publish","type":"product","link":"https:\/\/lipro.pro\/es\/product\/tb30\/","title":{"rendered":"TB30"},"content":{"rendered":"<p>Los transportadores del tipo TB30 est\u00e1n dise\u00f1ados para cargas en las que el peso total de la carga sobre el transportador no supera los 60 kg.<\/p>\n<p>En la elecci\u00f3n del tipo de transportador influyen muchos par\u00e1metros (longitud, ancho, tipo de carga, etc.), por lo que le recomendamos que consulte a nuestro servicio t\u00e9cnico.<\/p>\n","protected":false},"excerpt":{"rendered":"<p>Los transportadores del tipo TB30 est\u00e1n dise\u00f1ados para cargas en las que el peso total de la carga sobre el transportador no supera los 60 kg.<\/p>\n<p>En la elecci\u00f3n del tipo de transportador influyen muchos par\u00e1metros (longitud, ancho, tipo de carga, etc.), por lo que le recomendamos que consulte a nuestro servicio t\u00e9cnico.<\/p>\n","protected":false},"featured_media":9730,"parent":0,"template":"","product_category":[114],"class_list":["post-7898","product","type-product","status-publish","has-post-thumbnail","hentry","product_category-transportadores"],"acf":[],"_links":{"self":[{"href":"https:\/\/lipro.pro\/es\/wp-json\/wp\/v2\/product\/7898","targetHints":{"allow":["GET"]}}],"collection":[{"href":"https:\/\/lipro.pro\/es\/wp-json\/wp\/v2\/product"}],"about":[{"href":"https:\/\/lipro.pro\/es\/wp-json\/wp\/v2\/types\/product"}],"wp:featuredmedia":[{"embeddable":true,"href":"https:\/\/lipro.pro\/es\/wp-json\/wp\/v2\/media\/9730"}],"wp:attachment":[{"href":"https:\/\/lipro.pro\/es\/wp-json\/wp\/v2\/media?parent=7898"}],"wp:term":[{"taxonomy":"product_category","embeddable":true,"href":"https:\/\/lipro.pro\/es\/wp-json\/wp\/v2\/product_category?post=7898"}],"curies":[{"name":"wp","href":"https:\/\/api.w.org\/{rel}","templated":true}]}}