{"id":7890,"date":"2022-01-18T10:42:28","date_gmt":"2022-01-18T10:42:28","guid":{"rendered":"http:\/\/lipro.razvija.se\/product\/tbs\/"},"modified":"2024-10-10T10:21:00","modified_gmt":"2024-10-10T10:21:00","slug":"tbs","status":"publish","type":"product","link":"https:\/\/lipro.pro\/es\/product\/tbs\/","title":{"rendered":"TBS"},"content":{"rendered":"<p>La familia de transportadores TBS son transportadores especiales que desarrollamos en colaboraci\u00f3n con el cliente seg\u00fan necesidades espec\u00edficas (forma de transportador roto, forma de carga espec\u00edfica, ruta de transporte espec\u00edfica, etc.).<\/p>\n","protected":false},"excerpt":{"rendered":"<p>La familia de transportadores TBS son transportadores especiales que desarrollamos en colaboraci\u00f3n con el cliente seg\u00fan necesidades espec\u00edficas (forma de transportador roto, forma de carga espec\u00edfica, ruta de transporte espec\u00edfica, etc.).<\/p>\n","protected":false},"featured_media":9714,"parent":0,"template":"","product_category":[114],"class_list":["post-7890","product","type-product","status-publish","has-post-thumbnail","hentry","product_category-transportadores"],"acf":[],"_links":{"self":[{"href":"https:\/\/lipro.pro\/es\/wp-json\/wp\/v2\/product\/7890","targetHints":{"allow":["GET"]}}],"collection":[{"href":"https:\/\/lipro.pro\/es\/wp-json\/wp\/v2\/product"}],"about":[{"href":"https:\/\/lipro.pro\/es\/wp-json\/wp\/v2\/types\/product"}],"wp:featuredmedia":[{"embeddable":true,"href":"https:\/\/lipro.pro\/es\/wp-json\/wp\/v2\/media\/9714"}],"wp:attachment":[{"href":"https:\/\/lipro.pro\/es\/wp-json\/wp\/v2\/media?parent=7890"}],"wp:term":[{"taxonomy":"product_category","embeddable":true,"href":"https:\/\/lipro.pro\/es\/wp-json\/wp\/v2\/product_category?post=7890"}],"curies":[{"name":"wp","href":"https:\/\/api.w.org\/{rel}","templated":true}]}}