{"id":6985,"date":"2022-01-18T13:39:44","date_gmt":"2022-01-18T13:39:44","guid":{"rendered":"http:\/\/lipro.razvija.se\/product\/konstrukcije\/"},"modified":"2022-08-31T09:25:58","modified_gmt":"2022-08-31T09:25:58","slug":"estructuras","status":"publish","type":"product","link":"https:\/\/lipro.pro\/es\/product\/estructuras\/","title":{"rendered":"Estructuras"},"content":{"rendered":"<p>Las estructuras var\u00edan en cuanto a su finalidad, dise\u00f1o y elecci\u00f3n de los propios perfiles, ya que algunos perfiles diferentes pueden ensamblarse para formar estructuras simples o m\u00e1s complejas.<\/p>\n","protected":false},"excerpt":{"rendered":"<p>Las estructuras var\u00edan en cuanto a su finalidad, dise\u00f1o y elecci\u00f3n de los propios perfiles, ya que algunos perfiles diferentes pueden ensamblarse para formar estructuras simples o m\u00e1s complejas.<\/p>\n","protected":false},"featured_media":4993,"parent":0,"template":"","product_category":[107],"class_list":["post-6985","product","type-product","status-publish","has-post-thumbnail","hentry","product_category-sistemas-modulares"],"acf":[],"_links":{"self":[{"href":"https:\/\/lipro.pro\/es\/wp-json\/wp\/v2\/product\/6985","targetHints":{"allow":["GET"]}}],"collection":[{"href":"https:\/\/lipro.pro\/es\/wp-json\/wp\/v2\/product"}],"about":[{"href":"https:\/\/lipro.pro\/es\/wp-json\/wp\/v2\/types\/product"}],"wp:featuredmedia":[{"embeddable":true,"href":"https:\/\/lipro.pro\/es\/wp-json\/wp\/v2\/media\/4993"}],"wp:attachment":[{"href":"https:\/\/lipro.pro\/es\/wp-json\/wp\/v2\/media?parent=6985"}],"wp:term":[{"taxonomy":"product_category","embeddable":true,"href":"https:\/\/lipro.pro\/es\/wp-json\/wp\/v2\/product_category?post=6985"}],"curies":[{"name":"wp","href":"https:\/\/api.w.org\/{rel}","templated":true}]}}