{"id":10204,"date":"2022-10-05T07:06:07","date_gmt":"2022-10-05T07:06:07","guid":{"rendered":"https:\/\/lipro.pro\/product\/nosilna-ogrodja-in-distancniki\/"},"modified":"2024-11-19T10:40:12","modified_gmt":"2024-11-19T10:40:12","slug":"marcos-de-soporte-y-espaciadores","status":"publish","type":"product","link":"https:\/\/lipro.pro\/es\/product\/marcos-de-soporte-y-espaciadores\/","title":{"rendered":"Marcos de soporte y espaciadores"},"content":{"rendered":"<p><span lang=\"ES\">Los marcos de soporte de carga est\u00e1n dise\u00f1ados para soportar las l\u00edneas de transporte a una altura determinada. Los marcos de soporte se colocan uniformemente a lo largo de la l\u00ednea de transporte, normalmente un par por cada 2.000 mm.<\/span><\/p>\n<p><span lang=\"ES\">Los separadores se utilizan para conectar las l\u00edneas de transporte y definir la anchura total del sistema de paletas.<\/span><\/p>\n<p><span lang=\"ES\">*Para versiones especiales, consulte a nuestro servicio t\u00e9cnico.<\/span><\/p>\n","protected":false},"excerpt":{"rendered":"<p>Los marcos de soporte de carga est\u00e1n dise\u00f1ados para soportar las l\u00edneas de transporte a una altura determinada. Los marcos de soporte se colocan uniformemente a lo largo de la l\u00ednea de transporte, normalmente un par por cada 2.000 mm.<\/p>\n<p>Los separadores se utilizan para conectar las l\u00edneas de transporte y definir la anchura total del sistema de paletas.<\/p>\n<p>*Para versiones especiales, consulte a nuestro servicio t\u00e9cnico.<\/p>\n","protected":false},"featured_media":9063,"parent":0,"template":"","product_category":[101],"class_list":["post-10204","product","type-product","status-publish","has-post-thumbnail","hentry","product_category-sistemas-de-transporte"],"acf":[],"_links":{"self":[{"href":"https:\/\/lipro.pro\/es\/wp-json\/wp\/v2\/product\/10204","targetHints":{"allow":["GET"]}}],"collection":[{"href":"https:\/\/lipro.pro\/es\/wp-json\/wp\/v2\/product"}],"about":[{"href":"https:\/\/lipro.pro\/es\/wp-json\/wp\/v2\/types\/product"}],"wp:featuredmedia":[{"embeddable":true,"href":"https:\/\/lipro.pro\/es\/wp-json\/wp\/v2\/media\/9063"}],"wp:attachment":[{"href":"https:\/\/lipro.pro\/es\/wp-json\/wp\/v2\/media?parent=10204"}],"wp:term":[{"taxonomy":"product_category","embeddable":true,"href":"https:\/\/lipro.pro\/es\/wp-json\/wp\/v2\/product_category?post=10204"}],"curies":[{"name":"wp","href":"https:\/\/api.w.org\/{rel}","templated":true}]}}