{"id":10195,"date":"2022-10-05T06:28:45","date_gmt":"2022-10-05T06:28:45","guid":{"rendered":"https:\/\/lipro.pro\/product\/centrirni-in-obracalni-moduli\/"},"modified":"2023-03-15T12:51:46","modified_gmt":"2023-03-15T12:51:46","slug":"modulos-de-centrado-y-de-giro","status":"publish","type":"product","link":"https:\/\/lipro.pro\/es\/product\/modulos-de-centrado-y-de-giro\/","title":{"rendered":"M\u00f3dulos de centrado y de giro"},"content":{"rendered":"<p><span lang=\"ES\">Cuando es necesario centrar o reorientar con precisi\u00f3n la paleta en una operaci\u00f3n de trabajo, se utiliza un m\u00f3dulo de centrado o giro.<\/span><\/p>\n<p><span lang=\"ES\">*Para m\u00e1s informaci\u00f3n y versiones espec\u00edficas, p\u00f3ngase en contacto con nuestro servicio t\u00e9cnico.<\/span><\/p>\n","protected":false},"excerpt":{"rendered":"<p>Cuando es necesario centrar o reorientar con precisi\u00f3n la paleta en una operaci\u00f3n de trabajo, se utiliza un m\u00f3dulo de centrado o giro.<\/p>\n<p>*Para m\u00e1s informaci\u00f3n y versiones espec\u00edficas, p\u00f3ngase en contacto con nuestro servicio t\u00e9cnico.<\/p>\n","protected":false},"featured_media":8861,"parent":0,"template":"","product_category":[101],"class_list":["post-10195","product","type-product","status-publish","has-post-thumbnail","hentry","product_category-sistemas-de-transporte"],"acf":[],"_links":{"self":[{"href":"https:\/\/lipro.pro\/es\/wp-json\/wp\/v2\/product\/10195","targetHints":{"allow":["GET"]}}],"collection":[{"href":"https:\/\/lipro.pro\/es\/wp-json\/wp\/v2\/product"}],"about":[{"href":"https:\/\/lipro.pro\/es\/wp-json\/wp\/v2\/types\/product"}],"wp:featuredmedia":[{"embeddable":true,"href":"https:\/\/lipro.pro\/es\/wp-json\/wp\/v2\/media\/8861"}],"wp:attachment":[{"href":"https:\/\/lipro.pro\/es\/wp-json\/wp\/v2\/media?parent=10195"}],"wp:term":[{"taxonomy":"product_category","embeddable":true,"href":"https:\/\/lipro.pro\/es\/wp-json\/wp\/v2\/product_category?post=10195"}],"curies":[{"name":"wp","href":"https:\/\/api.w.org\/{rel}","templated":true}]}}