{"id":10192,"date":"2022-10-05T06:22:54","date_gmt":"2022-10-05T06:22:54","guid":{"rendered":"https:\/\/lipro.pro\/product\/krivine-z-valji-90-180\/"},"modified":"2023-03-15T12:51:42","modified_gmt":"2023-03-15T12:51:42","slug":"curvas-con-rodillos-de-90-180","status":"publish","type":"product","link":"https:\/\/lipro.pro\/es\/product\/curvas-con-rodillos-de-90-180\/","title":{"rendered":"Curvas con rodillos de 90\u00b0 \/ 180\u00b0"},"content":{"rendered":"<p><span lang=\"ES\">Una curva de rodillo se utiliza para cambiar la trayectoria de una paleta o carga sin cambiar la orientaci\u00f3n de la paleta (la parte delantera es siempre delantera).<\/span><\/p>\n<p><span lang=\"ES\">Un tope delante de la curva evita la acumulaci\u00f3n en la misma.<\/span><\/p>\n<p><span lang=\"ES\">*Para m\u00e1s informaci\u00f3n, p\u00f3ngase en contacto con nuestro servicio t\u00e9cnico.<\/span><\/p>\n","protected":false},"excerpt":{"rendered":"<p>Una curva de rodillo se utiliza para cambiar la trayectoria de una paleta o carga sin cambiar la orientaci\u00f3n de la paleta (la parte delantera es siempre delantera).<\/p>\n<p>Un tope delante de la curva evita la acumulaci\u00f3n en la misma.<\/p>\n<p>*Para m\u00e1s informaci\u00f3n, p\u00f3ngase en contacto con nuestro servicio t\u00e9cnico.<\/p>\n","protected":false},"featured_media":8813,"parent":0,"template":"","product_category":[101],"class_list":["post-10192","product","type-product","status-publish","has-post-thumbnail","hentry","product_category-sistemas-de-transporte"],"acf":[],"_links":{"self":[{"href":"https:\/\/lipro.pro\/es\/wp-json\/wp\/v2\/product\/10192","targetHints":{"allow":["GET"]}}],"collection":[{"href":"https:\/\/lipro.pro\/es\/wp-json\/wp\/v2\/product"}],"about":[{"href":"https:\/\/lipro.pro\/es\/wp-json\/wp\/v2\/types\/product"}],"wp:featuredmedia":[{"embeddable":true,"href":"https:\/\/lipro.pro\/es\/wp-json\/wp\/v2\/media\/8813"}],"wp:attachment":[{"href":"https:\/\/lipro.pro\/es\/wp-json\/wp\/v2\/media?parent=10192"}],"wp:term":[{"taxonomy":"product_category","embeddable":true,"href":"https:\/\/lipro.pro\/es\/wp-json\/wp\/v2\/product_category?post=10192"}],"curies":[{"name":"wp","href":"https:\/\/api.w.org\/{rel}","templated":true}]}}