{"id":10186,"date":"2022-10-26T13:39:39","date_gmt":"2022-10-26T13:39:39","guid":{"rendered":"https:\/\/lipro.pro\/?post_type=product&#038;p=10186"},"modified":"2023-06-07T12:24:41","modified_gmt":"2023-06-07T12:24:41","slug":"modulos-transversales","status":"publish","type":"product","link":"https:\/\/lipro.pro\/es\/product\/modulos-transversales\/","title":{"rendered":"M\u00f3dulos transversales"},"content":{"rendered":"<p><span lang=\"ES\">Los m\u00f3dulos transversales se utilizan cuando se desea desplazar la paleta 90\u00b0 horizontalmente de una pista a otra. Todos los m\u00f3dulos transversales contienen un cilindro neum\u00e1tico para la elevaci\u00f3n vertical y un motor el\u00e9ctrico que acciona una cadena o correa.<\/span><\/p>\n<p><span lang=\"ES\">Cualquiera de los m\u00f3dulos transversales puede utilizarse tanto en el PSC90 como en el PSB90.<\/span><\/p>\n<p><span lang=\"ES\">*Para los modelos PSR-50\/60 y versiones especiales, consulte a nuestro servicio t\u00e9cnico.<\/span><\/p>\n","protected":false},"excerpt":{"rendered":"<p>Los m\u00f3dulos transversales se utilizan cuando se desea desplazar la paleta 90\u00b0 horizontalmente de una pista a otra. Todos los m\u00f3dulos transversales contienen un cilindro neum\u00e1tico para la elevaci\u00f3n vertical y un motor el\u00e9ctrico que acciona una cadena o correa.<\/p>\n<p>Cualquiera de los m\u00f3dulos transversales puede utilizarse tanto en el PSC90 como en el PSB90.<\/p>\n<p>*Para los modelos PSR-50\/60 y versiones especiales, consulte a nuestro servicio t\u00e9cnico.<\/p>\n","protected":false},"featured_media":8877,"parent":0,"template":"","product_category":[101],"class_list":["post-10186","product","type-product","status-publish","has-post-thumbnail","hentry","product_category-sistemas-de-transporte"],"acf":[],"_links":{"self":[{"href":"https:\/\/lipro.pro\/es\/wp-json\/wp\/v2\/product\/10186","targetHints":{"allow":["GET"]}}],"collection":[{"href":"https:\/\/lipro.pro\/es\/wp-json\/wp\/v2\/product"}],"about":[{"href":"https:\/\/lipro.pro\/es\/wp-json\/wp\/v2\/types\/product"}],"wp:featuredmedia":[{"embeddable":true,"href":"https:\/\/lipro.pro\/es\/wp-json\/wp\/v2\/media\/8877"}],"wp:attachment":[{"href":"https:\/\/lipro.pro\/es\/wp-json\/wp\/v2\/media?parent=10186"}],"wp:term":[{"taxonomy":"product_category","embeddable":true,"href":"https:\/\/lipro.pro\/es\/wp-json\/wp\/v2\/product_category?post=10186"}],"curies":[{"name":"wp","href":"https:\/\/api.w.org\/{rel}","templated":true}]}}