{"id":10184,"date":"2022-05-18T09:35:14","date_gmt":"2022-05-18T09:35:14","guid":{"rendered":"https:\/\/lipro.pro\/product\/psr-50-60\/"},"modified":"2026-01-20T08:56:45","modified_gmt":"2026-01-20T08:56:45","slug":"psr-50-60","status":"publish","type":"product","link":"https:\/\/lipro.pro\/es\/product\/psr-50-60\/","title":{"rendered":"PSR-50\/60"},"content":{"rendered":"<p>En la industria se utilizan transportadores de rodillos de diferentes dise\u00f1os para el transporte de materiales voluminosos y paletizados y para el embalaje de diversos materiales y dimensiones. Las v\u00edas de rodillos pueden utilizar rodillos de 50 o 60 mm de di\u00e1metro.<\/p>\n<p>La carga admisible para las v\u00edas de rodillos es de hasta 500 kg\/m.<\/p>\n<p><em>*Para dise\u00f1os especiales de v\u00edas de rodillos, como curvas, etc., p\u00f3ngase en contacto con nuestro servicio t\u00e9cnico.<\/em><\/p>\n","protected":false},"excerpt":{"rendered":"<p>En la industria se utilizan transportadores de rodillos de diferentes dise\u00f1os para el transporte de materiales voluminosos y paletizados y para el embalaje de diversos materiales y dimensiones. Las v\u00edas de rodillos pueden utilizar rodillos de 50 o 60 mm de di\u00e1metro.<\/p>\n<p>La carga admisible para las v\u00edas de rodillos es de hasta 500 kg\/m.<\/p>\n<p>*Para dise\u00f1os especiales de v\u00edas de rodillos, como curvas, etc., p\u00f3ngase en contacto con nuestro servicio t\u00e9cnico.<\/p>\n","protected":false},"featured_media":5792,"parent":0,"template":"","product_category":[101],"class_list":["post-10184","product","type-product","status-publish","has-post-thumbnail","hentry","product_category-sistemas-de-transporte"],"acf":[],"_links":{"self":[{"href":"https:\/\/lipro.pro\/es\/wp-json\/wp\/v2\/product\/10184","targetHints":{"allow":["GET"]}}],"collection":[{"href":"https:\/\/lipro.pro\/es\/wp-json\/wp\/v2\/product"}],"about":[{"href":"https:\/\/lipro.pro\/es\/wp-json\/wp\/v2\/types\/product"}],"wp:featuredmedia":[{"embeddable":true,"href":"https:\/\/lipro.pro\/es\/wp-json\/wp\/v2\/media\/5792"}],"wp:attachment":[{"href":"https:\/\/lipro.pro\/es\/wp-json\/wp\/v2\/media?parent=10184"}],"wp:term":[{"taxonomy":"product_category","embeddable":true,"href":"https:\/\/lipro.pro\/es\/wp-json\/wp\/v2\/product_category?post=10184"}],"curies":[{"name":"wp","href":"https:\/\/api.w.org\/{rel}","templated":true}]}}