{"id":10178,"date":"2022-05-18T07:01:55","date_gmt":"2022-05-18T07:01:55","guid":{"rendered":"https:\/\/lipro.pro\/product\/psc-90\/"},"modified":"2025-03-25T12:50:32","modified_gmt":"2025-03-25T12:50:32","slug":"psc-90","status":"publish","type":"product","link":"https:\/\/lipro.pro\/es\/product\/psc-90\/","title":{"rendered":"PSC\u201390"},"content":{"rendered":"<p>El sistema de paletas PSC-90 es adecuado para el transporte de cargas pesadas y grandes.<\/p>\n<p>Gracias a la cadena de acumulaci\u00f3n con rodillos de rotaci\u00f3n libre, es posible lograr la acumulaci\u00f3n y transportar pesos de hasta 1500 kg o 2 kg\/cm con un solo m\u00f3dulo de accionamiento.<\/p>\n<p><em>*Para versiones especiales, consulte a nuestro servicio t\u00e9cnico.<\/em><\/p>\n","protected":false},"excerpt":{"rendered":"<p>El sistema de paletas PSC-90 es adecuado para el transporte de cargas pesadas y grandes.<\/p>\n<p>Gracias a la cadena de acumulaci\u00f3n con rodillos de rotaci\u00f3n libre, es posible lograr la acumulaci\u00f3n y transportar pesos de hasta 1500 kg o 2 kg\/cm con un solo m\u00f3dulo de accionamiento.<\/p>\n<p>*Para versiones especiales, consulte a nuestro servicio t\u00e9cnico.<\/p>\n","protected":false},"featured_media":9030,"parent":0,"template":"","product_category":[101],"class_list":["post-10178","product","type-product","status-publish","has-post-thumbnail","hentry","product_category-sistemas-de-transporte"],"acf":[],"_links":{"self":[{"href":"https:\/\/lipro.pro\/es\/wp-json\/wp\/v2\/product\/10178","targetHints":{"allow":["GET"]}}],"collection":[{"href":"https:\/\/lipro.pro\/es\/wp-json\/wp\/v2\/product"}],"about":[{"href":"https:\/\/lipro.pro\/es\/wp-json\/wp\/v2\/types\/product"}],"wp:featuredmedia":[{"embeddable":true,"href":"https:\/\/lipro.pro\/es\/wp-json\/wp\/v2\/media\/9030"}],"wp:attachment":[{"href":"https:\/\/lipro.pro\/es\/wp-json\/wp\/v2\/media?parent=10178"}],"wp:term":[{"taxonomy":"product_category","embeddable":true,"href":"https:\/\/lipro.pro\/es\/wp-json\/wp\/v2\/product_category?post=10178"}],"curies":[{"name":"wp","href":"https:\/\/api.w.org\/{rel}","templated":true}]}}