{"id":7823,"date":"2022-08-30T14:38:47","date_gmt":"2022-08-30T14:38:47","guid":{"rendered":"http:\/\/lipro.razvija.se\/?page_id=7823"},"modified":"2023-01-06T14:09:04","modified_gmt":"2023-01-06T14:09:04","slug":"carrera","status":"publish","type":"page","link":"https:\/\/lipro.pro\/es\/carrera\/","title":{"rendered":"Carrera"},"content":{"rendered":"<p><section id=\"fluid-100\" class=\"kc-elm kc-css-857621 kc_row\"><div class=\" container-fluid\"><div class=\"row\"><div class=\"kc-elm kc-css-812589 column col-md-5\"><div class=\"kc-col-container\"><div class=\"kc-elm kc-css-215734 kc_text_block pb-2\"><\/p>\n<p class=\"MsoNormal\">La transformaci\u00f3n de las condiciones del mercado, las<br \/>tendencias globales y el deseo de transferir la direcci\u00f3n de la empresa a una<br \/>generaci\u00f3n m\u00e1s joven nos han llevado a empezar a trabajar en una nueva estrategia<br \/>corporativa hasta 2024, que tambi\u00e9n incluye una estrategia de recursos humanos.<o:p><\/o:p><\/p>\n<p>\n<\/div><\/div><\/div><\/div><\/div><\/section><section class=\"kc-elm kc-css-219559 kc_row\"><div class=\" container\"><div class=\"row\"><div class=\"kc-elm kc-css-1986 column col-md-8\"><div class=\"kc-col-container\">\n<div class=\"kc-elm kc-css-84218 kc-title-wrap \">\n\n\t<h3 class=\"kc_title pb-2\">Nuestra estrategia de RRHH abarca diferentes \u00e1reas:<\/h3>\n<\/div>\n<\/div><\/div><\/div><\/div><\/section><section class=\"kc-elm kc-css-688624 kc_row\"><div class=\" container\"><div class=\"row\"><div class=\"kc-elm kc-css-280786 column col-md-8\"><div class=\"kc-col-container\"><div class=\"kc-elm kc-css-832161 kc_shortcode kc_single_image\">\n\n        <img decoding=\"async\" src=\"https:\/\/lipro.pro\/wp-content\/uploads\/2022\/05\/1.svg\" class=\"\" alt=\"\" title=\"\">    <\/div>\n<div class=\"kc-elm kc-css-299669 kc_text_block\"><\/p>\n<h5>1. Modelo<strong> de competencias y valores<\/strong><\/h5>\n<p>Desarrollamos activamente las competencias b\u00e1sicas seleccionadas: habilidades de comunicaci\u00f3n, trabajo en equipo, dedicaci\u00f3n, flexibilidad, perseverancia y aprendizaje y desarrollo.<\/p>\n<p>Cultivamos una cultura organizativa basada en valores seleccionados que gu\u00edan nuestras acciones y comportamientos. En consecuencia, se expresan como comportamientos clave deseados por los empleados que tienen un impacto significativo en la cultura organizativa y en el rendimiento empresarial.<\/p>\n<p>\n<\/div><\/div><\/div><div class=\"kc-elm kc-css-9475 column col-md-8\"><div class=\"kc-col-container\"><div class=\"kc-elm kc-css-525154 kc_shortcode kc_single_image\">\n\n        <img decoding=\"async\" src=\"https:\/\/lipro.pro\/wp-content\/uploads\/2022\/05\/2.svg\" class=\"\" alt=\"\" title=\"\">    <\/div>\n<div class=\"kc-elm kc-css-762836 kc_text_block\"><\/p>\n<h5>2. Contrataci\u00f3n de nuevo personal<\/h5>\n<p>Bas\u00e1ndonos en un an\u00e1lisis de necesidades, realizamos entrevistas para identificar, mediante una comunicaci\u00f3n abierta, si un candidato tiene los valores y las competencias adecuadas para unirse a nuestra empresa.<\/p>\n<p>\n<\/div><\/div><\/div><div class=\"kc-elm kc-css-594758 column col-md-8\"><div class=\"kc-col-container\"><div class=\"kc-elm kc-css-593489 kc_shortcode kc_single_image\">\n\n        <img decoding=\"async\" src=\"https:\/\/lipro.pro\/wp-content\/uploads\/2022\/05\/4.svg\" class=\"\" alt=\"\" title=\"\">    <\/div>\n<div class=\"kc-elm kc-css-996148 kc_text_block\"><\/p>\n<h5>3. Desarrollo de los recursos humanos<\/h5>\n<p>Realizamos un seguimiento intensivo del nuevo empleado a trav\u00e9s de entrevistas mensuales espec\u00edficas, que repercuten positivamente en el \u00e9xito de su integraci\u00f3n en el equipo, su creatividad, motivaci\u00f3n e innovaci\u00f3n.<\/p>\n<p>\n<\/div><\/div><\/div><div class=\"kc-elm kc-css-769320 column col-md-8\"><div class=\"kc-col-container\"><div class=\"kc-elm kc-css-492387 kc_shortcode kc_single_image\">\n\n        <img decoding=\"async\" src=\"https:\/\/lipro.pro\/wp-content\/uploads\/2022\/05\/5.svg\" class=\"\" alt=\"\" title=\"\">    <\/div>\n<div class=\"kc-elm kc-css-790952 kc_text_block\"><\/p>\n<h5>4. Tutor\u00eda y formaci\u00f3n pr\u00e1ctica de los estudiantes de nivel secundario y terciario<\/h5>\n<p>Al introducir la tutor\u00eda, fomentamos y alimentamos la agilidad y la flexibilidad de nuestros empleados, apoy\u00e1ndoles en la adquisici\u00f3n de nuevos conocimientos, habilidades y competencias, y manteniendo conversaciones francas con ellos sobre el futuro. \u00a0La tutor\u00eda se lleva a cabo con los nuevos empleados, de forma intergeneracional, en el contexto de la formaci\u00f3n pr\u00e1ctica de los estudiantes y en la transferencia de conocimientos entre colegas.<\/p>\n<p>\n<\/div><\/div><\/div><div class=\"kc-elm kc-css-957567 column col-md-8\"><div class=\"kc-col-container\"><div class=\"kc-elm kc-css-165036 kc_shortcode kc_single_image\">\n\n        <img decoding=\"async\" src=\"https:\/\/lipro.pro\/wp-content\/uploads\/2022\/05\/3.svg\" class=\"\" alt=\"\" title=\"\">    <\/div>\n<div class=\"kc-elm kc-css-170517 kc_text_block\"><\/p>\n<h5>5. Formaci\u00f3n<\/h5>\n<p>Animamos a nuestros compa\u00f1eros a participar en la formaci\u00f3n en diversas \u00e1reas profesionales, organizando talleres sobre inteligencia emocional, gesti\u00f3n del tiempo y gesti\u00f3n del estr\u00e9s, incluyendo la pr\u00e1ctica regular de actividad f\u00edsica durante el horario laboral. Trabajamos con el objetivo de que s\u00f3lo un empleado f\u00edsica y mentalmente sano es capaz de comunicarse de forma constructiva, cooperar de forma constructiva y adaptarse r\u00e1pida y eficazmente a cualquier cambio significativo.<\/p>\n<p>\n<\/div><\/div><\/div><\/div><\/div><\/section><section id=\"bg-right\" class=\"kc-elm kc-css-973263 kc_row\"><div class=\" container  buttons-section\"><div class=\"row\"><div class=\"kc-elm kc-css-29108 column col-12 col-md-8\"><div class=\"kc-col-container\">\n<div class=\"kc-elm kc-css-121851 kc-title-wrap \">\n\n\t<h2 class=\"kc_title\">Politika zaposlovanja in razvoj kariere<\/h2>\n<\/div>\n<div class=\"kc-elm kc-css-100417 kc_text_block\"><\/p>\n<p>Sint occaecat cupidatat non proident, sunt in culpa qui officia deserunt mollit anim id est laborum. Sed ut perspiciatis iste natus error sit amet lorem ipsum<\/p>\n<p>\n<\/div>\n<div class=\"kc-elm kc-css-819344\">\n\t<a class=\"kc_button yellow-underline text-light font-weight-bold\" href=\"https:\/\/lipro.pro\/kariera\/politika-zaposlovanja-in-razvoj-kadrov\/\" target=\"_self\" title=\"Politika zaposlovanja in razvoj kadrov\" onclick=\"\">\n\t\tPreberi ve\u010d\t<\/a>\n<\/div>\n<\/div><\/div><\/div><\/div><\/section><section id=\"bg-left\" class=\"kc-elm kc-css-960560 kc_row\"><div class=\" container  right-fp-img\"><div class=\"row\"><div class=\"kc-elm kc-css-987290 column col-12 col-md-8\"><div class=\"kc-col-container\">\n<div class=\"kc-elm kc-css-457742 kc-title-wrap \">\n\n\t<h2 class=\"kc_title\">Programa \u0161tipendiranja dijakov Srednje tehni\u0161ke \u0161ole Koper<\/h2>\n<\/div>\n<div class=\"kc-elm kc-css-863849 kc_text_block\"><\/p>\n<p>Napisati katerim nakupom in kupcem je namenjana eTrgovina in da kupci, ki \u017eelijo kupiti npr. 5 matic, to opravijo v eTrgovini in ne na korpo sajtu<\/p>\n<p>\n<\/div>\n<div class=\"kc-elm kc-css-71899\">\n\t<a class=\"kc_button yellow-underline text-light font-weight-bold\" href=\"#\" onclick=\"\">\n\t\tPreberi ve\u010d\t<\/a>\n<\/div>\n<\/div><\/div><\/div><\/div><\/section><section id=\"career-section\" class=\"kc-elm kc-css-343115 kc_row\"><div class=\" container\"><div class=\"row\"><div class=\"kc-elm kc-css-488960 col-lg-12 column col-12\"><div class=\"kc-col-container\"><div class=\"kc-elm kc-css-668628 kc-raw-code\">\r\n<section id=\"career-section\">\r\n    <div class=\"container\">\r\n\r\n    <h2 class=\"mb-4\">Vacantes<\/h2>\r\n\r\n\r\n        \r\n        <div class=\"row\">\r\n            <div class=\"col-12 col-lg-7\">\r\n\r\n                <div>\r\n                                            <span> <p>Actualmente no hay vacantes anunciadas. Te invitamos a <strong><a href=\"https:\/\/lipro.pro\/es\/consulta\/?type=inscr%C3%ADbase-en-nuestra-base-de-datos-de-solicitantes-de-empleo#contact\">aplicar a nuestra base de datos de buscadores de empleo<\/a><\/strong>.<\/p>\n <\/span>\r\n                                    <\/div>\r\n\r\n            <\/div>\r\n        <\/div>\r\n\r\n\r\n        \r\n\r\n\r\n\r\n\r\n    <\/div>\r\n<\/section>\r\n\r\n\r\n\r\n<\/div><\/div><\/div><\/div><\/div><\/section><section class=\"kc-elm kc-css-282441 kc_row career-row\"><div class=\" container\"><div class=\"row\"><div class=\"kc-elm kc-css-791079 col-lg-12 column col-12\"><div class=\"kc-col-container\"><div class=\"div-wrapper kc-elm kc-css-314627 career-inner\">\n<div class=\"kc-elm kc-css-249168 kc-title-wrap \">\n\n\t<h2 class=\"kc_title\">Inscr\u00edbase en nuestra base de datos de solicitantes de empleo<\/h2>\n<\/div>\n<div class=\"kc-elm kc-css-301764 kc_text_block\"><\/p>\n<p>Si actualmente no hay vacantes anunciadas, o si considera que las vacantes anunciadas no se ajustan a su perfil, todav\u00eda puede presentarse a nosotros en una solicitud abierta.<\/p>\n<p>Le a\u00f1adiremos a nuestra base de datos y nos pondremos en contacto con usted cuando necesitemos nuevos colaboradores.<\/p>\n<p>\n<\/div>\n<div class=\"kc-elm kc-css-3283\">\n\t<a class=\"kc_button yellow-underline text-light font-weight-bold\" href=\"https:\/\/lipro.pro\/es\/consulta\/?type=inscr\u00edbase-en-nuestra-base-de-datos-de-solicitantes-de-empleo#contact\" target=\"_self\" title=\"\" onclick=\"\">\n\t\tEnv\u00ede su solicitud y su CV\t<\/a>\n<\/div>\n<\/div><\/div><\/div><\/div><\/div><\/section><\/p>\n","protected":false},"excerpt":{"rendered":"<p>Un equipo de empleados dedicados a proporcionar soluciones a medida para los clientes en la automatizaci\u00f3n de la producci\u00f3n, en los mercados esloveno y europeo<\/p>\n","protected":false},"author":5,"featured_media":9136,"parent":0,"menu_order":0,"comment_status":"closed","ping_status":"closed","template":"page-templates\/fullwidthpage-main.php","meta":{"_acf_changed":false,"footnotes":""},"class_list":["post-7823","page","type-page","status-publish","has-post-thumbnail","hentry"],"acf":[],"_links":{"self":[{"href":"https:\/\/lipro.pro\/es\/wp-json\/wp\/v2\/pages\/7823","targetHints":{"allow":["GET"]}}],"collection":[{"href":"https:\/\/lipro.pro\/es\/wp-json\/wp\/v2\/pages"}],"about":[{"href":"https:\/\/lipro.pro\/es\/wp-json\/wp\/v2\/types\/page"}],"author":[{"embeddable":true,"href":"https:\/\/lipro.pro\/es\/wp-json\/wp\/v2\/users\/5"}],"replies":[{"embeddable":true,"href":"https:\/\/lipro.pro\/es\/wp-json\/wp\/v2\/comments?post=7823"}],"version-history":[{"count":0,"href":"https:\/\/lipro.pro\/es\/wp-json\/wp\/v2\/pages\/7823\/revisions"}],"wp:featuredmedia":[{"embeddable":true,"href":"https:\/\/lipro.pro\/es\/wp-json\/wp\/v2\/media\/9136"}],"wp:attachment":[{"href":"https:\/\/lipro.pro\/es\/wp-json\/wp\/v2\/media?parent=7823"}],"curies":[{"name":"wp","href":"https:\/\/api.w.org\/{rel}","templated":true}]}}