{"id":7809,"date":"2022-08-30T14:32:08","date_gmt":"2022-08-30T14:32:08","guid":{"rendered":"http:\/\/lipro.razvija.se\/?page_id=7809"},"modified":"2024-01-19T10:33:47","modified_gmt":"2024-01-19T10:33:47","slug":"sobre-la-empresa","status":"publish","type":"page","link":"https:\/\/lipro.pro\/es\/sobre-la-empresa\/","title":{"rendered":"Sobre la empresa"},"content":{"rendered":"<p><section id=\"fluid-100\" class=\"kc-elm kc-css-816227 kc_row\"><div class=\" container-fluid\"><div class=\"row\"><div class=\"kc-elm kc-css-146043 column col-md-5\"><div class=\"kc-col-container\"><div class=\"kc-elm kc-css-134141 kc_text_block pb-2\"><\/p>\n<p>El cambio de las condiciones del mercado, las tendencias mundiales y el deseo de transferir la gesti\u00f3n y la direcci\u00f3n de la empresa a una generaci\u00f3n m\u00e1s joven nos han llevado a empezar a preparar una nueva estrategia para Lipra d.o.o. hasta 2024. La estrategia proporcionar\u00e1 las directrices adecuadas para nuestro desarrollo futuro como respuesta a los desaf\u00edos actuales de la \u00e9poca y a los cambios que se est\u00e1n produciendo en nuestro entorno empresarial.<\/p>\n<p>\n<\/div><div class=\"kc-elm kc-css-458537 kc_text_block\"><\/p>\n<p>A pesar de los cambios en el entorno, seguimos comprometidos con nuestra misi\u00f3n de mejorar y simplificar los sistemas de transporte y ofrecer soluciones profesionales adaptadas a las necesidades del cliente con empleados dedicados.\u00a0 Tambi\u00e9n seguiremos esforz\u00e1ndonos por crear un valor sostenible para nuestros empleados, socios comerciales y el entorno local. Fomentaremos el trabajo en equipo y la comunicaci\u00f3n interna abierta. Es esencial que difundamos con el ejemplo una cultura de cooperaci\u00f3n, respeto y responsabilidad entre todos los empleados de Lipro d.o.o.<\/p>\n<p>El entorno interno y la capacidad de desarrollo actual indican que Lipro d.o.o. es capaz de crecer en el pr\u00f3ximo periodo y as\u00ed consolidar y mantener su posici\u00f3n en el mercado. Una posici\u00f3n financiera estable, empleados dedicados, equipos modernos, la orientaci\u00f3n hacia el desarrollo y la innovaci\u00f3n, as\u00ed como el control de los procesos empresariales son, seg\u00fan la direcci\u00f3n, son las fuentes de ventajas competitivas sobre las que Lipro d.o.o. puede construir su futuro. El Plan Estrat\u00e9gico presenta una visi\u00f3n profesional y realista de la futura trayectoria de desarrollo de Lipro Ltd. para convertirse en la mejor opci\u00f3n para las empresas que desean soluciones innovadoras, de calidad y respetuosas con el medio ambiente en la automatizaci\u00f3n de la producci\u00f3n, tanto en la UE como fuera de ella.<\/p>\n<p>\n<\/div><\/div><\/div><\/div><\/div><\/section><section id=\"fluid-100\" class=\"kc-elm kc-css-317881 kc_row\"><div class=\" container-fluid\"><div class=\"row\"><div class=\"kc-elm kc-css-275633 column col-md-5\"><div class=\"kc-col-container\">\n<div class=\"kc-elm kc-css-327946 kc-title-wrap \">\n\n\t<h3 class=\"kc_title pb-2\">Pogled v prihodnost \u2013 zaveza vodstva<\/h3>\n<\/div>\n<div class=\"kc-elm kc-css-676965 kc_text_block pb-2\"><\/p>\n<p>\nSpremenjena razmere na trgu, globalni trendi in \u017eelja po prenosu vodenja in upravljanja podjetja na mlaj\u0161o generacijo, so nas spodbudili, da smo za\u010deli pripravljati novo strategijo Lipra d.o.o. do leta 2024. Strategija bo podala ustrezne usmeritve za na\u0161 nadaljnji razvoj kot odgovor na aktualne izzive \u010dasa in spremembe, ki se dogajajo v na\u0161em poslovnem okolju.<\/p>\n<p>Kljub spremembam v okolju ostajamo zavezani na\u0161emu poslanstvu, da izbolj\u0161ujemo in poenostavljamo\u00a0 transportne sisteme ter z zavzetimi sodelavci zagotavljamo profesionalne re\u0161itve po meri naro\u010dnika.\u00a0 Prav tako si bomo \u0161e naprej prizadevali za trajno ustvarjanje vrednosti za zaposlene, poslovne partnerje in lokalno okolje. Spodbujali bomo timsko delo in odprto interno komunikacijo. Klju\u010dnega pomena je, da z zgledom \u0161irimo kulturo sodelovanja, spo\u0161tovanja in prevzemanja odgovornosti med vsemi sodelavkami in sodelavci v Lipro d.o.o.\u00a0<\/p>\n<p>Notranje okolje in trenutne razvojne zmo\u017enosti ka\u017eejo na to, da je Lipro d.o.o. v prihodnjem obdobju sposoben rasti, ter s tem utrditi in ohraniti svoj polo\u017eaj na trgu. Stabilen finan\u010dni polo\u017eaj, zavzeti sodelavci, sodobna oprema, razvojna usmerjenost in inovativnost ter obvladovanje poslovnih procesov, so po mnenju vodstva viri konkuren\u010dne prednosti, na katerih lahko Lipro d.o.o. gradi svojo prihodnost. Strate\u0161ki na\u010drt strokovno utemeljeno in realno prikazuje prihodnjo razvojno pot Lipra d.o.o. do najbolj\u0161e izbire izbira za podjetja, ki \u017eelijo inovativne, kakovostne in okolju prijazne re\u0161itve v avtomatizaciji proizvodnje tako v EU kot tudi \u0161ir\u0161e.<\/p>\n<p>\n<\/div><\/div><\/div><\/div><\/div><\/section><section data-kc-equalheight=\"true\" data-kc-equalheight-align=\"middle\" data-kc-fullwidth=\"content\" class=\"kc-elm kc-css-863591 kc_row company-right\"><div class=\" container-fluid\"><div class=\"row\"><div class=\"kc-elm kc-css-987454 col-lg-6 column d-flex justify-content-end order-2 order-md-1\"><div class=\"left-box mt-3 mt-md-0 kc-col-container\">\n<div class=\"kc-elm kc-css-521103 kc-title-wrap \">\n\n\t<h2 class=\"kc_title\">Visi\u00f3n y misi\u00f3n<\/h2>\n<\/div>\n<div class=\"kc-elm kc-css-552672 kc_text_block\"><\/p>\n<p>Visi\u00f3n<\/p>\n<p>Nos convertiremos en la mejor opci\u00f3n para las empresas que deseen soluciones innovadoras, de calidad y respetuosas con el medio ambiente en la automatizaci\u00f3n de la producci\u00f3n. Lo lograremos mediante la digitalizaci\u00f3n de nuestros procesos empresariales, la orientaci\u00f3n hacia la sostenibilidad de nuestras operaciones y la creaci\u00f3n de redes de colaboraci\u00f3n.<\/p>\n<p>\n<\/div><div class=\"kc-elm kc-css-596464 kc_text_block\"><\/p>\n<p>Misi\u00f3n<\/p>\n<p>Mejoramos y simplificamos los sistemas de transporte y las construcciones flexibles en la automatizaci\u00f3n. Los dedicados empleados ofrecen soluciones profesionales adaptadas a las necesidades del cliente.<\/p>\n<p>\n<\/div><\/div><\/div><div class=\"kc-elm kc-css-743264 col-lg-6 column order-1 order-md-2 p-0\"><div class=\"kc-col-container\"><div class=\"kc-elm kc-css-747565 kc_shortcode kc_single_image\">\n\n        <img decoding=\"async\" src=\"https:\/\/lipro.pro\/wp-content\/uploads\/2022\/01\/cpn.png\" class=\"\" alt=\"\" title=\"\">    <\/div>\n<\/div><\/div><\/div><\/div><\/section><section data-kc-equalheight=\"true\" data-kc-equalheight-align=\"middle\" data-kc-fullwidth=\"content\" class=\"kc-elm kc-css-311821 kc_row company-right\"><div class=\" container-fluid\"><div class=\"row\"><div class=\"kc-elm kc-css-946110 col-lg-6 column d-flex justify-content-end order-2 order-md-1 mobile-blue\"><div class=\"left-box mt-3 mt-md-0 kc-col-container\">\n<div class=\"kc-elm kc-css-183782 kc-title-wrap \">\n\n\t<h2 class=\"kc_title\">Local going Global<\/h2>\n<\/div>\n<div class=\"kc-elm kc-css-859874 kc_text_block\"><\/p>\n<p>\nNapisati katerim nakupom in kupcem je namenjana eTrgovina in da kupci, ki \u017eelijo kupiti npr. 5 matic, to opravijo v eTrgovini in ne na korpo sajtu<\/p>\n<p>\n<\/div><div class=\"kc-elm kc-css-141729 kc_text_block\"><\/p>\n<p>\nLipro d.o.o.<br \/>Dekani 20 A, 6271 Dekani, Slovenija<\/p>\n<p>t: 00386 05 625 13 43<br \/>e: info@lipro.si<\/p>\n<p>ID DDV: SI4714948<br \/>M\u0160: 1318047<\/p>\n<p>\n<\/div><\/div><\/div><div class=\"kc-elm kc-css-421254 col-lg-6 column order-1 order-md-2 p-0\"><div class=\"kc-col-container\"><div class=\"kc-elm kc-css-238298 kc_shortcode kc_single_image blue-left\">\n\n        <img decoding=\"async\" src=\"https:\/\/lipro.pro\/wp-content\/uploads\/2022\/01\/Mask-Group-14.png\" class=\"\" alt=\"\" title=\"\">    <\/div>\n<\/div><\/div><\/div><\/div><\/section><section data-kc-equalheight=\"true\" data-kc-equalheight-align=\"middle\" data-kc-fullwidth=\"content\" class=\"kc-elm kc-css-424855 kc_row company-right\"><div class=\" container-fluid\"><div class=\"row\"><div class=\"kc-elm kc-css-107346 col-lg-6 column d-flex justify-content-end order-2 order-md-1 mobile-blue\"><div class=\"left-box mt-3 mt-md-0 kc-col-container\"><div class=\"kc-elm kc-css-297364 kc_text_block\"><\/p>\n<p>Lipro d.o.o.<br \/>Dekani 20 A, 6271 Dekani, Eslovenia<\/p>\n<p>t: 00386 05 625 13 43<br \/>e:\u00a0<strong><a href=\"mailto:info@lipro.si\">info@lipro.si<\/a><\/strong><\/p>\n<p>N\u00famero IVA: SI4714948<br \/>N\u00famero de registro: 1318047<\/p>\n<p>\n<\/div><\/div><\/div><div class=\"kc-elm kc-css-353980 col-lg-6 column order-1 order-md-2 p-0\"><div class=\"kc-col-container\"><div class=\"kc-elm kc-css-94951 kc_shortcode kc_single_image blue-left\">\n\n        <img decoding=\"async\" src=\"https:\/\/lipro.pro\/wp-content\/uploads\/2022\/01\/Mask-Group-14.png\" class=\"\" alt=\"\" title=\"\">    <\/div>\n<\/div><\/div><\/div><\/div><\/section><section class=\"kc-elm kc-css-662396 kc_row\"><div class=\" container\"><div class=\"row\"><\/div><\/div><\/section><section id=\"bg-right\" class=\"kc-elm kc-css-233163 kc_row\"><div class=\" container  buttons-section\"><div class=\"row\"><div class=\"kc-elm kc-css-963988 column col-12 col-md-8\"><div class=\"kc-col-container\">\n<div class=\"kc-elm kc-css-774174 kc-title-wrap \">\n\n\t<h2 class=\"kc_title\">\u00bfHa descubierto que somos su colaborador ideal?<\/h2>\n<\/div>\n<div class=\"kc-elm kc-css-461376 kc_text_block\"><\/p>\n<p>El \u00e9xito de nuestra empresa tambi\u00e9n depende de la calidad de nuestros proveedores. Por eso nos esforzamos constantemente por garantizar la calidad de nuestros productos desde la materia prima hasta el cliente final.<\/p>\n<p>\n<\/div><div class=\"div-wrapper kc-elm kc-css-971255 button-wrapper\">\n<div class=\"kc-elm kc-css-165422\">\n\t<a class=\"kc_button yellow-underline text-light\" href=\"https:\/\/lipro.pro\/es\/consulta\/?type=trabaje-con-nosotros-como-proveedor#contact\" target=\"_self\" title=\"\" onclick=\"\">\n\t\tConvi\u00e9rtase en nuestro proveedor\t<\/a>\n<\/div>\n<\/div><\/div><\/div><\/div><\/div><\/section><section id=\"history\" class=\"kc-elm kc-css-345282 kc_row\"><div class=\" container\"><div class=\"row\"><div class=\"kc-elm kc-css-775824 column col-md-7\"><div class=\"kc-col-container\">\n<div class=\"kc-elm kc-css-636358 kc-title-wrap \">\n\n\t<h2 class=\"kc_title\">Hitos importantes de la historia<\/h2>\n<\/div>\n<div class=\"kc-elm kc-css-688276 kc_text_block\"><\/p>\n<p>Los comienzos de Lipro se remontan a 1998, cuando Albert y Barbara Pribac iniciaron su actividad en el taller familiar de Koper. Para ampliar su negocio, pronto se trasladaron a un local alquilado algo m\u00e1s grande en Koper.<\/p>\n<p>\n<\/div>\n<div class=\"kc-elm kc-css-567752\">\n\t<a class=\"kc_button yellow-underline\" href=\"https:\/\/lipro.pro\/es\/sobre-la-empresa\/hitos-importantes-de-la-historia\/\" target=\"_self\" title=\"Hitos importantes de la historia\" onclick=\"\">\n\t\tLeer m\u00e1s\t<\/a>\n<\/div>\n<div class=\"kc-elm kc-css-686329 kc_text_block year\"><\/p>\n<p>\n1998<\/p>\n<p>\n<\/div><\/div><\/div><\/div><\/div><\/section><section id=\"bg-right\" class=\"kc-elm kc-css-354567 kc_row\"><div class=\" container\"><div class=\"row\"><div class=\"kc-elm kc-css-414505 column col-12 col-md-8\"><div class=\"kc-col-container\">\n<div class=\"kc-elm kc-css-993174 kc-title-wrap \">\n\n\t<h2 class=\"kc_title\">Inscr\u00edbase en nuestra base de datos de solicitantes de empleo<\/h2>\n<\/div>\n<div class=\"kc-elm kc-css-112489 kc_text_block\"><\/p>\n<p>Si actualmente no hay vacantes anunciadas, o si considera que las vacantes anunciadas no se ajustan a su perfil, todav\u00eda puede presentarse a nosotros en una solicitud abierta.<\/p>\n<p>Le a\u00f1adiremos a nuestra base de datos y nos pondremos en contacto con usted cuando necesitemos nuevos colaboradores.<\/p>\n<p>\n<\/div>\n<div class=\"kc-elm kc-css-317282\">\n\t<a class=\"kc_button yellow-underline text-light font-weight-bold\" href=\"https:\/\/lipro.pro\/es\/consulta\/?type=inscr\u00edbase-en-nuestra-base-de-datos-de-solicitantes-de-empleo#contact\" target=\"_self\" title=\"\" onclick=\"\">\n\t\tEnv\u00ede su solicitud y su CV\t<\/a>\n<\/div>\n<\/div><\/div><\/div><\/div><\/section><\/p>\n","protected":false},"excerpt":{"rendered":"<p>Mirando al futuro: un compromiso de la direcci\u00f3n<\/p>\n","protected":false},"author":5,"featured_media":4061,"parent":0,"menu_order":0,"comment_status":"closed","ping_status":"closed","template":"page-templates\/fullwidthpage-main.php","meta":{"_acf_changed":false,"footnotes":""},"class_list":["post-7809","page","type-page","status-publish","has-post-thumbnail","hentry"],"acf":[],"_links":{"self":[{"href":"https:\/\/lipro.pro\/es\/wp-json\/wp\/v2\/pages\/7809","targetHints":{"allow":["GET"]}}],"collection":[{"href":"https:\/\/lipro.pro\/es\/wp-json\/wp\/v2\/pages"}],"about":[{"href":"https:\/\/lipro.pro\/es\/wp-json\/wp\/v2\/types\/page"}],"author":[{"embeddable":true,"href":"https:\/\/lipro.pro\/es\/wp-json\/wp\/v2\/users\/5"}],"replies":[{"embeddable":true,"href":"https:\/\/lipro.pro\/es\/wp-json\/wp\/v2\/comments?post=7809"}],"version-history":[{"count":0,"href":"https:\/\/lipro.pro\/es\/wp-json\/wp\/v2\/pages\/7809\/revisions"}],"wp:featuredmedia":[{"embeddable":true,"href":"https:\/\/lipro.pro\/es\/wp-json\/wp\/v2\/media\/4061"}],"wp:attachment":[{"href":"https:\/\/lipro.pro\/es\/wp-json\/wp\/v2\/media?parent=7809"}],"curies":[{"name":"wp","href":"https:\/\/api.w.org\/{rel}","templated":true}]}}