{"id":7802,"date":"2022-01-06T11:39:41","date_gmt":"2022-01-06T11:39:41","guid":{"rendered":"http:\/\/lipro.razvija.se\/quality\/"},"modified":"2024-03-19T11:15:03","modified_gmt":"2024-03-19T11:15:03","slug":"calidad","status":"publish","type":"page","link":"https:\/\/lipro.pro\/es\/calidad\/","title":{"rendered":"Calidad"},"content":{"rendered":"<p><section class=\"kc-elm kc-css-736656 kc_row\"><div class=\" container\"><div class=\"row\"><div class=\"kc-elm kc-css-770537 col-lg-12 column col-12\"><div class=\"kc-col-container\">\n<div class=\"kc-elm kc-css-800158 kc-title-wrap \">\n\n\t<h2 class=\"kc_title\">Calidad<\/h2>\n<\/div>\n<div class=\"kc-elm kc-css-991869 row\"><div class=\"kc-elm kc-css-933604 col-12 col-lg-8 column_inner\"><div class=\"kc_wrapper kc-col-inner-container\"><div class=\"kc-elm kc-css-738178 kc_text_block\"><\/p>\n<p>La satisfacci\u00f3n del cliente es nuestro principal objetivo, por lo que utilizamos diversos enfoques y aplicaciones para garantizar y mejorar la calidad.<\/p>\n<\/p>\n<p>Para obtener la mejor calidad de los productos, es fundamental la integraci\u00f3n de todas las \u00e1reas, desde las operativas hasta las t\u00e9cnicas. Nuestros esmerados proveedores y nuestros dedicados empleados garantizan que nuestros productos representen el m\u00e1s alto nivel de calidad.<\/p>\n<\/p>\n<p>\u00a1El compromiso con la calidad del producto y el servicio es muy importante en Lipro, por lo que hemos obtenido y mantenemos la norma ISO 9001!<\/p>\n<p>\n<\/div><\/div><\/div><div class=\"kc-elm kc-css-17462 col-12 col-lg-4 column_inner\"><div class=\"kc_wrapper kc-col-inner-container\"><div class=\"kc-elm kc-css-97956 kc_shortcode kc_single_image\">\n\n        <a rel=\"prettyPhoto\" class=\"kc-pretty-photo\" href=\"https:\/\/lipro.pro\/wp-content\/uploads\/2023\/07\/ISO-9001-ANG-pdf.jpg\" title=\"\" target=\"\">\n        <img decoding=\"async\" src=\"https:\/\/lipro.pro\/wp-content\/uploads\/2023\/07\/ISO-9001-ANG-pdf.jpg\" class=\"\" alt=\"\" title=\"\">    <\/a>\n    <\/div>\n<\/div><\/div><\/div><\/div><\/div><\/div><\/div><\/section><section class=\"kc-elm kc-css-6739 kc_row\"><div class=\" container\"><div class=\"row\"><div class=\"kc-elm kc-css-897958 col-lg-12 column col-12\"><div class=\"kc-col-container\">\n<div class=\"kc-elm kc-css-769163 kc-title-wrap \">\n\n\t<h2 class=\"kc_title\">Medio ambiente<\/h2>\n<\/div>\n<div class=\"kc-elm kc-css-50009 row\"><div class=\"kc-elm kc-css-382651 col-12 col-lg-8 column_inner\"><div class=\"kc_wrapper kc-col-inner-container\"><div class=\"kc-elm kc-css-387756 kc_text_block\"><\/p>\n<p>En Lipro damos mucha importancia a la protecci\u00f3n del medio ambiente y nos esforzamos por reducir nuestro impacto ambiental mediante nuevos procesos en la producci\u00f3n de nuestros productos.<\/p>\n<\/p>\n<p>Cada d\u00eda nos esforzamos por mejorar continuamente en el \u00e1mbito de la protecci\u00f3n del medio ambiente, porque Lipro forma parte de una sociedad que quiere proporcionar un entorno limpio y saludable a las generaciones futuras.<\/p>\n<\/p>\n<p>\u00a1Nuestros principios de protecci\u00f3n medioambiental nos han llevado a obtener la norma ISO 14001!<\/p>\n<p>\n<\/div><\/div><\/div><div class=\"kc-elm kc-css-98306 col-12 col-lg-4 column_inner\"><div class=\"kc_wrapper kc-col-inner-container\"><div class=\"kc-elm kc-css-934687 kc_shortcode kc_single_image\">\n\n        <a rel=\"prettyPhoto\" class=\"kc-pretty-photo\" href=\"https:\/\/lipro.pro\/wp-content\/uploads\/2023\/07\/ISO-14001-ANG-pdf.jpg\" title=\"\" target=\"\">\n        <img decoding=\"async\" src=\"https:\/\/lipro.pro\/wp-content\/uploads\/2023\/07\/ISO-14001-ANG-pdf.jpg\" class=\"\" alt=\"\" title=\"\">    <\/a>\n    <\/div>\n<\/div><\/div><\/div><\/div><\/div><\/div><\/div><\/section><section class=\"kc-elm kc-css-873482 kc_row\"><div class=\" container\"><div class=\"row\"><div class=\"kc-elm kc-css-598779 col-lg-12 column col-12\"><div class=\"kc-col-container\">\n<div class=\"kc-elm kc-css-581055 kc-title-wrap \">\n\n\t<h2 class=\"kc_title\">Los valores fundamentales de Lipro<\/h2>\n<\/div>\n<div class=\"kc-elm kc-css-972997 kc_text_block\"><\/p>\n<p>\n<\/div><div class=\"kc-elm kc-css-328439 row\"><div class=\"kc-elm kc-css-245196 col-12 col-lg-12 column_inner\"><div class=\"kc_wrapper kc-col-inner-container\"><div class=\"kc-elm kc-css-15427 kc_shortcode kc_single_image\">\n\n        <img decoding=\"async\" src=\"https:\/\/lipro.pro\/wp-content\/uploads\/2024\/03\/Vrednote-ES-2.jpg\" class=\"\" alt=\"\" title=\"\">    <\/div>\n<\/div><\/div><\/div><\/div><\/div><\/div><\/div><\/section><section class=\"kc-elm kc-css-432823 kc_row\"><div class=\" container\"><div class=\"row\"><div class=\"kc-elm kc-css-645211 col-lg-8 column col-12\"><div class=\"kc-col-container\"><div class=\"kc-elm kc-css-197812 row\"><div class=\"kc-elm kc-css-672971 col-12 col-lg-12 column_inner\"><div class=\"kc_wrapper kc-col-inner-container\"><div class=\"kc-elm kc-css-630324 kc_text_block\"><\/p>\n<p>Zadovoljstvo strank je na\u0161 najve\u010dji cilj zato z razli\u010dnim prijemi ter aplikacijami zagotavljamo ter izbolj\u0161ujemo kakovost.<\/p>\n<p>Za najbolj\u0161o kakovost izdelka je klju\u010dnega pomena povezanost vseh podro\u010dji od operativnih do tehni\u010dnih. Na\u0161i skrbni dobavitelji ter predani zaposleni skrbijo ,da na\u0161i izdelki predstavljajo najvi\u0161ji standard kakovosti.<\/p>\n<p>Zavezanost kakovosti izdelkov ter storitev je v podjetju Lipro zelo pomembno zato smo tudi pridobil ter vzdr\u017eujemo standard ISO 9001!<\/p>\n<p>\n<\/div><\/div><\/div><\/div><\/div><\/div><div class=\"kc-elm kc-css-680730 col-lg-4 column col-12\"><div class=\"kc-col-container\"><div class=\"kc-elm kc-css-13329 row\"><div class=\"kc-elm kc-css-108886 col-12 col-lg-12 column_inner\"><div class=\"kc_wrapper kc-col-inner-container\"><div class=\"kc-elm kc-css-380465 kc_shortcode kc_single_image\">\n\n        <img decoding=\"async\" src=\"https:\/\/lipro.pro\/wp-content\/uploads\/2022\/02\/ISO-SLO-pdf.jpg\" class=\"\" alt=\"\" title=\"\">    <\/div>\n<\/div><\/div><\/div><\/div><\/div><\/div><\/div><\/section><\/p>\n","protected":false},"excerpt":{"rendered":"<p>Desde 1998, Lipro apuesta por la mejor calidad de sus productos y servicios.<\/p>\n","protected":false},"author":9,"featured_media":9154,"parent":0,"menu_order":0,"comment_status":"closed","ping_status":"closed","template":"page-templates\/fullwidthpage-main.php","meta":{"_acf_changed":false,"footnotes":""},"class_list":["post-7802","page","type-page","status-publish","has-post-thumbnail","hentry"],"acf":[],"_links":{"self":[{"href":"https:\/\/lipro.pro\/es\/wp-json\/wp\/v2\/pages\/7802","targetHints":{"allow":["GET"]}}],"collection":[{"href":"https:\/\/lipro.pro\/es\/wp-json\/wp\/v2\/pages"}],"about":[{"href":"https:\/\/lipro.pro\/es\/wp-json\/wp\/v2\/types\/page"}],"author":[{"embeddable":true,"href":"https:\/\/lipro.pro\/es\/wp-json\/wp\/v2\/users\/9"}],"replies":[{"embeddable":true,"href":"https:\/\/lipro.pro\/es\/wp-json\/wp\/v2\/comments?post=7802"}],"version-history":[{"count":0,"href":"https:\/\/lipro.pro\/es\/wp-json\/wp\/v2\/pages\/7802\/revisions"}],"wp:featuredmedia":[{"embeddable":true,"href":"https:\/\/lipro.pro\/es\/wp-json\/wp\/v2\/media\/9154"}],"wp:attachment":[{"href":"https:\/\/lipro.pro\/es\/wp-json\/wp\/v2\/media?parent=7802"}],"curies":[{"name":"wp","href":"https:\/\/api.w.org\/{rel}","templated":true}]}}