{"id":6798,"date":"2022-01-06T10:44:20","date_gmt":"2022-01-06T10:44:20","guid":{"rendered":"http:\/\/lipro.razvija.se\/?page_id=6798"},"modified":"2024-01-16T13:33:52","modified_gmt":"2024-01-16T13:33:52","slug":"avtomatizacija-proizvodnih-procesov-in-transportnih-sistemov","status":"publish","type":"page","link":"https:\/\/lipro.pro\/es\/","title":{"rendered":"L\u00edneas de transporte y estructuras flexibles en la automatizaci\u00f3n"},"content":{"rendered":"<p><section class=\"kc-elm kc-css-802439 kc_row\"><div class=\" container\"><div class=\"row\"><div class=\"kc-elm kc-css-697891 col-lg-12 column col-12\"><div class=\"kc-col-container\"><div class=\"kc-elm kc-css-34051 kc-raw-code\">\r\n<div class=\"parent\">\r\n    <div class=\"content-block\">\r\n        <h2>Un equipo de colaboradores dedicados y con excelentes conocimientos<\/h2>\r\n        <h4 class=\"font-weight-normal mt-2 d-inline-block\">Proporcionamos soluciones a medida para los clientes en la automatizaci\u00f3n de la producci\u00f3n, en los mercados esloveno y europeo.<\/h4>\r\n\r\n        <div class=\"btn-group mt-3\">\r\n\r\n                        <a href=\"https:\/\/lipro.pro\/es\/productos-y-servicios\/\"\r\n                class=\"btn btn-primary font-weight-bold\">Productos y servicios<\/a>\r\n            \r\n                        <a href=\"https:\/\/lipro.pro\/es\/sobre-la-empresa\/\"\r\n                class=\"yellow-underline text-warning font-weight-bold ml-md-3 mt-2 mt-md-0\">Informaci\u00f3n sobre la empresa<\/a>\r\n            \r\n        <\/div>\r\n    <\/div>\r\n    <div class=\"icon-block-1 d-flex flex-row align-items-end mt-7 mt-md-0 mb-4 mb-md-0\">\r\n        <div class=\"img-wrapper mr-3\">\r\n            <img decoding=\"async\" src=\"https:\/\/lipro.pro\/wp-content\/uploads\/2022\/01\/Group-612.svg\" alt=\"\" title=\"\">\r\n        <\/div>\r\n        <h3 class=\"font-weight-bold d-inline-block \">Flexibilidad en la cooperaci\u00f3n<\/h3>\r\n    <\/div>\r\n    <div class=\"icon-block-2 d-flex flex-row-reverse align-items-baseline ml-auto\">\r\n        <div class=\"img-wrapper ml-3\">\r\n            <img decoding=\"async\" src=\"https:\/\/lipro.pro\/wp-content\/uploads\/2022\/01\/Group-613.svg\" alt=\"\" title=\"\">\r\n        <\/div>\r\n        <h3 class=\"font-weight-bold d-inline-block text-right\">Excelente servicio de atenci\u00f3n al cliente<\/h3>\r\n    <\/div>\r\n<\/div>\r\n\r\n\r\n<\/div><\/div><\/div><\/div><\/div><\/section><section id=\"gray-intro\" class=\"kc-elm kc-css-267796 kc_row\"><div class=\" container\"><div class=\"row\"><div class=\"kc-elm kc-css-302935 column col-12 col-md-6\"><div class=\"kc-col-container\">\n<div class=\"kc-elm kc-css-599266 kc-title-wrap \">\n\n\t<h2 class=\"kc_title\">Nuestros productos y servicios<\/h2>\n<\/div>\n<div class=\"kc-elm kc-css-699077 kc_text_block\"><\/p>\n<p>Desarrollamos l\u00edneas de transporte y construcciones flexibles en la automatizaci\u00f3n de la producci\u00f3n.<\/p>\n<p>\n<\/div><\/div><\/div><\/div><\/div><\/section><section id=\"gm1\" class=\"kc-elm kc-css-463957 kc_row\"><div class=\" container  gray-main\"><div class=\"row\"><div class=\"kc-elm kc-css-245539 column col-lg-8 order-2 order-md-1\"><div class=\"kc-col-container\">\n<div class=\"kc-elm kc-css-494826 kc-title-wrap \">\n\n\t<h3 class=\"kc_title gray-block-separator\">Transportadores<\/h3>\n<\/div>\n<div class=\"kc-elm kc-css-413570 kc_text_block\"><\/p>\n<p>La transportadora de cinta es una soluci\u00f3n indispensable en la automatizaci\u00f3n.<\/p>\n<p>Producimos diferentes versiones: planas, inclinadas o combinadas.<\/p>\n<p>Con las diferentes cintas instaladas, ofrecemos una amplia gama de aplicaciones.<\/p>\n<p>\n<\/div>\n<div class=\"kc-elm kc-css-911339\">\n\t<a class=\"kc_button yellow-underline\" href=\"https:\/\/lipro.pro\/es\/productos-y-servicios\/transportadores\/\" target=\"_self\" title=\"Transportadores\" onclick=\"\">\n\t\tVer todos los transportadores\t<\/a>\n<\/div>\n<\/div><\/div><div class=\"kc-elm kc-css-381599 column col-lg-3 order-1 order-md-2\"><div class=\"kc-col-container\"><div class=\"kc-elm kc-css-755522 kc_shortcode kc_single_image\">\n\n        <img decoding=\"async\" src=\"https:\/\/lipro.pro\/wp-content\/uploads\/2022\/01\/1.png\" class=\"\" alt=\"\" title=\"\">    <\/div>\n<\/div><\/div><\/div><\/div><\/section><section id=\"gm2\" class=\"kc-elm kc-css-206384 kc_row\"><div class=\" container  gray-main\"><div class=\"row\"><div class=\"kc-elm kc-css-194441 column col-lg-8 order-2 order-md-1\"><div class=\"kc-col-container\">\n<div class=\"kc-elm kc-css-524556 kc-title-wrap \">\n\n\t<h3 class=\"kc_title gray-block-separator\">Sistemas de transporte<\/h3>\n<\/div>\n<div class=\"kc-elm kc-css-589306 kc_text_block\"><\/p>\n<p>Son una soluci\u00f3n de servicio completa en la automatizaci\u00f3n de la producci\u00f3n.<\/p>\n<p>Fabricamos l\u00edneas de transporte de cinta, cadena y rodillos para el transporte, con un posicionamiento preciso.<\/p>\n<p>A pesar de los elementos est\u00e1ndar, cada soluci\u00f3n es \u00fanica seg\u00fan los requisitos t\u00e9cnicos del cliente.<\/p>\n<p>\n<\/div>\n<div class=\"kc-elm kc-css-116881\">\n\t<a class=\"kc_button yellow-underline\" href=\"https:\/\/lipro.pro\/es\/productos-y-servicios\/sistemas-de-transporte\/\" target=\"_self\" title=\"Sistemas de transporte\" onclick=\"\">\n\t\tVer todos los sistemas de transporte\t<\/a>\n<\/div>\n<\/div><\/div><div class=\"kc-elm kc-css-937918 column col-lg-3 order-1 order-md-2\"><div class=\"kc-col-container\"><div class=\"kc-elm kc-css-637345 kc_shortcode kc_single_image\">\n\n        <img decoding=\"async\" src=\"https:\/\/lipro.pro\/wp-content\/uploads\/2022\/01\/2-e1643980169172.png\" class=\"\" alt=\"\" title=\"\">    <\/div>\n<\/div><\/div><\/div><\/div><\/section><section id=\"gm3\" class=\"kc-elm kc-css-871366 kc_row\"><div class=\" container  gray-main\"><div class=\"row\"><div class=\"kc-elm kc-css-48823 column col-lg-8 order-2 order-md-1\"><div class=\"kc-col-container\">\n<div class=\"kc-elm kc-css-846058 kc-title-wrap \">\n\n\t<h3 class=\"kc_title gray-block-separator\">Sistemas modulares<\/h3>\n<\/div>\n<div class=\"kc-elm kc-css-981999 kc_text_block\"><\/p>\n<p>Los perfiles de aluminio son una de las opciones m\u00e1s econ\u00f3micas y flexibles de los sistemas modulares actuales.<\/p>\n<p>\n<\/div>\n<div class=\"kc-elm kc-css-75230\">\n\t<a class=\"kc_button yellow-underline\" href=\"https:\/\/lipro.pro\/es\/productos-y-servicios\/sistemas-modulares\/\" target=\"_self\" title=\"Sistemas modulares\" onclick=\"\">\n\t\tVer todos los sistemas modulares\t<\/a>\n<\/div>\n<\/div><\/div><div class=\"kc-elm kc-css-583285 column col-lg-3 order-1 order-md-2\"><div class=\"kc-col-container\"><div class=\"kc-elm kc-css-71347 kc_shortcode kc_single_image\">\n\n        <img decoding=\"async\" src=\"https:\/\/lipro.pro\/wp-content\/uploads\/2022\/01\/3.png\" class=\"\" alt=\"\" title=\"\">    <\/div>\n<\/div><\/div><\/div><\/div><\/section><section class=\"kc-elm kc-css-135879 kc_row\"><div class=\" container\"><div class=\"row\"><div class=\"kc-elm kc-css-245268 col-lg-12 column col-12\"><div class=\"kc-col-container\"><div class=\"clear\"><\/div>\n<div class=\"mod-id-454182 kc-elm kc-css-454182 kc-raw-code emigma-section-intro-outer\">\n    <div class=\"row\">\n        <div class=\"col-12 d-flex align-items-md-center align-items-baseline justify-content-start justify-content-md-between flex-column flex-md-row mb-3 mb-md-0\">\n            <div class=\"d-flex align-items-center mb-3 mb-md-0\">\n                                <h3 class=\"mb-0 light\">\u00daltimas noticias<\/h3>                            <\/div>\n                                        <div class=\"d-flex align-items-center flex-row ml-md-3 my-lg-3 ml-md-auto\">\n                    <a class=\"yellow-underline text-secondary\" href=\"https:\/\/lipro.pro\/es\/blog\/\">Todas las noticias<\/a>\n                <\/div>\n                    <\/div>\n    <\/div>\n<\/div>\n<div class=\"clear\"><\/div>\n<div class=\"kc-elm kc-css-520120 post-grid list-post layout-grid-2 category \">\t\t\t\t<article class=\"post-item post-14172 post type-post status-publish format-standard hentry category-articulos-profesionales\" id=\"post-14172\">\n    <div class=\"card c-post\" href=\"https:\/\/lipro.pro\/es\/articulos-profesionales\/comparison-of-modular-systems-and-welded-structures-in-industrial-automation\/\" rel=\"article\">\n            <content class=\"card-body d-flex flex-column justify-content-end\" style=\"background-color:#123E92;\">\n        <div class=\"content-top\">   \n        <div class=\"entry-meta d-flex justify-content-between align-items-baseline\">\n            <span>06. 03. 2026<\/span>\n            <span class=\"text-right btn btn-primary font-weight-bold\"> <ul class=\"post-categories\">\n\t<li><a href=\"https:\/\/lipro.pro\/es\/category\/articulos-profesionales\/\" rel=\"category tag\">Art\u00edculos profesionales<\/a><\/li><\/ul>  <\/span>\n        <\/div>\n    <\/div>\n        <div class=\"content-main mb-2 mt-auto pr-md-6\">\n            <h3 class=\"entry-title\">COMPARISON OF MODULAR SYSTEMS AND WELDED STRUCTURES IN INDUSTRIAL AUTOMATION<\/h3>\n            <div>\n                                    <a href=\"https:\/\/lipro.pro\/es\/articulos-profesionales\/comparison-of-modular-systems-and-welded-structures-in-industrial-automation\/\" class=\"btn btn-outline-info text-info\"> Leer m\u00e1s<\/a>  \n                            <\/div>\n        <\/div>\n        \n    <\/content>\n    <\/div>\n<\/article>\t\t\t\t\t\t\t\t<article class=\"post-item post-14091 post type-post status-publish format-standard has-post-thumbnail hentry category-noticias\" id=\"post-14091\">\n    <div class=\"card c-post\" href=\"https:\/\/lipro.pro\/es\/noticias\/feliz-2026\/\" rel=\"article\">\n            <content class=\"card-body d-flex flex-column justify-content-end\" style=\"background-image: linear-gradient(90deg, rgba(0,0,0,0.3) 0%, rgba(0,0,0,0.3) 100%), url(https:\/\/lipro.pro\/wp-content\/uploads\/2025\/12\/Prikazna-slika-1.jpg);\">\n        <div class=\"content-top\">   \n        <div class=\"entry-meta d-flex justify-content-between align-items-baseline\">\n            <span>18. 12. 2025<\/span>\n            <span class=\"text-right btn btn-primary font-weight-bold\"> <ul class=\"post-categories\">\n\t<li><a href=\"https:\/\/lipro.pro\/es\/category\/noticias\/\" rel=\"category tag\">Noticias<\/a><\/li><\/ul>  <\/span>\n        <\/div>\n    <\/div>\n        <div class=\"content-main mb-2 mt-auto pr-md-6\">\n            <h3 class=\"entry-title\">\u00a1Feliz 2026!<\/h3>\n            <div>\n                                    <a href=\"https:\/\/lipro.pro\/es\/noticias\/feliz-2026\/\" class=\"btn btn-outline-info text-info\"> Leer m\u00e1s<\/a>  \n                            <\/div>\n        <\/div>\n        \n    <\/content>\n    <\/div>\n<\/article>\t\t\t\t\t\t\t\t<article class=\"post-item post-14004 post type-post status-publish format-standard has-post-thumbnail hentry category-nuevos-productos\" id=\"post-14004\">\n    <div class=\"card c-post\" href=\"https:\/\/lipro.pro\/es\/nuevos-productos\/new-type-of-roller-curve-2\/\" rel=\"article\">\n            <content class=\"card-body d-flex flex-column justify-content-end\" style=\"background-image: linear-gradient(90deg, rgba(0,0,0,0.3) 0%, rgba(0,0,0,0.3) 100%), url(https:\/\/lipro.pro\/wp-content\/uploads\/2025\/11\/Nov-tip-krivine-prezentacija-square-ANG.jpg);\">\n        <div class=\"content-top\">   \n        <div class=\"entry-meta d-flex justify-content-between align-items-baseline\">\n            <span>10. 11. 2025<\/span>\n            <span class=\"text-right btn btn-primary font-weight-bold\"> <ul class=\"post-categories\">\n\t<li><a href=\"https:\/\/lipro.pro\/es\/category\/nuevos-productos\/\" rel=\"category tag\">Nuevos productos<\/a><\/li><\/ul>  <\/span>\n        <\/div>\n    <\/div>\n        <div class=\"content-main mb-2 mt-auto pr-md-6\">\n            <h3 class=\"entry-title\">New type of roller curve<\/h3>\n            <div>\n                                    <a href=\"https:\/\/lipro.pro\/es\/nuevos-productos\/new-type-of-roller-curve-2\/\" class=\"btn btn-outline-info text-info\"> Leer m\u00e1s<\/a>  \n                            <\/div>\n        <\/div>\n        \n    <\/content>\n    <\/div>\n<\/article>\t\t\t\t\t\t\t\t<article class=\"post-item post-13738 post type-post status-publish format-standard hentry category-noticias\" id=\"post-13738\">\n    <div class=\"card c-post\" href=\"https:\/\/lipro.pro\/es\/noticias\/notice\/\" rel=\"article\">\n            <content class=\"card-body d-flex flex-column justify-content-end\" style=\"background-color:#123E92;\">\n        <div class=\"content-top\">   \n        <div class=\"entry-meta d-flex justify-content-between align-items-baseline\">\n            <span>09. 12. 2024<\/span>\n            <span class=\"text-right btn btn-primary font-weight-bold\"> <ul class=\"post-categories\">\n\t<li><a href=\"https:\/\/lipro.pro\/es\/category\/noticias\/\" rel=\"category tag\">Noticias<\/a><\/li><\/ul>  <\/span>\n        <\/div>\n    <\/div>\n        <div class=\"content-main mb-2 mt-auto pr-md-6\">\n            <h3 class=\"entry-title\">NOTICE<\/h3>\n            <div>\n                                    <a href=\"https:\/\/lipro.pro\/es\/noticias\/notice\/\" class=\"btn btn-outline-info text-info\"> Leer m\u00e1s<\/a>  \n                            <\/div>\n        <\/div>\n        \n    <\/content>\n    <\/div>\n<\/article>\t\t\t\t<\/div><\/div><\/div><\/div><\/div><\/section><section id=\"bg-right\" class=\"kc-elm kc-css-806854 kc_row\"><div class=\" container\"><div class=\"row\"><div class=\"kc-elm kc-css-632982 column col-md-8\"><div class=\"kc-col-container\">\n<div class=\"kc-elm kc-css-610399 kc-title-wrap \">\n\n\t<h2 class=\"kc_title\">Spletna trgovina polna prilo\u017enosti<\/h2>\n<\/div>\n<div class=\"kc-elm kc-css-197756 kc_text_block\"><\/p>\n<p>\nPotrebuje\u0161 samo profil ali nekaj vija\u010dnega materiala? Klikni na spodnjo povezavo do eTrgovine in postrezi si sam.<\/p>\n<p>\n<\/div>\n<div class=\"kc-elm kc-css-557864\">\n\t<a class=\"kc_button yellow-underline text-light\" href=\"https:\/\/lipro.shop\/\" target=\"_blank\" title=\"\" onclick=\"\" rel=\"noopener\">\n\t\tObi\u0161\u010di spletno trgovino\t<\/a>\n<\/div>\n<\/div><\/div><\/div><\/div><\/section><section id=\"bg-left\" class=\"kc-elm kc-css-261032 kc_row\"><div class=\" container  right-fp-img\"><div class=\"row\"><div class=\"kc-elm kc-css-943075 column col-12 col-md-8\"><div class=\"kc-col-container\">\n<div class=\"kc-elm kc-css-665051 kc-title-wrap \">\n\n\t<h2 class=\"kc_title\">Atenci\u00f3n al cliente personalizada<\/h2>\n<\/div>\n<div class=\"kc-elm kc-css-261692 kc_text_block\"><\/p>\n<p>\u00bfTiene alguna pregunta o petici\u00f3n especial? P\u00f3ngase en contacto con nuestro personal, que estar\u00e1 encantado de ayudarle.<\/p>\n<p>\n<\/div>\n<div class=\"kc-elm kc-css-177859\">\n\t<a class=\"kc_button yellow-underline text-light\" href=\"https:\/\/lipro.pro\/podpora-strankam\/\" target=\"_self\" title=\"Podpora strankam\" onclick=\"\">\n\t\tLeer m\u00e1s\t<\/a>\n<\/div>\n<\/div><\/div><\/div><\/div><\/section><\/p>\n","protected":false},"excerpt":{"rendered":"","protected":false},"author":9,"featured_media":0,"parent":0,"menu_order":0,"comment_status":"closed","ping_status":"closed","template":"","meta":{"_acf_changed":false,"footnotes":""},"class_list":["post-6798","page","type-page","status-publish","hentry"],"acf":[],"_links":{"self":[{"href":"https:\/\/lipro.pro\/es\/wp-json\/wp\/v2\/pages\/6798","targetHints":{"allow":["GET"]}}],"collection":[{"href":"https:\/\/lipro.pro\/es\/wp-json\/wp\/v2\/pages"}],"about":[{"href":"https:\/\/lipro.pro\/es\/wp-json\/wp\/v2\/types\/page"}],"author":[{"embeddable":true,"href":"https:\/\/lipro.pro\/es\/wp-json\/wp\/v2\/users\/9"}],"replies":[{"embeddable":true,"href":"https:\/\/lipro.pro\/es\/wp-json\/wp\/v2\/comments?post=6798"}],"version-history":[{"count":0,"href":"https:\/\/lipro.pro\/es\/wp-json\/wp\/v2\/pages\/6798\/revisions"}],"wp:attachment":[{"href":"https:\/\/lipro.pro\/es\/wp-json\/wp\/v2\/media?parent=6798"}],"curies":[{"name":"wp","href":"https:\/\/api.w.org\/{rel}","templated":true}]}}