{"id":6555,"date":"2022-08-04T11:59:29","date_gmt":"2022-08-04T11:59:29","guid":{"rendered":"http:\/\/lipro.razvija.se\/?page_id=6555"},"modified":"2022-08-31T07:03:31","modified_gmt":"2022-08-31T07:03:31","slug":"politica-de-privacidad-y-proteccion-de-datos-personales","status":"publish","type":"page","link":"https:\/\/lipro.pro\/es\/politica-de-privacidad-y-proteccion-de-datos-personales\/","title":{"rendered":"Pol\u00edtica de privacidad y protecci\u00f3n de datos personales"},"content":{"rendered":"<section class=\"kc-elm kc-css-661800 kc_row\"><div class=\" container\"><div class=\"row\"><div class=\"kc-elm kc-css-568059 column col-lg-8\"><div class=\"kc-col-container\"><div class=\"kc-elm kc-css-630182 kc_text_block\"><\/p>\n<p>A los efectos del presente Aviso Legal, se entiende por \u00abSitio Web\u00bb todas las p\u00e1ginas web ubicadas en <a href=\"https:\/\/www.lipro.pro\/\">www.lipro.pro<\/a> (el \u00abSitio Web\u00bb). El titular de los derechos de autor de todas las obras incluidas de alguna manera en el sitio web es Lipro d.o.o. (Lipro en adelante). El Usuario puede utilizar el contenido del Sitio Web exclusivamente para su uso personal, es decir, no comercial. Se proh\u00edbe cualquier otra forma de uso comercial (como la copia, reproducci\u00f3n, distribuci\u00f3n, etc.) del contenido del sitio web.<\/p>\n<p><strong>Restricci\u00f3n del uso de informaci\u00f3n y materiales<\/strong><\/p>\n<p>La informaci\u00f3n y los materiales expuestos en este sitio web pueden ser descargados por el usuario desde el servidor para su uso personal y dom\u00e9stico, sin alterar los avisos de derechos de autor, otros avisos de derechos de propiedad intelectual u otros avisos de derechos. Est\u00e1 permitido descargar e imprimir informaci\u00f3n y materiales para su visualizaci\u00f3n y lectura con fines no comerciales. Queda prohibida cualquier otra copia, distribuci\u00f3n, reedici\u00f3n, modificaci\u00f3n o transmisi\u00f3n por correo o de otro modo de la informaci\u00f3n y los materiales de <a href=\"https:\/\/www.lipro.pro\/\">www.lipro.pro<\/a> o su difusi\u00f3n de cualquier otra forma sin autorizaci\u00f3n previa por escrito. Tambi\u00e9n se proh\u00edbe el uso de cualquier elemento de <a href=\"https:\/\/www.lipro.pro\/\">www.lipro.pro<\/a> para cualquier prop\u00f3sito que no sea el uso personal, no comercial y dom\u00e9stico. Lipro no se responsabiliza del dise\u00f1o ni del contenido de los sitios web vinculados de alguna manera a <a href=\"https:\/\/www.lipro.pro\/\">www.lipro.pro<\/a>. La responsabilidad de Lipro queda excluida en todos los casos al visitar y utilizar los sitios web enlazados.<\/p>\n<p><strong>Limitaci\u00f3n de la responsabilidad<\/strong><\/p>\n<p>Lipro se esforzar\u00e1 por garantizar que la informaci\u00f3n del sitio web sea correcta y est\u00e9 actualizada, pero ni Lipro ni ninguna otra persona f\u00edsica o jur\u00eddica que haya participado en la creaci\u00f3n del sitio web o que siga participando en las actualizaciones del mismo podr\u00e1 ser considerada responsable de los da\u00f1os habituales, de la p\u00e9rdida de beneficios o de los da\u00f1os no patrimoniales en los que pueda incurrir el usuario como consecuencia del uso del sitio web o de la imposibilidad de utilizarlo. Lipro se esforzar\u00e1 por garantizar el buen funcionamiento del sitio web, pero no se hace responsable de los da\u00f1os habituales, de la p\u00e9rdida de beneficios o de los da\u00f1os no patrimoniales que pueda sufrir el usuario como consecuencia de la interrupci\u00f3n del sitio web. Lipro podr\u00e1 realizar cambios en el sitio web en cualquier momento y sin previo aviso.<\/p>\n<p><strong>Protecci\u00f3n de datos personales<\/strong><\/p>\n<p>Somos conscientes de la importancia de proteger los datos personales, especialmente porque los utilizamos para ofrecer servicios e informaci\u00f3n m\u00e1s relevantes a nuestros visitantes. El Reglamento RGPD, adoptado por la Uni\u00f3n Europea, dicta normas estrictas que determinan c\u00f3mo se recopilan sus datos, c\u00f3mo se almacenan, c\u00f3mo se accede a ellos, c\u00f3mo se eliminan y otras cosas. De acuerdo con la legislaci\u00f3n y nuestra preocupaci\u00f3n por la importancia de este \u00e1mbito, hemos preparado explicaciones sobre la seguridad de sus datos y los derechos que tiene como propietario de los mismos. Por lo tanto, le rogamos que lea atentamente este aviso antes de dar su consentimiento para la recogida o el tratamiento de sus datos personales.<\/p>\n<p><strong>Que son los datos personales<\/strong><\/p>\n<p>Los datos personales son cualquier dato relativo a una persona f\u00edsica concreta, es decir, a un individuo, cualquiera que sea la forma en que se expresen. Son datos que le identifican: nombre(s), apellido(s), direcci\u00f3n de correo electr\u00f3nico, etc. El responsable del tratamiento de los datos personales en el sitio web <a href=\"https:\/\/www.lipro.pro\/\">www.lipro.pro<\/a> es Lipro.<\/p>\n<p><strong>D\u00f3nde almacenamos sus datos y durante cu\u00e1nto tiempo<\/strong><\/p>\n<p>Los datos personales que nos proporciona digitalmente se almacenan en servidores alquilados para este fin por el proveedor de alojamiento, o bien por las empresas cuyas herramientas utilizamos. Por ejemplo, el proveedor de una herramienta de comunicaci\u00f3n por correo electr\u00f3nico almacena datos sobre los destinatarios. Conservamos los datos personales recogidos hasta que usted nos indique que ya no da su consentimiento para el almacenamiento y el tratamiento de sus datos personales, o durante un tiempo no superior al necesario para lograr el objetivo por el que se tratan o para cumplir con los requisitos legales.<\/p>\n<p><strong>Recogida, tratamiento y uso de los datos personales<\/strong><\/p>\n<p>Recogemos, gestionamos y procesamos sus datos personales s\u00f3lo para los fines especificados por la ley o sobre la base de su consentimiento expl\u00edcito. Los datos recogidos por consentimiento se utilizan principalmente para comunicarse con usted y para mejorar nuestros servicios. Nos comprometemos a no prestar o vender sus datos personales a terceros sin avisarle previamente y obtener su consentimiento expl\u00edcito por escrito.<\/p>\n<p><strong>Revocaci\u00f3n del consentimiento para el tratamiento de datos personales<\/strong><\/p>\n<p>Tiene derecho a retirar su consentimiento para el tratamiento de sus datos personales en cualquier momento. Usted puede revocar su derecho para cualquiera o todos los fines para los que haya consentido el tratamiento de sus datos personales. Env\u00ede una declaraci\u00f3n escrita para retirar su consentimiento al tratamiento de datos personales a: Lipro, o por correo electr\u00f3nico a <a href=\"mailto:info@lipro.si\">info@lipro.si<\/a>. En caso de que se revoque el consentimiento para la recogida o el tratamiento de los datos personales, todos los datos personales recogidos a los que se refiera la solicitud de supresi\u00f3n se borrar\u00e1n o quedar\u00e1n exentos del tratamiento automatizado. La revocaci\u00f3n del consentimiento para el tratamiento de los datos personales no afecta a la legalidad del tratamiento de los datos personales que le conciernen hasta su revocaci\u00f3n y a la utilizaci\u00f3n de dichos datos personales para los fines previstos por la ley.<\/p>\n<p><strong>Sus derechos en materia de protecci\u00f3n de datos personales<\/strong><\/p>\n<p>Derecho de supresi\u00f3n\/eliminaci\u00f3n<\/p>\n<p>Usted tiene derecho a que el administrador rectifique o complete en cualquier momento los datos personales inexactos o incompletos que le conciernen. Usted puede solicitar en cualquier momento el acceso a los datos que el responsable del tratamiento ha recogido sobre usted o la supresi\u00f3n inmediata de sus datos personales. En caso de rectificaci\u00f3n, modificaci\u00f3n o supresi\u00f3n de sus datos personales, debemos informarle sin demora de la rectificaci\u00f3n, modificaci\u00f3n o supresi\u00f3n.<\/p>\n<p>Derecho a la limitaci\u00f3n del tratamiento de datos personales<\/p>\n<p>Tiene derecho a solicitar en cualquier momento que se restrinja el tratamiento de sus datos personales en caso de inexactitud, ilegalidad, cese de la finalidad del tratamiento u objeci\u00f3n.<\/p>\n<p>Derecho a la portabilidad de los datos: tiene derecho a solicitar en cualquier momento que le transfiramos los datos personales que estamos tratando en relaci\u00f3n a su persona. Tiene derecho a solicitar en cualquier momento que transfiramos los datos personales que tratamos sobre usted a otro administrador.<\/p>\n<p>Derecho de objeci\u00f3n<\/p>\n<p>Cualquier uso de sus datos personales con fines de informaci\u00f3n o promoci\u00f3n requiere su consentimiento expl\u00edcito. Si usted recibe informaci\u00f3n o contenido promocional comercial sobre la base de su consentimiento, puede solicitar en cualquier momento por escrito que dejemos de utilizar sus datos para este fin.<\/p>\n<p><strong>Derecho de acceso a los datos personales que le conciernen<\/strong><\/p>\n<p>Usted tiene derecho a obtener en cualquier momento la confirmaci\u00f3n de si se est\u00e1n tratando datos personales que le conciernen y el acceso a los datos personales que le conciernen y a la siguiente informaci\u00f3n: la finalidad del tratamiento, el tipo de datos personales que le conciernen, los usuarios de sus datos personales, el periodo de conservaci\u00f3n previsto de los datos personales, la fuente de los datos personales.<\/p>\n<p><strong>\u00a0<\/strong><\/p>\n<p><strong>Amenazas a la protecci\u00f3n de datos personales<\/strong><\/p>\n<p>En caso de amenaza a la protecci\u00f3n de datos personales, notificaremos a la autoridad competente sin demora indebida y a m\u00e1s tardar en las 72 horas siguientes a tener conocimiento de la amenaza a la protecci\u00f3n de sus datos personales.<\/p>\n<p><strong>Informaci\u00f3n importante sobre el tratamiento de sus datos personales<\/strong><\/p>\n<p>Nos comprometemos a procesar todos los datos recogidos \u00fanicamente en el \u00e1mbito de los fines enumerados de la gesti\u00f3n o el tratamiento de datos personales y de conformidad con la Ley de Protecci\u00f3n de Datos Personales y otra legislaci\u00f3n del sector pertinente, as\u00ed como en cumplimiento del Reglamento (UE) 2016\/679 relativo a la protecci\u00f3n de las personas f\u00edsicas en lo que respecta al tratamiento de datos personales (RGPD).<\/p>\n<\/p>\n<p><strong>\u00bfQu\u00e9 cookies utiliza este sitio web?<\/strong><\/p>\n<ol>\n<li><strong> Cookies estrictamente necesarias<\/strong><\/li>\n<\/ol>\n<p>Las cookies estrictamente necesarias deben estar activadas en todo momento para guardar sus preferencias de cookies.<\/p>\n<table width=\"523\">\n<tbody>\n<tr>\n<td width=\"208\">\n<p>Nombre<\/p>\n<\/td>\n<td width=\"129\">\n<p>Proveedor<\/p>\n<\/td>\n<td width=\"113\">\n<p>Uso<\/p>\n<\/td>\n<td width=\"73\">\n<p>Duraci\u00f3n<\/p>\n<\/td>\n<\/tr>\n<tr>\n<td width=\"208\">\n<p>hideCovidNotice<\/p>\n<\/td>\n<td width=\"129\">\n<p><a href=\"https:\/\/www.lipro.pro\/\">www.lipro.pro<\/a><\/p>\n<\/td>\n<td width=\"113\">\n<p>Guardando la configuraci\u00f3n de la visualizaci\u00f3n del banner covid.<\/p>\n<\/td>\n<td width=\"73\">\n<p>Progreso de la sesi\u00f3n<\/p>\n<\/td>\n<\/tr>\n<tr>\n<td width=\"208\">\n<p>wp-wpml_current_language<\/p>\n<\/td>\n<td width=\"129\">\n<p><a href=\"https:\/\/www.lipro.pro\/\">www.lipro.pro<\/a><\/p>\n<\/td>\n<td width=\"113\">\n<p>Guardar la elecci\u00f3n de idioma<\/p>\n<\/td>\n<td width=\"73\">\n<p>24 horas<\/p>\n<\/td>\n<\/tr>\n<tr>\n<td width=\"208\">\n<p>moove_gdpr_popup<\/p>\n<\/td>\n<td width=\"129\">\n<p><a href=\"https:\/\/www.lipro.pro\/\">www.lipro.pro<\/a><\/p>\n<\/td>\n<td width=\"113\">\n<\/td>\n<td width=\"73\">\n<p>1. a\u00f1o<\/p>\n<\/td>\n<\/tr>\n<\/tbody>\n<\/table>\n<p><strong>\u00a0<\/strong><\/p>\n<p><strong>\u00a0<\/strong><\/p>\n<ol start=\"2\">\n<li><strong> Google<\/strong><\/li>\n<\/ol>\n<p>Google utiliza cookies para almacenar sus preferencias de usuario favoritas, las opciones de idioma, el n\u00famero de visitas y los valores mostrados, mostrar informaci\u00f3n sobre Google Maps y muchas otras funciones y servicios del gigante web.<\/p>\n<p><a href=\"https:\/\/policies.google.com\/technologies\/cookies?hl=sl\" target=\"_blank\" rel=\"noopener\">Leer m\u00e1s<\/a><\/p>\n<p><strong>\u00a0<\/strong><\/p>\n<ol start=\"3\">\n<li><strong> Google Analytics<\/strong><\/li>\n<\/ol>\n<p>Google Analytics es un servicio de an\u00e1lisis web. Nos proporciona informaci\u00f3n sobre el comportamiento de los usuarios en nuestro sitio web para ayudarnos a crear una mejor experiencia de usuario, mostrar contenido relevante, etc. No podemos identificarle personalmente al recoger estos datos. Estas cookies tienen una vida \u00fatil de hasta 2 a\u00f1os.<\/p>\n<p><strong>Ejemplo de cookies utilizadas:<\/strong><\/p>\n<table width=\"627\">\n<tbody>\n<tr>\n<td>\n<p>Nombre<\/p>\n<\/td>\n<td>\n<p>Proveedor<\/p>\n<\/td>\n<td>\n<p>Uso<\/p>\n<\/td>\n<td>\n<p>Duraci\u00f3n<\/p>\n<\/td>\n<\/tr>\n<tr>\n<td>\n<p>_gat_UA-2764728-49<\/p>\n<\/td>\n<td>\n<p>Google Analytics<\/p>\n<\/td>\n<td>\n<p>La cookie se utiliza para limitar el n\u00famero de solicitudes. Si se a\u00f1ade Google Analytics a trav\u00e9s de Google Tag Manager, esta cookie se llama \u00ab_dc_gtm_\u00bb.<\/p>\n<\/td>\n<td>\n<p>1 minuto<\/p>\n<\/td>\n<\/tr>\n<tr>\n<td>\n<p>_ga<\/p>\n<\/td>\n<td>\n<p>Google Analytics<\/p>\n<\/td>\n<td>\n<p>Identificaci\u00f3n de los usuarios.<\/p>\n<\/td>\n<td>\n<p>2 a\u00f1os<\/p>\n<\/td>\n<\/tr>\n<tr>\n<td>\n<p>_gid<\/p>\n<\/td>\n<td>\n<p>Google Analytics<\/p>\n<\/td>\n<td>\n<p>Identificaci\u00f3n de los usuarios.<\/p>\n<\/td>\n<td>\n<p>24 horas<\/p>\n<\/td>\n<\/tr>\n<tr>\n<td>\n<p>_gac_<\/p>\n<\/td>\n<td>\n<p>Google Analytics<\/p>\n<\/td>\n<td>\n<p>Contiene los datos de la campa\u00f1a por usuario.<\/p>\n<\/td>\n<td>\n<p>90 d\u00edas<\/p>\n<\/td>\n<\/tr>\n<\/tbody>\n<\/table>\n<p><a href=\"https:\/\/developers.google.com\/analytics\/devguides\/collection\/gajs\/cookie-usage?hl=en\" target=\"_blank\" rel=\"noopener\">Leer m\u00e1s<\/a><\/p>\n<p><strong>\u00a0<\/strong><\/p>\n<ol start=\"4\">\n<li><strong> YouTube<\/strong><\/li>\n<\/ol>\n<p>YouTube se utiliza para reproducir v\u00eddeos, y las cookies se utilizan para registrar los datos de visualizaci\u00f3n, guardar las preferencias favoritas del usuario, mostrar v\u00eddeos relevantes, etc. Estas cookies tienen una vida \u00fatil de hasta 10 a\u00f1os.<\/p>\n<table width=\"614\">\n<tbody>\n<tr>\n<td>\n<p>Nombre<\/p>\n<\/td>\n<td>\n<p>Proveedor<\/p>\n<\/td>\n<td>\n<p>Uso<\/p>\n<\/td>\n<td>\n<p>Duraci\u00f3n<\/p>\n<\/td>\n<\/tr>\n<tr>\n<td>\n<p>PREF<\/p>\n<\/td>\n<td>\n<p>Youtube<\/p>\n<\/td>\n<td>\n<p>Cookie para almacenar la configuraci\u00f3n.<\/p>\n<\/td>\n<td>\n<p>10 a\u00f1os<\/p>\n<\/td>\n<\/tr>\n<tr>\n<td>\n<p>VISITOR_INFO1_LIVE<\/p>\n<\/td>\n<td>\n<p>Youtube<\/p>\n<\/td>\n<td>\n<p>Una cookie que Youtube utiliza para medir su conexi\u00f3n a Internet.<\/p>\n<\/td>\n<td>\n<p>8 meses<\/p>\n<\/td>\n<\/tr>\n<tr>\n<td>\n<p>YSC<\/p>\n<\/td>\n<td>\n<p>Youtube<\/p>\n<\/td>\n<td>\n<p>Cookie establecida por Youtube en el modo \u00abv\u00eddeo insertado\u00bb.<\/p>\n<\/td>\n<td>\n<p>Progreso de la sesi\u00f3n<\/p>\n<\/td>\n<\/tr>\n<\/tbody>\n<\/table>\n<p><strong>\u00a0<\/strong><\/p>\n<p><strong>\u00a0<\/strong><\/p>\n<p><strong>\u00bfC\u00f3mo puede gestionar o eliminar las cookies?<\/strong><\/p>\n<p>No utilizaremos las cookies para recopilar informaci\u00f3n personal identificable sobre usted, y usted puede cambiar la configuraci\u00f3n de las cookies en el navegador de su ordenador o dispositivo m\u00f3vil si lo desea. La mayor\u00eda de los navegadores modernos le permiten aceptar o rechazar todas las cookies, aceptar o rechazar s\u00f3lo ciertos tipos de cookies, o establecer una advertencia de que el sitio quiere guardar una cookie en su dispositivo. Tambi\u00e9n puede eliminar las cookies que el navegador ya ha almacenado en su dispositivo. Tenga en cuenta que si desactiva las cookies, es posible que no todas las funciones del sitio web funcionen con la misma eficacia, que aparezca un aviso de cookies en cada visita y que, a largo plazo, su experiencia de usuario se vea afectada negativamente. El proceso para cambiar la configuraci\u00f3n de las cookies var\u00eda de un navegador a otro. Puede encontrar informaci\u00f3n al respecto utilizando la funci\u00f3n \u00abAyuda\u00bb, visitando <a href=\"http:\/\/www.aboutcookies.org\/\" target=\"_blank\" rel=\"noopener\">www.aboutcookies.org<\/a>, que explica el proceso en todos los navegadores modernos, o poni\u00e9ndose en contacto con nosotros por <a href=\"mailto:info@lipro.si\">correo electr\u00f3nico<\/a>. Las cookies de Google Analytics tambi\u00e9n se pueden deshabilitar siguiendo las instrucciones disponibles en <a href=\"https:\/\/tools.google.com\/dlpage\/gaoptout?hl=en\" target=\"_blank\" rel=\"noopener\">Google Analytics<\/a>. Tambi\u00e9n puede encontrar m\u00e1s informaci\u00f3n sobre las cookies en las <a href=\"https:\/\/www.ip-rs.si\/\" target=\"_blank\" rel=\"noopener\">Directrices del Comisionado de Informaci\u00f3n.<\/a><\/p>\n<p><strong>\u00a0<\/strong><\/p>\n<p><strong>General<\/strong><\/p>\n<p>Cualquier disputa que surja del uso del sitio web se regir\u00e1 por la legislaci\u00f3n eslovena. El tribunal de la ciudad de Koper es el competente para resolver cualquier conflicto. Al utilizar el sitio web, el usuario confirma que ha aceptado y est\u00e1 de acuerdo con los t\u00e9rminos y condiciones aqu\u00ed descritos.<\/p>\n<p>\n<\/div><\/div><\/div><\/div><\/div><\/section>\n","protected":false},"excerpt":{"rendered":"","protected":false},"author":3,"featured_media":0,"parent":0,"menu_order":0,"comment_status":"closed","ping_status":"closed","template":"","meta":{"_acf_changed":false,"footnotes":""},"class_list":["post-6555","page","type-page","status-publish","hentry"],"acf":[],"_links":{"self":[{"href":"https:\/\/lipro.pro\/es\/wp-json\/wp\/v2\/pages\/6555","targetHints":{"allow":["GET"]}}],"collection":[{"href":"https:\/\/lipro.pro\/es\/wp-json\/wp\/v2\/pages"}],"about":[{"href":"https:\/\/lipro.pro\/es\/wp-json\/wp\/v2\/types\/page"}],"author":[{"embeddable":true,"href":"https:\/\/lipro.pro\/es\/wp-json\/wp\/v2\/users\/3"}],"replies":[{"embeddable":true,"href":"https:\/\/lipro.pro\/es\/wp-json\/wp\/v2\/comments?post=6555"}],"version-history":[{"count":0,"href":"https:\/\/lipro.pro\/es\/wp-json\/wp\/v2\/pages\/6555\/revisions"}],"wp:attachment":[{"href":"https:\/\/lipro.pro\/es\/wp-json\/wp\/v2\/media?parent=6555"}],"curies":[{"name":"wp","href":"https:\/\/api.w.org\/{rel}","templated":true}]}}