{"id":6483,"date":"2022-08-04T07:35:13","date_gmt":"2022-08-04T07:35:13","guid":{"rendered":"http:\/\/lipro.razvija.se\/?page_id=6483"},"modified":"2023-01-06T09:18:22","modified_gmt":"2023-01-06T09:18:22","slug":"hitos-importantes-de-la-historia","status":"publish","type":"page","link":"https:\/\/lipro.pro\/es\/sobre-la-empresa\/hitos-importantes-de-la-historia\/","title":{"rendered":"Hitos importantes de la historia"},"content":{"rendered":"<p><section class=\"kc-elm kc-css-941499 kc_row\"><div class=\" container\"><div class=\"row\"><div class=\"kc-elm kc-css-483749 col-lg-12 column col-12\"><div class=\"kc-col-container\">\n<div class=\"kc-elm kc-css-741547 kc-title-wrap \">\n\n\t<h2 class=\"kc_title\">Hitos importantes de la historia<\/h2>\n<\/div>\n<\/div><\/div><\/div><\/div><\/section><section id=\"history\" class=\"kc-elm kc-css-900625 kc_row\"><div class=\" container\"><div class=\"row\"><div class=\"kc-elm kc-css-813493 column col-md-7\"><div class=\"kc-col-container\"><div class=\"kc-elm kc-css-160544 kc_text_block\"><\/p>\n<p>Los comienzos de Lipro se remontan a 1998, cuando Albert y Barbara Pribac iniciaron su actividad en el taller familiar de Koper. Para ampliar su negocio, pronto se trasladaron a un local alquilado algo m\u00e1s grande en Koper.<\/p>\n<p>\n<\/div><div class=\"kc-elm kc-css-239527 kc_text_block year\"><\/p>\n<p>1998-2003<\/p>\n<p>\n<\/div><\/div><\/div><\/div><\/div><\/section><section id=\"history\" class=\"kc-elm kc-css-364551 kc_row\"><div class=\" container\"><div class=\"row\"><div class=\"kc-elm kc-css-223189 column col-md-7\"><div class=\"kc-col-container\"><div class=\"kc-elm kc-css-651139 kc_text_block\"><\/p>\n<p>Los buenos resultados de las obras permiten la construcci\u00f3n de una nueva nave con mayor capacidad de producci\u00f3n en las inmediaciones. La empresa dise\u00f1a y desarrolla el primer sistema de transporte por cadena PSC-90. Se publica el primer cat\u00e1logo del \u00abSistema modular\u00bb. En 2006, en la 12\u00aa Feria Terotech-Vzdr\u017eevanje de Celje, la empresa recibe el galard\u00f3n de bronce por este programa.<\/p>\n<p>\n<\/div><div class=\"kc-elm kc-css-918211 kc_text_block year\"><\/p>\n<p>2004-2007<\/p>\n<p>\n<\/div><\/div><\/div><\/div><\/div><\/section><section id=\"history\" class=\"kc-elm kc-css-337868 kc_row\"><div class=\" container\"><div class=\"row\"><div class=\"kc-elm kc-css-304378 column col-md-7\"><div class=\"kc-col-container\"><div class=\"kc-elm kc-css-193659 kc_text_block\"><\/p>\n<p>La empresa celebra 10 a\u00f1os de \u00e9xito. En 2009, la empresa publica un cat\u00e1logo de transportadores TB. Desarrolla el sistema de transporte PS-Solar, las l\u00edneas de rodillos accionadas PSR 50\/60 y el sistema modular de tubos, por el que recibe un premio de plata en la 16\u00aa Feria Terotech &#8211; Vzdr\u017eevanje de Celje. A continuaci\u00f3n se publica el Cat\u00e1logo de sistemas de transporte.<\/p>\n<p>\n<\/div><div class=\"kc-elm kc-css-960049 kc_text_block year\"><\/p>\n<p>2008-2013<\/p>\n<p>\n<\/div><\/div><\/div><\/div><\/div><\/section><section id=\"history\" class=\"kc-elm kc-css-504949 kc_row\"><div class=\" container\"><div class=\"row\"><div class=\"kc-elm kc-css-14067 column col-md-7\"><div class=\"kc-col-container\"><div class=\"kc-elm kc-css-625892 kc_text_block\"><\/p>\n<p>En enero de 2014, la empresa se traslada a una nueva sede en Dekane, donde ofrece mejores condiciones de trabajo a sus empleados. En 2018, la empresa invierte en un espacio de almac\u00e9n m\u00e1s grande para ofrecer servicios m\u00e1s r\u00e1pidos y de mayor calidad a los clientes actuales y a los nuevos.<\/p>\n<p>\n<\/div><div class=\"kc-elm kc-css-144548 kc_text_block year\"><\/p>\n<p>2014-2018<\/p>\n<p>\n<\/div><\/div><\/div><\/div><\/div><\/section><section id=\"history\" class=\"kc-elm kc-css-594784 kc_row\"><div class=\" container\"><div class=\"row\"><div class=\"kc-elm kc-css-239760 column col-md-7\"><div class=\"kc-col-container\"><div class=\"kc-elm kc-css-493007 kc_text_block\"><\/p>\n<p>En 2019, la empresa pone en marcha un Programa de Sucesi\u00f3n para aclarar a\u00fan m\u00e1s sus planes de futuro. A partir de 2020, la empresa obtendr\u00e1 las importantes certificaciones ISO 9001 e ISO 14001. En 2021, invierte m\u00e1s en nuevas \u00e1reas de desarrollo y expansi\u00f3n.<\/p>\n<p>\n<\/div><div class=\"kc-elm kc-css-773928 kc_text_block year\"><\/p>\n<p>2019-2022<\/p>\n<p>\n<\/div><\/div><\/div><\/div><\/div><\/section><\/p>\n","protected":false},"excerpt":{"rendered":"<p>Los comienzos de Lipro se remontan a 1998, cuando Albert y Barbara Pribac iniciaron su actividad en el taller familiar de Koper &#8230;<\/p>\n","protected":false},"author":3,"featured_media":6257,"parent":7809,"menu_order":0,"comment_status":"closed","ping_status":"closed","template":"page-templates\/fullwidthpage-main.php","meta":{"_acf_changed":false,"footnotes":""},"class_list":["post-6483","page","type-page","status-publish","has-post-thumbnail","hentry"],"acf":[],"_links":{"self":[{"href":"https:\/\/lipro.pro\/es\/wp-json\/wp\/v2\/pages\/6483","targetHints":{"allow":["GET"]}}],"collection":[{"href":"https:\/\/lipro.pro\/es\/wp-json\/wp\/v2\/pages"}],"about":[{"href":"https:\/\/lipro.pro\/es\/wp-json\/wp\/v2\/types\/page"}],"author":[{"embeddable":true,"href":"https:\/\/lipro.pro\/es\/wp-json\/wp\/v2\/users\/3"}],"replies":[{"embeddable":true,"href":"https:\/\/lipro.pro\/es\/wp-json\/wp\/v2\/comments?post=6483"}],"version-history":[{"count":0,"href":"https:\/\/lipro.pro\/es\/wp-json\/wp\/v2\/pages\/6483\/revisions"}],"up":[{"embeddable":true,"href":"https:\/\/lipro.pro\/es\/wp-json\/wp\/v2\/pages\/7809"}],"wp:featuredmedia":[{"embeddable":true,"href":"https:\/\/lipro.pro\/es\/wp-json\/wp\/v2\/media\/6257"}],"wp:attachment":[{"href":"https:\/\/lipro.pro\/es\/wp-json\/wp\/v2\/media?parent=6483"}],"curies":[{"name":"wp","href":"https:\/\/api.w.org\/{rel}","templated":true}]}}