{"id":7371,"date":"2022-08-04T07:34:47","date_gmt":"2022-08-04T07:34:47","guid":{"rendered":"http:\/\/lipro.razvija.se\/about-the-company\/pomembni-mejniki-v-zgodovini-2\/"},"modified":"2022-08-26T07:45:41","modified_gmt":"2022-08-26T07:45:41","slug":"pomembni-mejniki-v-zgodovini-eng","status":"publish","type":"page","link":"https:\/\/lipro.pro\/en\/about-the-company\/pomembni-mejniki-v-zgodovini-eng\/","title":{"rendered":"Pomembni mejniki v zgodovini ENG"},"content":{"rendered":"<section class=\"kc-elm kc-css-245550 kc_row\"><div class=\" container\"><div class=\"row\"><div class=\"kc-elm kc-css-409485 col-lg-12 column col-12\"><div class=\"kc-col-container\"><div class=\"kc-elm kc_text_block\"><\/p>\n<style type=\"text\/css\">@media only screen and (min-width: 1000px) and (max-width: 5000px){body.kc-css-system .kc-css-1191754{width: 100%;}body.kc-css-system .kc-css-1969517{width: 100%;}body.kc-css-system .kc-css-605360{width: 100%;}body.kc-css-system .kc-css-1701423{width: 100%;}body.kc-css-system .kc-css-701671{width: 100%;}}body.kc-css-system .kc-css-1023110.kc_title,body.kc-css-system .kc-css-1023110 .kc_title,body.kc-css-system .kc-css-1023110 .kc_title a.kc_title_link{color: #ffffff;}body.kc-css-system .kc-css-4342588{background: linear-gradient(rgba(0, 0, 0, 0.20), rgba(0, 0, 0, 0.20)), transparent url(https:\/\/lipro.pro\/wp-content\/uploads\/2022\/07\/liproskamioni-01.jpg) 0% 0%\/auto repeat scroll;margin-top: 80px;margin-bottom: 100px;padding-top: 80px;padding-bottom: 190px;}body.kc-css-system .kc-css-2459814 ,body.kc-css-system .kc-css-2459814 p{color: #ffffff;}body.kc-css-system .kc-css-2010825{background: linear-gradient(rgba(0, 0, 0, 0.20), rgba(0, 0, 0, 0.20)), transparent url(https:\/\/lipro.pro\/wp-content\/uploads\/2022\/07\/katalog-018_2_.jpg) 0% 0%\/auto repeat scroll;margin-top: 80px;margin-bottom: 100px;padding-top: 80px;padding-bottom: 190px;}body.kc-css-system .kc-css-1712860 ,body.kc-css-system .kc-css-1712860 p{color: #ffffff;}body.kc-css-system .kc-css-3463019{background: linear-gradient(rgba(0, 0, 0, 0.20), rgba(0, 0, 0, 0.20)), transparent url(https:\/\/lipro.pro\/wp-content\/uploads\/2022\/07\/PSS-01_.jpg) 0% 0%\/auto repeat scroll;margin-top: 80px;margin-bottom: 100px;padding-top: 80px;padding-bottom: 190px;}body.kc-css-system .kc-css-2988169 ,body.kc-css-system .kc-css-2988169 p{color: #ffffff;}body.kc-css-system .kc-css-707110{background: linear-gradient(rgba(0, 0, 0, 0.20), rgba(0, 0, 0, 0.20)), transparent url(https:\/\/lipro.pro\/wp-content\/uploads\/2022\/01\/header-bg.png) 0% 0%\/auto repeat scroll;margin-top: 80px;margin-bottom: 100px;padding-top: 80px;padding-bottom: 190px;}body.kc-css-system .kc-css-640981 ,body.kc-css-system .kc-css-640981 p{color: #ffffff;}body.kc-css-system .kc-css-2566672{background: linear-gradient(rgba(0, 0, 0, 0.20), rgba(0, 0, 0, 0.20)), transparent url(https:\/\/lipro.pro\/wp-admin\/admin-ajax.php?action=kc_get_thumbn&type=filter_url&id=%2Fwp-content%2Fuploads%2F2022%2F01%2Fheader-bg.png) 0% 0%\/auto repeat scroll;margin-top: 80px;margin-bottom: 100px;padding-top: 80px;padding-bottom: 190px;}body.kc-css-system .kc-css-3084647 ,body.kc-css-system .kc-css-3084647 p{color: #ffffff;}<\/style>\n<section class=\"kc-elm kc-css-4005900 kc_row\">\n<div class=\" container\">\n<div class=\"row\">\n<div class=\"kc-elm kc-css-708001 col-lg-12 column col-12\">\n<div class=\"kc-col-container\">\n<div class=\"kc-elm kc-css-1023110 kc-title-wrap \">\n<h2 class=\"kc_title\">Pomembni mejniki v zgodovini<\/h2>\n<\/div>\n<\/div>\n<\/div>\n<\/div>\n<\/div>\n<\/section>\n<section id=\"history\" class=\"kc-elm kc-css-4342588 kc_row\">\n<div class=\" container\">\n<div class=\"row\">\n<div class=\"kc-elm kc-css-1191754 column col-md-7\">\n<div class=\"kc-col-container\">\n<div class=\"kc-elm kc-css-2459814 kc_text_block\">\n<p>Za\u010detki Lipra segajo v leto 1998, ko sta Albert in Barbara Pribac pri\u010dela s poslovanjem v dru\u017einski delavnici v Kopru. Zaradi \u0161iritve poslovanja svojo dejavnost v kratkem preselijo v nekoliko ve\u010dje najete prostore v Kopru.<\/p>\n<\/div>\n<div class=\"kc-elm kc-css-3667963 kc_text_block year\">\n<p>1998-2003<\/p>\n<\/div>\n<\/div>\n<\/div>\n<\/div>\n<\/div>\n<\/section>\n<section id=\"history\" class=\"kc-elm kc-css-2010825 kc_row\">\n<div class=\" container\">\n<div class=\"row\">\n<div class=\"kc-elm kc-css-1969517 column col-md-7\">\n<div class=\"kc-col-container\">\n<div class=\"kc-elm kc-css-1712860 kc_text_block\">\n<p>Dobri rezultati dela omogo\u010dajo gradnjo nove hale z ve\u010djimi proizvodnimi kapacitetami v neposredni bli\u017eini. Podjetje izdela in razvije prvi veri\u017eni transportni sistem PSC-90. Sledi izdaja prvega kataloga \u00bbModular sistem\u00ab. Leta 2006 na 12. sejmu Terotech-Vzdr\u017eevanje v Celju dobi podjetje bronasto priznanje za ta program.<\/p>\n<\/div>\n<div class=\"kc-elm kc-css-2696815 kc_text_block year\">\n<p>2004-2007<\/p>\n<\/div>\n<\/div>\n<\/div>\n<\/div>\n<\/div>\n<\/section>\n<section id=\"history\" class=\"kc-elm kc-css-3463019 kc_row\">\n<div class=\" container\">\n<div class=\"row\">\n<div class=\"kc-elm kc-css-605360 column col-md-7\">\n<div class=\"kc-col-container\">\n<div class=\"kc-elm kc-css-2988169 kc_text_block\">\n<p>Podjetje bele\u017ei 10 let uspe\u0161nega delovanja. Leta 2009 izda katalog transporterjev TB. Razvije transportni sistem PS-Solar, gnano valj\u010dno progo PSR 50\/60 in cevni modularni sistem, za katerega na 16. sejmu Terotech vzdr\u017eevanje v Celju prejme srebrno priznanje. Sledi izdaja kataloga transportnih sistemov.<\/p>\n<\/div>\n<div class=\"kc-elm kc-css-1252319 kc_text_block year\">\n<p>2008-2013<\/p>\n<\/div>\n<\/div>\n<\/div>\n<\/div>\n<\/div>\n<\/section>\n<section id=\"history\" class=\"kc-elm kc-css-707110 kc_row\">\n<div class=\" container\">\n<div class=\"row\">\n<div class=\"kc-elm kc-css-1701423 column col-md-7\">\n<div class=\"kc-col-container\">\n<div class=\"kc-elm kc-css-640981 kc_text_block\">\n<p>Januarja 2014 se podjetje preseli na novo lokacijo v Dekane, kjer zaposlenim omogo\u010da bolj\u0161e delovne pogoje. Leta 2018 podjetje investira v ve\u010dje skladi\u0161\u010dne prostore z namenom izvajanja hitrej\u0161ih in kvalitetnej\u0161ih storitev obstoje\u010dim in novim kupcem.<\/p>\n<\/div>\n<div class=\"kc-elm kc-css-247372 kc_text_block year\">\n<p>2014-2018<\/p>\n<\/div>\n<\/div>\n<\/div>\n<\/div>\n<\/div>\n<\/section>\n<section id=\"history\" class=\"kc-elm kc-css-2566672 kc_row\">\n<div class=\" container\">\n<div class=\"row\">\n<div class=\"kc-elm kc-css-701671 column col-md-7\">\n<div class=\"kc-col-container\">\n<div class=\"kc-elm kc-css-3084647 kc_text_block\">\n<p>Podjetje v letu 2019, za\u010dne s programom Prenos nasledstva, s katerim \u0161e bolj\u00a0\u00a0 jasno zari\u0161e na\u010drte za prihodnost. Z letom 2020, podjetje pridobi pomembna certifikata ISO 9001 in ISO 14001. V letu 2021 pa \u0161e dodatno investira v nove povr\u0161ine za razvoj in \u0161irjenje.<\/p>\n<\/div>\n<div class=\"kc-elm kc-css-684487 kc_text_block year\">\n<p>2019-2022<\/p>\n<\/div>\n<\/div>\n<\/div>\n<\/div>\n<\/div>\n<\/section>\n<p>\n<\/div><\/div><\/div><\/div><\/div><\/section>\n","protected":false},"excerpt":{"rendered":"","protected":false},"author":3,"featured_media":0,"parent":6446,"menu_order":0,"comment_status":"closed","ping_status":"closed","template":"page-templates\/fullwidthpage-main.php","meta":{"_acf_changed":false,"footnotes":""},"class_list":["post-7371","page","type-page","status-publish","hentry"],"acf":[],"_links":{"self":[{"href":"https:\/\/lipro.pro\/en\/wp-json\/wp\/v2\/pages\/7371","targetHints":{"allow":["GET"]}}],"collection":[{"href":"https:\/\/lipro.pro\/en\/wp-json\/wp\/v2\/pages"}],"about":[{"href":"https:\/\/lipro.pro\/en\/wp-json\/wp\/v2\/types\/page"}],"author":[{"embeddable":true,"href":"https:\/\/lipro.pro\/en\/wp-json\/wp\/v2\/users\/3"}],"replies":[{"embeddable":true,"href":"https:\/\/lipro.pro\/en\/wp-json\/wp\/v2\/comments?post=7371"}],"version-history":[{"count":0,"href":"https:\/\/lipro.pro\/en\/wp-json\/wp\/v2\/pages\/7371\/revisions"}],"up":[{"embeddable":true,"href":"https:\/\/lipro.pro\/en\/wp-json\/wp\/v2\/pages\/6446"}],"wp:attachment":[{"href":"https:\/\/lipro.pro\/en\/wp-json\/wp\/v2\/media?parent=7371"}],"curies":[{"name":"wp","href":"https:\/\/api.w.org\/{rel}","templated":true}]}}