{"id":6446,"date":"2022-08-04T07:19:21","date_gmt":"2022-08-04T07:19:21","guid":{"rendered":"http:\/\/lipro.razvija.se\/?page_id=6446"},"modified":"2024-01-19T10:30:35","modified_gmt":"2024-01-19T10:30:35","slug":"about-the-company","status":"publish","type":"page","link":"https:\/\/lipro.pro\/en\/about-the-company\/","title":{"rendered":"About the Company"},"content":{"rendered":"<p><section id=\"fluid-100\" class=\"kc-elm kc-css-815407 kc_row\"><div class=\" container-fluid\"><div class=\"row\"><div class=\"kc-elm kc-css-124341 column col-md-5\"><div class=\"kc-col-container\"><div class=\"kc-elm kc-css-769695 kc_text_block pb-2\"><\/p>\n<p>The changed market conditions, global trends and desire to pass over the company\u2019s management to a younger generation have encouraged us to start preparing a new strategy of Lipro d.o.o. by 2024. The strategy will provide relevant policies for our further development as a response to the current challenges of our time and changes that are happening in our business environment.<\/p>\n<p>\n<\/div><div class=\"kc-elm kc-css-323837 kc_text_block\"><\/p>\n<p>Despite the changes in our environment, we remain committed to our mission to improve and simplify transport systems and with committed employees provide professional solutions tailored to our customers\u2019 needs.\u00a0 We will keep striving toward a sustainable creation of value for employees, business partners and the local community. We will encourage teamwork and an open internal communication. It is of key importance to lead by example in spreading the culture of cooperation, respect and assuming responsibility among all employees at Lipro d.o.o.<\/p>\n<p>The internal environment and our current development capabilities indicate that Lipro d.o.o. is able to grow in the future and therefore reinforce and retain its position on the market. A stable financial position, committed employees, state-of-the-art equipment, development orientation, innovation and ability to manage business processes are in the management&#039;s opinion the sources of competitive advantage on which Lipro d.o.o. may build its future. Our strategic plan is an evidence-based approach that realistically presents the future development path of Lipro d.o.o. to become the top choice for companies that want innovative, quality and environmentally friendly solutions in automated production in the EU as well as more broadly.<\/p>\n<p>\n<\/div><\/div><\/div><\/div><\/div><\/section><section id=\"fluid-100\" class=\"kc-elm kc-css-796616 kc_row\"><div class=\" container-fluid\"><div class=\"row\"><div class=\"kc-elm kc-css-324458 column col-md-5\"><div class=\"kc-col-container\">\n<div class=\"kc-elm kc-css-535291 kc-title-wrap \">\n\n\t<h3 class=\"kc_title pb-2\">Pogled v prihodnost \u2013 zaveza vodstva<\/h3>\n<\/div>\n<div class=\"kc-elm kc-css-23525 kc_text_block pb-2\"><\/p>\n<p>\nSpremenjena razmere na trgu, globalni trendi in \u017eelja po prenosu vodenja in upravljanja podjetja na mlaj\u0161o generacijo, so nas spodbudili, da smo za\u010deli pripravljati novo strategijo Lipra d.o.o. do leta 2024. Strategija bo podala ustrezne usmeritve za na\u0161 nadaljnji razvoj kot odgovor na aktualne izzive \u010dasa in spremembe, ki se dogajajo v na\u0161em poslovnem okolju.<\/p>\n<p>Kljub spremembam v okolju ostajamo zavezani na\u0161emu poslanstvu, da izbolj\u0161ujemo in poenostavljamo\u00a0 transportne sisteme ter z zavzetimi sodelavci zagotavljamo profesionalne re\u0161itve po meri naro\u010dnika.\u00a0 Prav tako si bomo \u0161e naprej prizadevali za trajno ustvarjanje vrednosti za zaposlene, poslovne partnerje in lokalno okolje. Spodbujali bomo timsko delo in odprto interno komunikacijo. Klju\u010dnega pomena je, da z zgledom \u0161irimo kulturo sodelovanja, spo\u0161tovanja in prevzemanja odgovornosti med vsemi sodelavkami in sodelavci v Lipro d.o.o.\u00a0<\/p>\n<p>Notranje okolje in trenutne razvojne zmo\u017enosti ka\u017eejo na to, da je Lipro d.o.o. v prihodnjem obdobju sposoben rasti, ter s tem utrditi in ohraniti svoj polo\u017eaj na trgu. Stabilen finan\u010dni polo\u017eaj, zavzeti sodelavci, sodobna oprema, razvojna usmerjenost in inovativnost ter obvladovanje poslovnih procesov, so po mnenju vodstva viri konkuren\u010dne prednosti, na katerih lahko Lipro d.o.o. gradi svojo prihodnost. Strate\u0161ki na\u010drt strokovno utemeljeno in realno prikazuje prihodnjo razvojno pot Lipra d.o.o. do najbolj\u0161e izbire izbira za podjetja, ki \u017eelijo inovativne, kakovostne in okolju prijazne re\u0161itve v avtomatizaciji proizvodnje tako v EU kot tudi \u0161ir\u0161e.<\/p>\n<p>\n<\/div><\/div><\/div><\/div><\/div><\/section><section data-kc-equalheight=\"true\" data-kc-equalheight-align=\"middle\" data-kc-fullwidth=\"content\" class=\"kc-elm kc-css-330661 kc_row company-right\"><div class=\" container-fluid\"><div class=\"row\"><div class=\"kc-elm kc-css-999800 col-lg-6 column d-flex justify-content-end order-2 order-md-1\"><div class=\"left-box mt-3 mt-md-0 kc-col-container\">\n<div class=\"kc-elm kc-css-852504 kc-title-wrap \">\n\n\t<h2 class=\"kc_title\">Vision and mission<\/h2>\n<\/div>\n<div class=\"kc-elm kc-css-633931 kc_text_block\"><\/p>\n<p><strong>Vision<br \/><\/strong>We will become the top choice for companies that want innovative, quality and environmentally friendly solutions in automated production. This will be achieved by digitalising business processes, by establishing a more sustainable direction of our operations and by implementing partner integration.<\/p>\n<p>\n<\/div><div class=\"kc-elm kc-css-791306 kc_text_block\"><\/p>\n<p><strong>Mission<br \/><\/strong>We improve and simplify transport systems and flexible constructions in automated production. Committed employees ensure professional solutions tailored to our customers\u2019 needs.<\/p>\n<p>\n<\/div><\/div><\/div><div class=\"kc-elm kc-css-163234 col-lg-6 column order-1 order-md-2 p-0\"><div class=\"kc-col-container\"><div class=\"kc-elm kc-css-649085 kc_shortcode kc_single_image\">\n\n        <img decoding=\"async\" src=\"https:\/\/lipro.pro\/wp-content\/uploads\/2022\/01\/cpn.png\" class=\"\" alt=\"\" title=\"\">    <\/div>\n<\/div><\/div><\/div><\/div><\/section><section data-kc-equalheight=\"true\" data-kc-equalheight-align=\"middle\" data-kc-fullwidth=\"content\" class=\"kc-elm kc-css-520350 kc_row company-right\"><div class=\" container-fluid\"><div class=\"row\"><div class=\"kc-elm kc-css-444392 col-lg-6 column d-flex justify-content-end order-2 order-md-1 mobile-blue\"><div class=\"left-box mt-3 mt-md-0 kc-col-container\">\n<div class=\"kc-elm kc-css-817469 kc-title-wrap \">\n\n\t<h2 class=\"kc_title\">Local going Global<\/h2>\n<\/div>\n<div class=\"kc-elm kc-css-167567 kc_text_block\"><\/p>\n<p>\nNapisati katerim nakupom in kupcem je namenjana eTrgovina in da kupci, ki \u017eelijo kupiti npr. 5 matic, to opravijo v eTrgovini in ne na korpo sajtu<\/p>\n<p>\n<\/div><div class=\"kc-elm kc-css-75858 kc_text_block\"><\/p>\n<p>\nLipro d.o.o.<br \/>Dekani 20 A, 6271 Dekani, Slovenija<\/p>\n<p>t: 00386 05 625 13 43<br \/>e: info@lipro.si<\/p>\n<p>ID DDV: SI4714948<br \/>M\u0160: 1318047<\/p>\n<p>\n<\/div><\/div><\/div><div class=\"kc-elm kc-css-656315 col-lg-6 column order-1 order-md-2 p-0\"><div class=\"kc-col-container\"><div class=\"kc-elm kc-css-719995 kc_shortcode kc_single_image blue-left\">\n\n        <img decoding=\"async\" src=\"https:\/\/lipro.pro\/wp-content\/uploads\/2022\/01\/Mask-Group-14.png\" class=\"\" alt=\"\" title=\"\">    <\/div>\n<\/div><\/div><\/div><\/div><\/section><section data-kc-equalheight=\"true\" data-kc-equalheight-align=\"middle\" data-kc-fullwidth=\"content\" class=\"kc-elm kc-css-226477 kc_row company-right\"><div class=\" container-fluid\"><div class=\"row\"><div class=\"kc-elm kc-css-185809 col-lg-6 column d-flex justify-content-end order-2 order-md-1 mobile-blue\"><div class=\"left-box mt-3 mt-md-0 kc-col-container\"><div class=\"kc-elm kc-css-215303 kc_text_block\"><\/p>\n<p>Lipro d.o.o.<br \/>Dekani 20 A, 6271 Dekani, Slovenia<\/p>\n<p>t: 00386 05 625 13 43<br \/>e: <a href=\"mailto:info@lipro.si\"><b>info@lipro.si<\/b><\/a><\/p>\n<p>VAT ID: SI4714948<br \/>Registration number: 1318047<\/p>\n<p>\n<\/div><\/div><\/div><div class=\"kc-elm kc-css-619316 col-lg-6 column order-1 order-md-2 p-0\"><div class=\"kc-col-container\"><div class=\"kc-elm kc-css-587688 kc_shortcode kc_single_image blue-left\">\n\n        <img decoding=\"async\" src=\"https:\/\/lipro.pro\/wp-content\/uploads\/2022\/01\/Mask-Group-14.png\" class=\"\" alt=\"\" title=\"\">    <\/div>\n<\/div><\/div><\/div><\/div><\/section><section class=\"kc-elm kc-css-628023 kc_row\"><div class=\" container\"><div class=\"row\"><\/div><\/div><\/section><section id=\"bg-right\" class=\"kc-elm kc-css-942601 kc_row\"><div class=\" container  buttons-section\"><div class=\"row\"><div class=\"kc-elm kc-css-133586 column col-12 col-md-8\"><div class=\"kc-col-container\">\n<div class=\"kc-elm kc-css-812117 kc-title-wrap \">\n\n\t<h2 class=\"kc_title\">Have you realised that we are the right partner for you?<\/h2>\n<\/div>\n<div class=\"kc-elm kc-css-975807 kc_text_block\"><\/p>\n<p>The success of our company also depends on the quality of our suppliers. This is why we constantly strive toward ensuring quality products from raw material to end customer.<\/p>\n<p>\n<\/div><div class=\"div-wrapper kc-elm kc-css-27651 button-wrapper\">\n<div class=\"kc-elm kc-css-662775\">\n\t<a class=\"kc_button yellow-underline text-light\" href=\"https:\/\/lipro.pro\/en\/inquiry\/?type=cooperate-with-us-as-a-supplier#contact\" target=\"_self\" title=\"\" onclick=\"\">\n\t\tCooperate with us as a supplier\t<\/a>\n<\/div>\n<\/div><\/div><\/div><\/div><\/div><\/section><section id=\"history\" class=\"kc-elm kc-css-453416 kc_row\"><div class=\" container\"><div class=\"row\"><div class=\"kc-elm kc-css-852615 column col-md-7\"><div class=\"kc-col-container\">\n<div class=\"kc-elm kc-css-994117 kc-title-wrap \">\n\n\t<h2 class=\"kc_title\">Important milestones<\/h2>\n<\/div>\n<div class=\"kc-elm kc-css-802813 kc_text_block\"><\/p>\n<p>The beginnings of Lipro date back to 1998, when Albert and Barbara Pribac started doing business in their family workshop in Koper. Due to business expansion, they soon move their activity in slightly larger rented premises in Koper.<\/p>\n<p>\n<\/div>\n<div class=\"kc-elm kc-css-66295\">\n\t<a class=\"kc_button yellow-underline\" href=\"https:\/\/lipro.pro\/en\/about-the-company\/important-milestones\/\" target=\"_self\" title=\"Important milestones\" onclick=\"\">\n\t\tRead more\t<\/a>\n<\/div>\n<div class=\"kc-elm kc-css-846616 kc_text_block year\"><\/p>\n<p>\n1998<\/p>\n<p>\n<\/div><\/div><\/div><\/div><\/div><\/section><section id=\"bg-right\" class=\"kc-elm kc-css-879779 kc_row\"><div class=\" container\"><div class=\"row\"><div class=\"kc-elm kc-css-996429 column col-12 col-md-8\"><div class=\"kc-col-container\">\n<div class=\"kc-elm kc-css-90112 kc-title-wrap \">\n\n\t<h2 class=\"kc_title\">Entry into our job seeker's database<\/h2>\n<\/div>\n<div class=\"kc-elm kc-css-895032 kc_text_block\"><\/p>\n<p>If there are currently no job vacancies or if you think that the vacancies do not match your profile, you may present yourselves any way in an open application. We will enter you in our database and contact you when we will need new colleagues.<\/p>\n<p>\n<\/div>\n<div class=\"kc-elm kc-css-705972\">\n\t<a class=\"kc_button yellow-underline text-light font-weight-bold\" href=\"https:\/\/lipro.pro\/en\/inquiry\/?type=entry-into-our-job-seekers-database#contact\" target=\"_self\" title=\"\" onclick=\"\">\n\t\tSubmit your application and resume\t<\/a>\n<\/div>\n<\/div><\/div><\/div><\/div><\/section><\/p>\n","protected":false},"excerpt":{"rendered":"<p>Looking ahead \u2013 the management&#8217;s commitment<\/p>\n","protected":false},"author":3,"featured_media":4056,"parent":0,"menu_order":0,"comment_status":"closed","ping_status":"closed","template":"page-templates\/fullwidthpage-main.php","meta":{"_acf_changed":false,"footnotes":""},"class_list":["post-6446","page","type-page","status-publish","has-post-thumbnail","hentry"],"acf":[],"_links":{"self":[{"href":"https:\/\/lipro.pro\/en\/wp-json\/wp\/v2\/pages\/6446","targetHints":{"allow":["GET"]}}],"collection":[{"href":"https:\/\/lipro.pro\/en\/wp-json\/wp\/v2\/pages"}],"about":[{"href":"https:\/\/lipro.pro\/en\/wp-json\/wp\/v2\/types\/page"}],"author":[{"embeddable":true,"href":"https:\/\/lipro.pro\/en\/wp-json\/wp\/v2\/users\/3"}],"replies":[{"embeddable":true,"href":"https:\/\/lipro.pro\/en\/wp-json\/wp\/v2\/comments?post=6446"}],"version-history":[{"count":0,"href":"https:\/\/lipro.pro\/en\/wp-json\/wp\/v2\/pages\/6446\/revisions"}],"wp:featuredmedia":[{"embeddable":true,"href":"https:\/\/lipro.pro\/en\/wp-json\/wp\/v2\/media\/4056"}],"wp:attachment":[{"href":"https:\/\/lipro.pro\/en\/wp-json\/wp\/v2\/media?parent=6446"}],"curies":[{"name":"wp","href":"https:\/\/api.w.org\/{rel}","templated":true}]}}