{"id":6419,"date":"2022-08-04T07:10:53","date_gmt":"2022-08-04T07:10:53","guid":{"rendered":"http:\/\/lipro.razvija.se\/?page_id=6419"},"modified":"2022-08-04T07:12:26","modified_gmt":"2022-08-04T07:12:26","slug":"politika-zaposlovanja-in-razvoj-kadrov","status":"publish","type":"page","link":"https:\/\/lipro.pro\/en\/careers\/politika-zaposlovanja-in-razvoj-kadrov\/","title":{"rendered":"Politika zaposlovanja in razvoj kadrov"},"content":{"rendered":"<section class=\"kc-elm kc-css-491869 kc_row\"><div class=\" container\"><div class=\"row\"><div class=\"kc-elm kc-css-544301 column col-md-8\"><div class=\"kc-col-container\"><div class=\"kc-elm kc-css-646808 kc_text_block\"><\/p>\n<p>Spremenjene razmere na trgu, globalni trendi in \u017eelja po prenosu vodenja in upravljanja podjetja na mlaj\u0161o generacijo, so nas spodbudili, da smo za\u010deli pripravljati novo strategijo podjetja do leta 2024, ki vklju\u010duje tudi kadrovsko strategijo.<\/p>\n<\/p>\n<p>Na\u0161a kadrovska strategija zajema razli\u010dna podro\u010dja:<\/p>\n<ol>\n<li>KOMPETEN\u010cNI MODEL IN VREDNOTE<\/li>\n<\/ol>\n<p>Aktivno razvijamo klju\u010dne izbrane kompetence, ki so: komunikacijske spretnosti, timsko delo, delavnost, prilagodljivost, vztrajnost ter u\u010denje in razvoj.<\/p>\n<p>Gojimo organizacijsko kulturo, ki temelji na izbranih vrednotah, ki so vodila za na\u0161a dejanja in na\u0161e obna\u0161anje. V skladu s tem se v podjetju izra\u017eajo kot klju\u010dna \u017eelena vedenja zaposlenih, ki pomembno vplivajo na organizacijsko kulturo in poslovne rezultate.<\/p>\n<\/p>\n<ol start=\"2\">\n<li>PRIDOBIVANJE NOVIH KADROV<\/li>\n<\/ol>\n<p>Na podlagi analize potrebe po novih kadrih izvajamo razgovore, na katerih preko odprte komunikacije prepoznamo, ali ima kandidat ustrezne vrednote in kompetence, za sodelovanje v na\u0161em podjetju.<\/p>\n<\/p>\n<ol start=\"3\">\n<li>RAZVOJ KADROV<\/li>\n<\/ol>\n<p>Novega sodelavca intenzivno spremljamo z vsakomese\u010dnimi usmerjenimi pogovori, ki pozitivno vplivajo na njegovo uspe\u0161no vklju\u010devanje v tim, na ustvarjalnost, motiviranost in inovativnost.<\/p>\n<\/p>\n<ol start=\"4\">\n<li>MENTORSTVO IN PRAKTI\u010cNO USPOSABLJANJE DIJAKOV IN \u0160TUDENTOV<\/li>\n<\/ol>\n<p>Z uvajanjem mentorstva spodbujamo in negujemo agilnost ter prilagodljivost zaposlenih in jih podpiramo pri pridobivanju novih znanj, ve\u0161\u010din in kompetenc ter se z njimi odkrito pogovarjamo o prihodnosti. \u00a0Mentorstvo izvajamo z novimi sodelavci, medgeneracijsko, v okviru prakti\u010dnega usposabljanja dijakov in \u0161tudentov ter pri prenosu znanj med sodelavci.<\/p>\n<\/p>\n<ol start=\"5\">\n<li>IZOBRA\u017dEVANJE<\/li>\n<\/ol>\n<p>Sodelavce spodbujamo k izobra\u017eevanju na razli\u010dnih strokovnih podro\u010djih, organiziramo delavnice s podro\u010dja \u010dustvene inteligence, upravljanja s \u010dasom in obvladovanjem stresa, tudi s pomo\u010djo redne telesne aktivnosti med delovnim \u010dasom. Delujemo s ciljem, da je le telesno in du\u0161evno zdrav zaposleni zmo\u017een konstruktivno komunicirati, tvorno sodelovati ter se hitro in u\u010dinkovito prilagajati vsem pomembnim spremembam.<\/p>\n<p>\n<\/div><\/div><\/div><\/div><\/div><\/section>\n","protected":false},"excerpt":{"rendered":"","protected":false},"author":3,"featured_media":0,"parent":6416,"menu_order":0,"comment_status":"closed","ping_status":"closed","template":"","meta":{"_acf_changed":false,"footnotes":""},"class_list":["post-6419","page","type-page","status-publish","hentry"],"acf":[],"_links":{"self":[{"href":"https:\/\/lipro.pro\/en\/wp-json\/wp\/v2\/pages\/6419","targetHints":{"allow":["GET"]}}],"collection":[{"href":"https:\/\/lipro.pro\/en\/wp-json\/wp\/v2\/pages"}],"about":[{"href":"https:\/\/lipro.pro\/en\/wp-json\/wp\/v2\/types\/page"}],"author":[{"embeddable":true,"href":"https:\/\/lipro.pro\/en\/wp-json\/wp\/v2\/users\/3"}],"replies":[{"embeddable":true,"href":"https:\/\/lipro.pro\/en\/wp-json\/wp\/v2\/comments?post=6419"}],"version-history":[{"count":0,"href":"https:\/\/lipro.pro\/en\/wp-json\/wp\/v2\/pages\/6419\/revisions"}],"up":[{"embeddable":true,"href":"https:\/\/lipro.pro\/en\/wp-json\/wp\/v2\/pages\/6416"}],"wp:attachment":[{"href":"https:\/\/lipro.pro\/en\/wp-json\/wp\/v2\/media?parent=6419"}],"curies":[{"name":"wp","href":"https:\/\/api.w.org\/{rel}","templated":true}]}}