{"id":6416,"date":"2022-08-04T07:08:46","date_gmt":"2022-08-04T07:08:46","guid":{"rendered":"http:\/\/lipro.razvija.se\/?page_id=6416"},"modified":"2023-01-06T14:09:45","modified_gmt":"2023-01-06T14:09:45","slug":"careers","status":"publish","type":"page","link":"https:\/\/lipro.pro\/en\/careers\/","title":{"rendered":"Careers"},"content":{"rendered":"<p><section id=\"fluid-100\" class=\"kc-elm kc-css-200224 kc_row\"><div class=\" container-fluid\"><div class=\"row\"><div class=\"kc-elm kc-css-970614 column col-md-5\"><div class=\"kc-col-container\"><div class=\"kc-elm kc-css-266232 kc_text_block pb-2\"><\/p>\n<p>The changed market conditions, global trends and desire to passing over the company\u2019s management to a younger generation have encouraged us to start preparing a new strategy of the company by 2024 that also includes the human resources strategy.<\/p>\n<p>\n<\/div><\/div><\/div><\/div><\/div><\/section><section class=\"kc-elm kc-css-726269 kc_row\"><div class=\" container\"><div class=\"row\"><div class=\"kc-elm kc-css-207441 column col-md-8\"><div class=\"kc-col-container\">\n<div class=\"kc-elm kc-css-965142 kc-title-wrap \">\n\n\t<h3 class=\"kc_title pb-2\">Our human resources strategy includes various areas:<\/h3>\n<\/div>\n<\/div><\/div><\/div><\/div><\/section><section class=\"kc-elm kc-css-57155 kc_row\"><div class=\" container\"><div class=\"row\"><div class=\"kc-elm kc-css-719306 column col-md-8\"><div class=\"kc-col-container\"><div class=\"kc-elm kc-css-458487 kc_shortcode kc_single_image\">\n\n        <img decoding=\"async\" src=\"https:\/\/lipro.pro\/wp-content\/uploads\/2022\/05\/1.svg\" class=\"\" alt=\"\" title=\"\">    <\/div>\n<div class=\"kc-elm kc-css-290573 kc_text_block\"><\/p>\n<h5>1. Competence model and values<\/h5>\n<p>We are actively developing key selected competences, such as: communication skills, teamwork, work ethic, flexibility, perseverance and learning and developing.<\/p>\n<p>We are building an organisational culture that is based on selected values which are the guiding principles of our actions and our attitude. Accordingly, the behaviours of employees that significantly impact the organisational culture and operating results are desired and of key importance for the company.<\/p>\n<p>\n<\/div><\/div><\/div><div class=\"kc-elm kc-css-713581 column col-md-8\"><div class=\"kc-col-container\"><div class=\"kc-elm kc-css-581361 kc_shortcode kc_single_image\">\n\n        <img decoding=\"async\" src=\"https:\/\/lipro.pro\/wp-content\/uploads\/2022\/05\/2.svg\" class=\"\" alt=\"\" title=\"\">    <\/div>\n<div class=\"kc-elm kc-css-660887 kc_text_block\"><\/p>\n<h5>2. Recruiting<\/h5>\n<p>On the basis of the analysis for the need for new personnel we carry out interviews at which we are able to recognise through open communication if a candidate possesses the relevant values and competences in order to be able to work in our company.<\/p>\n<p>\n<\/div><\/div><\/div><div class=\"kc-elm kc-css-409151 column col-md-8\"><div class=\"kc-col-container\"><div class=\"kc-elm kc-css-330686 kc_shortcode kc_single_image\">\n\n        <img decoding=\"async\" src=\"https:\/\/lipro.pro\/wp-content\/uploads\/2022\/05\/4.svg\" class=\"\" alt=\"\" title=\"\">    <\/div>\n<div class=\"kc-elm kc-css-652643 kc_text_block\"><\/p>\n<h5><strong>3. Human resources development<\/strong><\/h5>\n<p>We intensively follow new employees with monthly targeted interviews that positively impact their successful integration in the team, their creativity, motivation and innovation.<\/p>\n<p>\n<\/div><\/div><\/div><div class=\"kc-elm kc-css-576306 column col-md-8\"><div class=\"kc-col-container\"><div class=\"kc-elm kc-css-730509 kc_shortcode kc_single_image\">\n\n        <img decoding=\"async\" src=\"https:\/\/lipro.pro\/wp-content\/uploads\/2022\/05\/5.svg\" class=\"\" alt=\"\" title=\"\">    <\/div>\n<div class=\"kc-elm kc-css-200501 kc_text_block\"><\/p>\n<h5><strong>4. Mentorship and apprenticeship<\/strong><\/h5>\n<p>By introducing mentorship we encourage and cultivate the alertness and flexibility of employees and support them in acquiring new knowledge, skills and competences and have open discussions with them about their future. \u00a0We carry out mentorship with new employees, intergenerationally, as part of a practical training of students and in transferring knowledge among employees.<\/p>\n<p>\n<\/div><\/div><\/div><div class=\"kc-elm kc-css-576883 column col-md-8\"><div class=\"kc-col-container\"><div class=\"kc-elm kc-css-322231 kc_shortcode kc_single_image\">\n\n        <img decoding=\"async\" src=\"https:\/\/lipro.pro\/wp-content\/uploads\/2022\/05\/3.svg\" class=\"\" alt=\"\" title=\"\">    <\/div>\n<div class=\"kc-elm kc-css-732373 kc_text_block\"><\/p>\n<h5><strong>5. Training<\/strong><\/h5>\n<p>We encourage employees to educated themselves in various expert fields, we organise workshops in the field of emotional intelligence, time and stress management, also with the assistance of regular physical activities during working hours. We operate with the belief that only physically and mentally healthy employees are capable of communicating and cooperating constructively, and quickly and efficiently adapting to all significant changes.<\/p>\n<p>\n<\/div><\/div><\/div><\/div><\/div><\/section><section id=\"bg-right\" class=\"kc-elm kc-css-974319 kc_row\"><div class=\" container  buttons-section\"><div class=\"row\"><div class=\"kc-elm kc-css-453342 column col-12 col-md-8\"><div class=\"kc-col-container\">\n<div class=\"kc-elm kc-css-378183 kc-title-wrap \">\n\n\t<h2 class=\"kc_title\">Politika zaposlovanja in razvoj kariere<\/h2>\n<\/div>\n<div class=\"kc-elm kc-css-594874 kc_text_block\"><\/p>\n<p>Sint occaecat cupidatat non proident, sunt in culpa qui officia deserunt mollit anim id est laborum. Sed ut perspiciatis iste natus error sit amet lorem ipsum<\/p>\n<p>\n<\/div>\n<div class=\"kc-elm kc-css-525519\">\n\t<a class=\"kc_button yellow-underline text-light font-weight-bold\" href=\"https:\/\/lipro.pro\/kariera\/politika-zaposlovanja-in-razvoj-kadrov\/\" target=\"_self\" title=\"Politika zaposlovanja in razvoj kadrov\" onclick=\"\">\n\t\tPreberi ve\u010d\t<\/a>\n<\/div>\n<\/div><\/div><\/div><\/div><\/section><section id=\"bg-left\" class=\"kc-elm kc-css-904856 kc_row\"><div class=\" container  right-fp-img\"><div class=\"row\"><div class=\"kc-elm kc-css-967146 column col-12 col-md-8\"><div class=\"kc-col-container\">\n<div class=\"kc-elm kc-css-696330 kc-title-wrap \">\n\n\t<h2 class=\"kc_title\">Programa \u0161tipendiranja dijakov Srednje tehni\u0161ke \u0161ole Koper<\/h2>\n<\/div>\n<div class=\"kc-elm kc-css-694336 kc_text_block\"><\/p>\n<p>Napisati katerim nakupom in kupcem je namenjana eTrgovina in da kupci, ki \u017eelijo kupiti npr. 5 matic, to opravijo v eTrgovini in ne na korpo sajtu<\/p>\n<p>\n<\/div>\n<div class=\"kc-elm kc-css-801220\">\n\t<a class=\"kc_button yellow-underline text-light font-weight-bold\" href=\"#\" onclick=\"\">\n\t\tPreberi ve\u010d\t<\/a>\n<\/div>\n<\/div><\/div><\/div><\/div><\/section><section id=\"career-section\" class=\"kc-elm kc-css-44534 kc_row\"><div class=\" container\"><div class=\"row\"><div class=\"kc-elm kc-css-185750 col-lg-12 column col-12\"><div class=\"kc-col-container\"><div class=\"kc-elm kc-css-295484 kc-raw-code\">\r\n<section id=\"career-section\">\r\n    <div class=\"container\">\r\n\r\n    <h2 class=\"mb-4\">Vacancies<\/h2>\r\n\r\n\r\n        \r\n        <div class=\"row\">\r\n            <div class=\"col-12 col-lg-7\">\r\n\r\n                <div>\r\n                                            <span> <div>There are currently no advertised vacancies. We invite you to <strong><a href=\"https:\/\/lipro.pro\/en\/inquiry\/?type=entry-into-our-job-seekers-database#contact\">apply to our database of job seekers<\/a><\/strong>.<\/div>\n <\/span>\r\n                                    <\/div>\r\n\r\n            <\/div>\r\n        <\/div>\r\n\r\n\r\n        \r\n\r\n\r\n\r\n\r\n    <\/div>\r\n<\/section>\r\n\r\n\r\n\r\n<\/div><\/div><\/div><\/div><\/div><\/section><section class=\"kc-elm kc-css-767915 kc_row career-row\"><div class=\" container\"><div class=\"row\"><div class=\"kc-elm kc-css-129905 col-lg-12 column col-12\"><div class=\"kc-col-container\"><div class=\"div-wrapper kc-elm kc-css-174227 career-inner\">\n<div class=\"kc-elm kc-css-781189 kc-title-wrap \">\n\n\t<h2 class=\"kc_title\">Entry into our job seeker's database<\/h2>\n<\/div>\n<div class=\"kc-elm kc-css-35655 kc_text_block\"><\/p>\n<p>If there are currently no job vacancies or if you think that the vacancies do not match your profile, you may present yourselves any way in an open application. We will enter you in our database and contact you when we will need new colleagues.<\/p>\n<p>\n<\/div>\n<div class=\"kc-elm kc-css-229747\">\n\t<a class=\"kc_button yellow-underline text-light font-weight-bold\" href=\"https:\/\/lipro.pro\/en\/inquiry\/?type=entry-into-our-job-seekers-database#contact\" target=\"_self\" title=\"Vpis v bazo iskalcev zaposlitve\" onclick=\"\">\n\t\tSubmit your application and resume\t<\/a>\n<\/div>\n<\/div><\/div><\/div><\/div><\/div><\/section><\/p>\n","protected":false},"excerpt":{"rendered":"<p>A team of committed employees provides solutions tailored to our customers\u2019 needs for automated production in the Slovenian and European market.<\/p>\n","protected":false},"author":3,"featured_media":9131,"parent":0,"menu_order":0,"comment_status":"closed","ping_status":"closed","template":"page-templates\/fullwidthpage-main.php","meta":{"_acf_changed":false,"footnotes":""},"class_list":["post-6416","page","type-page","status-publish","has-post-thumbnail","hentry"],"acf":[],"_links":{"self":[{"href":"https:\/\/lipro.pro\/en\/wp-json\/wp\/v2\/pages\/6416","targetHints":{"allow":["GET"]}}],"collection":[{"href":"https:\/\/lipro.pro\/en\/wp-json\/wp\/v2\/pages"}],"about":[{"href":"https:\/\/lipro.pro\/en\/wp-json\/wp\/v2\/types\/page"}],"author":[{"embeddable":true,"href":"https:\/\/lipro.pro\/en\/wp-json\/wp\/v2\/users\/3"}],"replies":[{"embeddable":true,"href":"https:\/\/lipro.pro\/en\/wp-json\/wp\/v2\/comments?post=6416"}],"version-history":[{"count":0,"href":"https:\/\/lipro.pro\/en\/wp-json\/wp\/v2\/pages\/6416\/revisions"}],"wp:featuredmedia":[{"embeddable":true,"href":"https:\/\/lipro.pro\/en\/wp-json\/wp\/v2\/media\/9131"}],"wp:attachment":[{"href":"https:\/\/lipro.pro\/en\/wp-json\/wp\/v2\/media?parent=6416"}],"curies":[{"name":"wp","href":"https:\/\/api.w.org\/{rel}","templated":true}]}}