{"id":6318,"date":"2022-01-06T11:39:41","date_gmt":"2022-01-06T11:39:41","guid":{"rendered":"http:\/\/lipro.razvija.se\/kakovost\/"},"modified":"2024-03-19T11:13:21","modified_gmt":"2024-03-19T11:13:21","slug":"quality","status":"publish","type":"page","link":"https:\/\/lipro.pro\/en\/quality\/","title":{"rendered":"Quality"},"content":{"rendered":"<p><section class=\"kc-elm kc-css-884868 kc_row\"><div class=\" container\"><div class=\"row\"><div class=\"kc-elm kc-css-409614 col-lg-12 column col-12\"><div class=\"kc-col-container\">\n<div class=\"kc-elm kc-css-490656 kc-title-wrap \">\n\n\t<h2 class=\"kc_title\">Quality<\/h2>\n<\/div>\n<div class=\"kc-elm kc-css-445374 row\"><div class=\"kc-elm kc-css-574464 col-12 col-lg-8 column_inner\"><div class=\"kc_wrapper kc-col-inner-container\"><div class=\"kc-elm kc-css-117993 kc_text_block\"><\/p>\n<p>Customer satisfaction is our top priority, we therefore ensure and improve quality using various approaches and applications.<\/p>\n<p>The interconnectedness of all areas, from operational to technical, is of key importance for a better product quality. Our diligent suppliers and committed employees ensure that our products represent the highest standard of quality.<\/p>\n<p>The commitment to provide quality products and services is very important to Lipro, this is why the company has also obtained and maintained the ISO 9001 standard.<\/p>\n<p>\n<\/div><\/div><\/div><div class=\"kc-elm kc-css-174972 col-12 col-lg-4 column_inner\"><div class=\"kc_wrapper kc-col-inner-container\"><div class=\"kc-elm kc-css-135747 kc_shortcode kc_single_image\">\n\n        <a rel=\"prettyPhoto\" class=\"kc-pretty-photo\" href=\"https:\/\/lipro.pro\/wp-content\/uploads\/2023\/07\/ISO-9001-ANG-pdf.jpg\" title=\"\" target=\"\">\n        <img decoding=\"async\" src=\"https:\/\/lipro.pro\/wp-content\/uploads\/2023\/07\/ISO-9001-ANG-pdf.jpg\" class=\"\" alt=\"\" title=\"\">    <\/a>\n    <\/div>\n<\/div><\/div><\/div><\/div><\/div><\/div><\/div><\/section><section class=\"kc-elm kc-css-707109 kc_row\"><div class=\" container\"><div class=\"row\"><div class=\"kc-elm kc-css-30914 col-lg-12 column col-12\"><div class=\"kc-col-container\">\n<div class=\"kc-elm kc-css-376604 kc-title-wrap \">\n\n\t<h2 class=\"kc_title\">Environment<\/h2>\n<\/div>\n<div class=\"kc-elm kc-css-594670 row\"><div class=\"kc-elm kc-css-761513 col-12 col-lg-8 column_inner\"><div class=\"kc_wrapper kc-col-inner-container\"><div class=\"kc-elm kc-css-940711 kc_text_block\"><\/p>\n<p>At Lipro we put great emphasis on environmental protection and keep reducing the environmental impact of our products with new production processes.<\/p>\n<p>We strive daily toward constant improvement in the area of environmental protection, since Lipro represents part of a society that wants to enable future generations a clean and healthy environment.<\/p>\n<p>Our environmental protection principles was crucial for us to obtain the ISO 14001 standard!<\/p>\n<p>\n<\/div><\/div><\/div><div class=\"kc-elm kc-css-307367 col-12 col-lg-4 column_inner\"><div class=\"kc_wrapper kc-col-inner-container\"><div class=\"kc-elm kc-css-909445 kc_shortcode kc_single_image\">\n\n        <a rel=\"prettyPhoto\" class=\"kc-pretty-photo\" href=\"https:\/\/lipro.pro\/wp-content\/uploads\/2023\/07\/ISO-14001-ANG-pdf.jpg\" title=\"\" target=\"\">\n        <img decoding=\"async\" src=\"https:\/\/lipro.pro\/wp-content\/uploads\/2023\/07\/ISO-14001-ANG-pdf.jpg\" class=\"\" alt=\"\" title=\"\">    <\/a>\n    <\/div>\n<\/div><\/div><\/div><\/div><\/div><\/div><\/div><\/section><section class=\"kc-elm kc-css-383546 kc_row\"><div class=\" container\"><div class=\"row\"><div class=\"kc-elm kc-css-51884 col-lg-12 column col-12\"><div class=\"kc-col-container\">\n<div class=\"kc-elm kc-css-195265 kc-title-wrap \">\n\n\t<h2 class=\"kc_title\">Key values at Lipro<\/h2>\n<\/div>\n<div class=\"kc-elm kc-css-942077 kc_text_block\"><\/p>\n<p>\n<\/div><div class=\"kc-elm kc-css-884033 row\"><div class=\"kc-elm kc-css-910445 col-12 col-lg-12 column_inner\"><div class=\"kc_wrapper kc-col-inner-container\"><div class=\"kc-elm kc-css-761861 kc_shortcode kc_single_image\">\n\n        <img decoding=\"async\" src=\"https:\/\/lipro.pro\/wp-content\/uploads\/2024\/03\/Vrednote-ANG-2.jpg\" class=\"\" alt=\"\" title=\"\">    <\/div>\n<\/div><\/div><\/div><\/div><\/div><\/div><\/div><\/section><section class=\"kc-elm kc-css-742946 kc_row\"><div class=\" container\"><div class=\"row\"><div class=\"kc-elm kc-css-294626 col-lg-8 column col-12\"><div class=\"kc-col-container\"><div class=\"kc-elm kc-css-737117 row\"><div class=\"kc-elm kc-css-108786 col-12 col-lg-12 column_inner\"><div class=\"kc_wrapper kc-col-inner-container\"><div class=\"kc-elm kc-css-60502 kc_text_block\"><\/p>\n<p>Zadovoljstvo strank je na\u0161 najve\u010dji cilj zato z razli\u010dnim prijemi ter aplikacijami zagotavljamo ter izbolj\u0161ujemo kakovost.<\/p>\n<p>Za najbolj\u0161o kakovost izdelka je klju\u010dnega pomena povezanost vseh podro\u010dji od operativnih do tehni\u010dnih. Na\u0161i skrbni dobavitelji ter predani zaposleni skrbijo ,da na\u0161i izdelki predstavljajo najvi\u0161ji standard kakovosti.<\/p>\n<p>Zavezanost kakovosti izdelkov ter storitev je v podjetju Lipro zelo pomembno zato smo tudi pridobil ter vzdr\u017eujemo standard ISO 9001!<\/p>\n<p>\n<\/div><\/div><\/div><\/div><\/div><\/div><div class=\"kc-elm kc-css-20948 col-lg-4 column col-12\"><div class=\"kc-col-container\"><div class=\"kc-elm kc-css-11795 row\"><div class=\"kc-elm kc-css-983816 col-12 col-lg-12 column_inner\"><div class=\"kc_wrapper kc-col-inner-container\"><div class=\"kc-elm kc-css-917437 kc_shortcode kc_single_image\">\n\n        <img decoding=\"async\" src=\"https:\/\/lipro.pro\/wp-content\/uploads\/2022\/02\/ISO-SLO-pdf.jpg\" class=\"\" alt=\"\" title=\"\">    <\/div>\n<\/div><\/div><\/div><\/div><\/div><\/div><\/div><\/section><\/p>\n","protected":false},"excerpt":{"rendered":"<p>Lipro has been pursuing the best possible quality of its products and services since 1998.<\/p>\n","protected":false},"author":9,"featured_media":9149,"parent":0,"menu_order":0,"comment_status":"closed","ping_status":"closed","template":"page-templates\/fullwidthpage-main.php","meta":{"_acf_changed":false,"footnotes":""},"class_list":["post-6318","page","type-page","status-publish","has-post-thumbnail","hentry"],"acf":[],"_links":{"self":[{"href":"https:\/\/lipro.pro\/en\/wp-json\/wp\/v2\/pages\/6318","targetHints":{"allow":["GET"]}}],"collection":[{"href":"https:\/\/lipro.pro\/en\/wp-json\/wp\/v2\/pages"}],"about":[{"href":"https:\/\/lipro.pro\/en\/wp-json\/wp\/v2\/types\/page"}],"author":[{"embeddable":true,"href":"https:\/\/lipro.pro\/en\/wp-json\/wp\/v2\/users\/9"}],"replies":[{"embeddable":true,"href":"https:\/\/lipro.pro\/en\/wp-json\/wp\/v2\/comments?post=6318"}],"version-history":[{"count":0,"href":"https:\/\/lipro.pro\/en\/wp-json\/wp\/v2\/pages\/6318\/revisions"}],"wp:featuredmedia":[{"embeddable":true,"href":"https:\/\/lipro.pro\/en\/wp-json\/wp\/v2\/media\/9149"}],"wp:attachment":[{"href":"https:\/\/lipro.pro\/en\/wp-json\/wp\/v2\/media?parent=6318"}],"curies":[{"name":"wp","href":"https:\/\/api.w.org\/{rel}","templated":true}]}}