{"id":9808,"date":"2022-10-05T07:06:07","date_gmt":"2022-10-05T07:06:07","guid":{"rendered":"https:\/\/lipro.pro\/product\/nosilna-ogrodja-in-distancniki\/"},"modified":"2024-11-19T10:38:57","modified_gmt":"2024-11-19T10:38:57","slug":"tragestelle-und-abstandhalter","status":"publish","type":"product","link":"https:\/\/lipro.pro\/de\/product\/tragestelle-und-abstandhalter\/","title":{"rendered":"Tragestelle und abstandhalter"},"content":{"rendered":"<p>Die Tragegestelle sind so konzipiert, dass sie die F\u00f6rderstrecke an einer bestimmten H\u00f6he halten k\u00f6nnen.<\/p>\n<p>Die Tragegestelle werden gleichm\u00e4\u00dfig \u00fcber die gesamte L\u00e4nge der F\u00f6rderstrecke angebracht, in der Regel ein Paar alle 2.000 mm. F\u00fcr die Verbindung von F\u00f6rderstrecken werden Abstandhalter verwendet und bestimmen die Gesamtbreite des Palettensystems.<\/p>\n<p>* F\u00fcr Sonderausf\u00fchrungen halten Sie R\u00fccksprache mit unserem technischen Kundendienst.<\/p>\n","protected":false},"excerpt":{"rendered":"<p>Die Tragegestelle sind so konzipiert, dass sie die F\u00f6rderstrecke an einer bestimmten H\u00f6he halten k\u00f6nnen.\u00a0<\/p>\n<p>Die Tragegestelle werden gleichm\u00e4\u00dfig \u00fcber die gesamte L\u00e4nge der F\u00f6rderstrecke angebracht, in der Regel ein Paar alle 2.000 mm. F\u00fcr die Verbindung von F\u00f6rderstrecken werden Abstandhalter verwendet und bestimmen die Gesamtbreite des Palettensystems.<\/p>\n<p>* F\u00fcr Sonderausf\u00fchrungen halten Sie R\u00fccksprache mit unserem technischen Kundendienst.<\/p>\n","protected":false},"featured_media":9060,"parent":0,"template":"","product_category":[98],"class_list":["post-9808","product","type-product","status-publish","has-post-thumbnail","hentry","product_category-foerdersysteme"],"acf":[],"_links":{"self":[{"href":"https:\/\/lipro.pro\/de\/wp-json\/wp\/v2\/product\/9808","targetHints":{"allow":["GET"]}}],"collection":[{"href":"https:\/\/lipro.pro\/de\/wp-json\/wp\/v2\/product"}],"about":[{"href":"https:\/\/lipro.pro\/de\/wp-json\/wp\/v2\/types\/product"}],"wp:featuredmedia":[{"embeddable":true,"href":"https:\/\/lipro.pro\/de\/wp-json\/wp\/v2\/media\/9060"}],"wp:attachment":[{"href":"https:\/\/lipro.pro\/de\/wp-json\/wp\/v2\/media?parent=9808"}],"wp:term":[{"taxonomy":"product_category","embeddable":true,"href":"https:\/\/lipro.pro\/de\/wp-json\/wp\/v2\/product_category?post=9808"}],"curies":[{"name":"wp","href":"https:\/\/api.w.org\/{rel}","templated":true}]}}