{"id":9805,"date":"2022-10-05T06:57:43","date_gmt":"2022-10-05T06:57:43","guid":{"rendered":"https:\/\/lipro.pro\/product\/paleta\/"},"modified":"2024-11-28T07:57:44","modified_gmt":"2024-11-28T07:57:44","slug":"palette","status":"publish","type":"product","link":"https:\/\/lipro.pro\/de\/product\/palette\/","title":{"rendered":"Werkst\u00fccktr\u00e4ger"},"content":{"rendered":"<p>Die Werkst\u00fccktr\u00e4ger dient zum Transport von Werkst\u00fccken entweder mit Gurt, Kette oder Rollenschienen.<\/p>\n<p>Sie verf\u00fcgt \u00fcber eingebaute Buchsen, die ein exaktes Positionierung auf den Positionseinheiten +\/\u2013 0,1 mm erm\u00f6glichen.<\/p>\n<p>* F\u00fcr Sonderausf\u00fchrungen halten Sie R\u00fccksprache mit unserem technischen Kundendienst.<\/p>\n","protected":false},"excerpt":{"rendered":"<p>Die Werkst\u00fccktr\u00e4ger dient zum Transport von Werkst\u00fccken entweder mit Riemen, Kette oder Rollenschienen.<\/p>\n<p>Sie verf\u00fcgt \u00fcber eingebaute Buchsen, die ein exaktes Zentrieren an den Zentriereinheiten bis +\/\u2013 0,1 mm erm\u00f6glichen.<\/p>\n<p>* F\u00fcr Sonderausf\u00fchrungen halten Sie R\u00fccksprache mit unserem technischen Kundendienst.<\/p>\n","protected":false},"featured_media":9052,"parent":0,"template":"","product_category":[98],"class_list":["post-9805","product","type-product","status-publish","has-post-thumbnail","hentry","product_category-foerdersysteme"],"acf":[],"_links":{"self":[{"href":"https:\/\/lipro.pro\/de\/wp-json\/wp\/v2\/product\/9805","targetHints":{"allow":["GET"]}}],"collection":[{"href":"https:\/\/lipro.pro\/de\/wp-json\/wp\/v2\/product"}],"about":[{"href":"https:\/\/lipro.pro\/de\/wp-json\/wp\/v2\/types\/product"}],"wp:featuredmedia":[{"embeddable":true,"href":"https:\/\/lipro.pro\/de\/wp-json\/wp\/v2\/media\/9052"}],"wp:attachment":[{"href":"https:\/\/lipro.pro\/de\/wp-json\/wp\/v2\/media?parent=9805"}],"wp:term":[{"taxonomy":"product_category","embeddable":true,"href":"https:\/\/lipro.pro\/de\/wp-json\/wp\/v2\/product_category?post=9805"}],"curies":[{"name":"wp","href":"https:\/\/api.w.org\/{rel}","templated":true}]}}