{"id":9786,"date":"2022-10-05T06:28:45","date_gmt":"2022-10-05T06:28:45","guid":{"rendered":"https:\/\/lipro.pro\/product\/centrirni-in-obracalni-moduli\/"},"modified":"2023-03-15T12:47:13","modified_gmt":"2023-03-15T12:47:13","slug":"zentrierungs-und-drehmodule","status":"publish","type":"product","link":"https:\/\/lipro.pro\/de\/product\/zentrierungs-und-drehmodule\/","title":{"rendered":"Positionierungs und drehmodule"},"content":{"rendered":"<p>Wenn es notwendig ist, nach pr\u00e4zisen Zentrieren oder Ausrichtungs\u00e4nderung der Palette w\u00e4hrend eines Arbeitsvorgangs zu \u00e4ndern, sollte ein Zentrierungs- oder Drehmodul verwendet werden.<\/p>\n<p>*F\u00fcr weitere Informationen und Sonderausf\u00fchrungen wenden Sie sich bitte an den technischen Dienst.<\/p>\n","protected":false},"excerpt":{"rendered":"<p>Wenn es notwendig ist, nach pr\u00e4zisen Zentrieren oder Ausrichtungs\u00e4nderung der Palette w\u00e4hrend eines Arbeitsvorgangs zu \u00e4ndern, sollte ein Zentrierungs- oder Drehmodul verwendet werden.<\/p>\n<p>*F\u00fcr weitere Informationen und Sonderausf\u00fchrungen wenden Sie sich bitte an den technischen Dienst.<\/p>\n","protected":false},"featured_media":8858,"parent":0,"template":"","product_category":[98],"class_list":["post-9786","product","type-product","status-publish","has-post-thumbnail","hentry","product_category-foerdersysteme"],"acf":[],"_links":{"self":[{"href":"https:\/\/lipro.pro\/de\/wp-json\/wp\/v2\/product\/9786","targetHints":{"allow":["GET"]}}],"collection":[{"href":"https:\/\/lipro.pro\/de\/wp-json\/wp\/v2\/product"}],"about":[{"href":"https:\/\/lipro.pro\/de\/wp-json\/wp\/v2\/types\/product"}],"wp:featuredmedia":[{"embeddable":true,"href":"https:\/\/lipro.pro\/de\/wp-json\/wp\/v2\/media\/8858"}],"wp:attachment":[{"href":"https:\/\/lipro.pro\/de\/wp-json\/wp\/v2\/media?parent=9786"}],"wp:term":[{"taxonomy":"product_category","embeddable":true,"href":"https:\/\/lipro.pro\/de\/wp-json\/wp\/v2\/product_category?post=9786"}],"curies":[{"name":"wp","href":"https:\/\/api.w.org\/{rel}","templated":true}]}}