{"id":9768,"date":"2022-10-05T06:13:03","date_gmt":"2022-10-05T06:13:03","guid":{"rendered":"https:\/\/lipro.pro\/product\/dvigala\/"},"modified":"2024-11-26T11:54:39","modified_gmt":"2024-11-26T11:54:39","slug":"aufzuege","status":"publish","type":"product","link":"https:\/\/lipro.pro\/de\/product\/aufzuege\/","title":{"rendered":"Aufz\u00fcge"},"content":{"rendered":"<p>Um die Palette entlang der Vertikale von einer F\u00f6rderstrecke auf die Andere zu bewegen, werden Aufz\u00fcge verwendet. Wir verf\u00fcgen \u00fcber 3 Arten von Aufz\u00fcgen: pneumatischer Aufzug 17DP, elektrischer Aufzug 17DE, Spindelaufzug 17DV.<\/p>\n<p>F\u00fcr PSC-90, PSB-60, PSB-90 und auch PSR-50\/60kann jeder Aufzug verwendet werden.<\/p>\n<p>* F\u00fcr Sonderausf\u00fchrungen halten Sie R\u00fccksprache mit unserem technischen Kundendienst.<\/p>\n","protected":false},"excerpt":{"rendered":"<p>Um die Palette entlang der Vertikale von einer F\u00f6rderstrecke auf die Andere zu bewegen, werden Aufz\u00fcge verwendet. Wir verf\u00fcgen \u00fcber 3 Arten von Aufz\u00fcgen: pneumatischer Aufzug 17DP, elektrischer Aufzug 17DE, Spindelaufzug 17DV.<\/p>\n<p>F\u00fcr PSC90, PSB90 und auch PSR50\/60kann jeder Aufzug verwendet werden.<\/p>\n<p>* F\u00fcr Sonderausf\u00fchrungen halten Sie R\u00fccksprache mit unserem technischen Kundendienst.<\/p>\n","protected":false},"featured_media":9116,"parent":0,"template":"","product_category":[98],"class_list":["post-9768","product","type-product","status-publish","has-post-thumbnail","hentry","product_category-foerdersysteme"],"acf":[],"_links":{"self":[{"href":"https:\/\/lipro.pro\/de\/wp-json\/wp\/v2\/product\/9768","targetHints":{"allow":["GET"]}}],"collection":[{"href":"https:\/\/lipro.pro\/de\/wp-json\/wp\/v2\/product"}],"about":[{"href":"https:\/\/lipro.pro\/de\/wp-json\/wp\/v2\/types\/product"}],"wp:featuredmedia":[{"embeddable":true,"href":"https:\/\/lipro.pro\/de\/wp-json\/wp\/v2\/media\/9116"}],"wp:attachment":[{"href":"https:\/\/lipro.pro\/de\/wp-json\/wp\/v2\/media?parent=9768"}],"wp:term":[{"taxonomy":"product_category","embeddable":true,"href":"https:\/\/lipro.pro\/de\/wp-json\/wp\/v2\/product_category?post=9768"}],"curies":[{"name":"wp","href":"https:\/\/api.w.org\/{rel}","templated":true}]}}