{"id":9753,"date":"2022-10-04T13:31:42","date_gmt":"2022-10-04T13:31:42","guid":{"rendered":"https:\/\/lipro.pro\/product\/precni-moduli\/"},"modified":"2023-06-07T11:36:30","modified_gmt":"2023-06-07T11:36:30","slug":"quermodule","status":"publish","type":"product","link":"https:\/\/lipro.pro\/de\/product\/quermodule\/","title":{"rendered":"Quermodule"},"content":{"rendered":"<p>Die Quermodule verwenden Sie, wenn Sie die Palette horizontal um 90\u00b0 von einer Strecke auf die Andere bewegen m\u00f6chten. Die Quermodule verf\u00fcgen \u00fcber einen Pneumatikzylinder f\u00fcr den vertikalen Hub und einen Elektromotor, von dem die Kette oder der Riemen angetrieben werden.<\/p>\n<p>So kann jedes Quermodul sowohl an PSC90 als auch an PSB90verwendet werden.<\/p>\n<p>* Bez\u00fcglich der Ausf\u00fchrung PSR-50\/60 und f\u00fcr Sonderausf\u00fchrungen halten Sie R\u00fccksprache mit unserem technischen Kundendienst.<\/p>\n","protected":false},"excerpt":{"rendered":"<p>Die Quermodule verwenden Sie, wenn Sie die Palette horizontal um 90\u00b0 von einer Strecke auf die Andere bewegen m\u00f6chten. Die Quermodule verf\u00fcgen \u00fcber einen Pneumatikzylinder f\u00fcr den vertikalen Hub und einen Elektromotor, von dem die Kette oder der Riemen angetrieben werden.<\/p>\n<p>So kann jedes Quermodul sowohl an PSC90 als auch an PSB90verwendet werden.<\/p>\n<p>* Bez\u00fcglich der Ausf\u00fchrung PSR-50\/60 und f\u00fcr Sonderausf\u00fchrungen halten Sie R\u00fccksprache mit unserem technischen Kundendienst.<\/p>\n","protected":false},"featured_media":8874,"parent":0,"template":"","product_category":[98],"class_list":["post-9753","product","type-product","status-publish","has-post-thumbnail","hentry","product_category-foerdersysteme"],"acf":[],"_links":{"self":[{"href":"https:\/\/lipro.pro\/de\/wp-json\/wp\/v2\/product\/9753","targetHints":{"allow":["GET"]}}],"collection":[{"href":"https:\/\/lipro.pro\/de\/wp-json\/wp\/v2\/product"}],"about":[{"href":"https:\/\/lipro.pro\/de\/wp-json\/wp\/v2\/types\/product"}],"wp:featuredmedia":[{"embeddable":true,"href":"https:\/\/lipro.pro\/de\/wp-json\/wp\/v2\/media\/8874"}],"wp:attachment":[{"href":"https:\/\/lipro.pro\/de\/wp-json\/wp\/v2\/media?parent=9753"}],"wp:term":[{"taxonomy":"product_category","embeddable":true,"href":"https:\/\/lipro.pro\/de\/wp-json\/wp\/v2\/product_category?post=9753"}],"curies":[{"name":"wp","href":"https:\/\/api.w.org\/{rel}","templated":true}]}}