{"id":7102,"date":"2022-01-18T10:43:56","date_gmt":"2022-01-18T10:43:56","guid":{"rendered":"http:\/\/lipro.razvija.se\/product\/pribor\/"},"modified":"2022-10-17T10:27:54","modified_gmt":"2022-10-17T10:27:54","slug":"zubehoer","status":"publish","type":"product","link":"https:\/\/lipro.pro\/de\/product\/zubehoer\/","title":{"rendered":"Zubeh\u00f6r"},"content":{"rendered":"<p>Die F\u00f6rderer k\u00f6nnen bei der Bestellung oder nachtr\u00e4glich mit verschiedenem Zubeh\u00f6rteilen (z. B. Tragegestellen, zus\u00e4tzlichen St\u00fctzachsen, einstellbaren Seitenteilen, Endanschl\u00e4gen, Sensortr\u00e4gern, Tr\u00f6gen in verschiedenen Formen, Lenksystemen\u2026) zus\u00e4tzlich ausgestattet werden..<\/p>\n","protected":false},"excerpt":{"rendered":"<p>Die F\u00f6rderer k\u00f6nnen bei der Bestellung oder nachtr\u00e4glich mit verschiedenem Zubeh\u00f6rteilen (z. B. Tragegestellen, zus\u00e4tzlichen St\u00fctzachsen, einstellbaren Seitenteilen, Endanschl\u00e4gen, Sensortr\u00e4gern, Tr\u00f6gen in verschiedenen Formen, Lenksystemen\u2026) zus\u00e4tzlich ausgestattet werden..<\/p>\n","protected":false},"featured_media":9514,"parent":0,"template":"","product_category":[112],"class_list":["post-7102","product","type-product","status-publish","has-post-thumbnail","hentry","product_category-foerderer"],"acf":[],"_links":{"self":[{"href":"https:\/\/lipro.pro\/de\/wp-json\/wp\/v2\/product\/7102","targetHints":{"allow":["GET"]}}],"collection":[{"href":"https:\/\/lipro.pro\/de\/wp-json\/wp\/v2\/product"}],"about":[{"href":"https:\/\/lipro.pro\/de\/wp-json\/wp\/v2\/types\/product"}],"wp:featuredmedia":[{"embeddable":true,"href":"https:\/\/lipro.pro\/de\/wp-json\/wp\/v2\/media\/9514"}],"wp:attachment":[{"href":"https:\/\/lipro.pro\/de\/wp-json\/wp\/v2\/media?parent=7102"}],"wp:term":[{"taxonomy":"product_category","embeddable":true,"href":"https:\/\/lipro.pro\/de\/wp-json\/wp\/v2\/product_category?post=7102"}],"curies":[{"name":"wp","href":"https:\/\/api.w.org\/{rel}","templated":true}]}}