{"id":7090,"date":"2022-01-18T10:41:44","date_gmt":"2022-01-18T10:41:44","guid":{"rendered":"http:\/\/lipro.razvija.se\/product\/tb90\/"},"modified":"2024-10-10T10:11:55","modified_gmt":"2024-10-10T10:11:55","slug":"tb90","status":"publish","type":"product","link":"https:\/\/lipro.pro\/de\/product\/tb90\/","title":{"rendered":"TB90"},"content":{"rendered":"<p>Die F\u00f6rderer vom Typ TB90 sind f\u00fcr Belastungen mit einer Transportkapazit\u00e4t auf dem F\u00f6rderer von max. 180 kg geeignet.<\/p>\n<p>Bei der Auswahl des richtigen F\u00f6rderers spielen viele Parameter (L\u00e4nge, Breite, Art der Last u. a.) eine Rolle, weshalb wir Ihnen ein Beratungsgespr\u00e4ch mit unserem technischen Kundendienst empfehlen.<\/p>\n","protected":false},"excerpt":{"rendered":"<p>Die F\u00f6rderer vom Typ TB90 sind f\u00fcr Belastungen mit einer Transportkapazit\u00e4t auf dem F\u00f6rderer von max. 180 kg geeignet.<\/p>\n<p>Bei der Auswahl des richtigen F\u00f6rderers spielen viele Parameter (L\u00e4nge, Breite, Art der Last u. a.) eine Rolle, weshalb wir Ihnen ein Beratungsgespr\u00e4ch mit unserem technischen Kundendienst empfehlen.<\/p>\n","protected":false},"featured_media":9695,"parent":0,"template":"","product_category":[112],"class_list":["post-7090","product","type-product","status-publish","has-post-thumbnail","hentry","product_category-foerderer"],"acf":[],"_links":{"self":[{"href":"https:\/\/lipro.pro\/de\/wp-json\/wp\/v2\/product\/7090","targetHints":{"allow":["GET"]}}],"collection":[{"href":"https:\/\/lipro.pro\/de\/wp-json\/wp\/v2\/product"}],"about":[{"href":"https:\/\/lipro.pro\/de\/wp-json\/wp\/v2\/types\/product"}],"wp:featuredmedia":[{"embeddable":true,"href":"https:\/\/lipro.pro\/de\/wp-json\/wp\/v2\/media\/9695"}],"wp:attachment":[{"href":"https:\/\/lipro.pro\/de\/wp-json\/wp\/v2\/media?parent=7090"}],"wp:term":[{"taxonomy":"product_category","embeddable":true,"href":"https:\/\/lipro.pro\/de\/wp-json\/wp\/v2\/product_category?post=7090"}],"curies":[{"name":"wp","href":"https:\/\/api.w.org\/{rel}","templated":true}]}}