{"id":7059,"date":"2022-01-18T10:40:59","date_gmt":"2022-01-18T10:40:59","guid":{"rendered":"http:\/\/lipro.razvija.se\/product\/tb60\/"},"modified":"2024-10-10T09:52:50","modified_gmt":"2024-10-10T09:52:50","slug":"tb60","status":"publish","type":"product","link":"https:\/\/lipro.pro\/de\/product\/tb60\/","title":{"rendered":"TB60"},"content":{"rendered":"<p>Die F\u00f6rderer vom Typ TB60 sind f\u00fcr Belastungen mit einer Gesamtmasse auf dem F\u00f6rderer von max. 120 kg geeignet.<\/p>\n<p>Bei der Auswahl des richtigen F\u00f6rderers spielen viele Parameter (L\u00e4nge, Breite, Art der Last u. a.) eine Rolle, weshalb wir Ihnen ein Beratungsgespr\u00e4ch mit unserem technischen Kundendienst empfehlen.<\/p>\n","protected":false},"excerpt":{"rendered":"<p>Die F\u00f6rderer vom Typ TB60 sind f\u00fcr Belastungen mit einer Gesamtmasse auf dem F\u00f6rderer von max. 120 kg geeignet.<\/p>\n<p>Bei der Auswahl des richtigen F\u00f6rderers spielen viele Parameter (L\u00e4nge, Breite, Art der Last u. a.) eine Rolle, weshalb wir Ihnen ein Beratungsgespr\u00e4ch mit unserem technischen Kundendienst empfehlen.<\/p>\n","protected":false},"featured_media":10513,"parent":0,"template":"","product_category":[112],"class_list":["post-7059","product","type-product","status-publish","has-post-thumbnail","hentry","product_category-foerderer"],"acf":[],"_links":{"self":[{"href":"https:\/\/lipro.pro\/de\/wp-json\/wp\/v2\/product\/7059","targetHints":{"allow":["GET"]}}],"collection":[{"href":"https:\/\/lipro.pro\/de\/wp-json\/wp\/v2\/product"}],"about":[{"href":"https:\/\/lipro.pro\/de\/wp-json\/wp\/v2\/types\/product"}],"wp:featuredmedia":[{"embeddable":true,"href":"https:\/\/lipro.pro\/de\/wp-json\/wp\/v2\/media\/10513"}],"wp:attachment":[{"href":"https:\/\/lipro.pro\/de\/wp-json\/wp\/v2\/media?parent=7059"}],"wp:term":[{"taxonomy":"product_category","embeddable":true,"href":"https:\/\/lipro.pro\/de\/wp-json\/wp\/v2\/product_category?post=7059"}],"curies":[{"name":"wp","href":"https:\/\/api.w.org\/{rel}","templated":true}]}}