{"id":7017,"date":"2022-01-18T10:38:24","date_gmt":"2022-01-18T10:38:24","guid":{"rendered":"http:\/\/lipro.razvija.se\/product\/tb30\/"},"modified":"2024-10-10T08:53:38","modified_gmt":"2024-10-10T08:53:38","slug":"tb30","status":"publish","type":"product","link":"https:\/\/lipro.pro\/de\/product\/tb30\/","title":{"rendered":"TB30"},"content":{"rendered":"<p>Die F\u00f6rderer vom Typ TB30 eignen sich f\u00fcr Belastungen mit einer Gesamtmasse auf dem F\u00f6rderer von max. 60 kg.<\/p>\n<p>Bei der Auswahl des richtigen F\u00f6rderers spielen viele Parameter (L\u00e4nge, Breite, Art der Last u. a.) eine Rolle, weshalb wir Ihnen ein Beratungsgespr\u00e4ch mit unserem technischen Kundendienst empfehlen.<\/p>\n","protected":false},"excerpt":{"rendered":"<p>Die F\u00f6rderer vom Typ TB30 eignen sich f\u00fcr Belastungen mit einer Gesamtmasse auf dem F\u00f6rderer von max. 60 kg.<\/p>\n<p>Bei der Auswahl des richtigen F\u00f6rderers spielen viele Parameter (L\u00e4nge, Breite, Art der Last u. a.) eine Rolle, weshalb wir Ihnen ein Beratungsgespr\u00e4ch mit unserem technischen Kundendienst empfehlen.<\/p>\n","protected":false},"featured_media":9727,"parent":0,"template":"","product_category":[112],"class_list":["post-7017","product","type-product","status-publish","has-post-thumbnail","hentry","product_category-foerderer"],"acf":[],"_links":{"self":[{"href":"https:\/\/lipro.pro\/de\/wp-json\/wp\/v2\/product\/7017","targetHints":{"allow":["GET"]}}],"collection":[{"href":"https:\/\/lipro.pro\/de\/wp-json\/wp\/v2\/product"}],"about":[{"href":"https:\/\/lipro.pro\/de\/wp-json\/wp\/v2\/types\/product"}],"wp:featuredmedia":[{"embeddable":true,"href":"https:\/\/lipro.pro\/de\/wp-json\/wp\/v2\/media\/9727"}],"wp:attachment":[{"href":"https:\/\/lipro.pro\/de\/wp-json\/wp\/v2\/media?parent=7017"}],"wp:term":[{"taxonomy":"product_category","embeddable":true,"href":"https:\/\/lipro.pro\/de\/wp-json\/wp\/v2\/product_category?post=7017"}],"curies":[{"name":"wp","href":"https:\/\/api.w.org\/{rel}","templated":true}]}}