{"id":6998,"date":"2022-01-18T13:41:54","date_gmt":"2022-01-18T13:41:54","guid":{"rendered":"http:\/\/lipro.razvija.se\/product\/zascite\/"},"modified":"2022-10-19T06:01:16","modified_gmt":"2022-10-19T06:01:16","slug":"schutzvorrichtungen","status":"publish","type":"product","link":"https:\/\/lipro.pro\/de\/product\/schutzvorrichtungen\/","title":{"rendered":"Schutzvorrichtungen"},"content":{"rendered":"<p>Schutzvorrichtungen aus Aluprofilen sind die beste L\u00f6sung zum Absichern der einzelnen Arbeitsprozesse.<\/p>\n<p>In der Regel verwenden wir als F\u00fcllstoff ein verzinkte oder gef\u00e4rbte Gitter bzw. auf Wunsch auch andere F\u00fcllstoffe.<\/p>\n","protected":false},"excerpt":{"rendered":"<p>Schutzvorrichtungen aus Aluprofilen sind die beste L\u00f6sung zum Absichern der einzelnen Arbeitsprozesse.<\/p>\n<p>In der Regel verwenden wir als F\u00fcllstoff ein verzinkte oder gef\u00e4rbte Gitter bzw. auf Wunsch auch andere F\u00fcllstoffe.<\/p>\n","protected":false},"featured_media":9433,"parent":0,"template":"","product_category":[105],"class_list":["post-6998","product","type-product","status-publish","has-post-thumbnail","hentry","product_category-modulare-systeme"],"acf":[],"_links":{"self":[{"href":"https:\/\/lipro.pro\/de\/wp-json\/wp\/v2\/product\/6998","targetHints":{"allow":["GET"]}}],"collection":[{"href":"https:\/\/lipro.pro\/de\/wp-json\/wp\/v2\/product"}],"about":[{"href":"https:\/\/lipro.pro\/de\/wp-json\/wp\/v2\/types\/product"}],"wp:featuredmedia":[{"embeddable":true,"href":"https:\/\/lipro.pro\/de\/wp-json\/wp\/v2\/media\/9433"}],"wp:attachment":[{"href":"https:\/\/lipro.pro\/de\/wp-json\/wp\/v2\/media?parent=6998"}],"wp:term":[{"taxonomy":"product_category","embeddable":true,"href":"https:\/\/lipro.pro\/de\/wp-json\/wp\/v2\/product_category?post=6998"}],"curies":[{"name":"wp","href":"https:\/\/api.w.org\/{rel}","templated":true}]}}